{"id":18274,"date":"2018-07-13T15:34:38","date_gmt":"2018-07-13T15:34:38","guid":{"rendered":"https:\/\/www.fcfamalicao.pt\/presidentes\/"},"modified":"2026-03-05T16:39:09","modified_gmt":"2026-03-05T16:39:09","slug":"presidentes","status":"publish","type":"page","link":"https:\/\/www.fcfamalicao.pt\/en\/instituicao\/clube\/presidentes\/","title":{"rendered":"Presidentes"},"content":{"rendered":"<p>2023 JOS\u00c9 MOTA PINA FERREIRA<br \/>\n2015\/23 JOAQUIM JORGE ALVES SILVA<br \/>\n2013\/15 JOS\u00c9 MOTA PINA FERREIRA<br \/>\n2009\/13 JO\u00c3O ANTONIO SILVA ARA\u00daJO<br \/>\n2008\/09 CARLOS ANT\u00d3NIO MAIA CARREIRA<br \/>\n2007\/08 JOS\u00c9 PEREIRA CARNEIRO DA SILVA<br \/>\n2006\/07 JOS\u00c9 LUIS MOREIRA MARTINS<br \/>\n2002\/06 CONSTANTINO DA COSTA GOMES<br \/>\n2002\/02 ANDR\u00c9 VIEIRA DE CASTRO<br \/>\n1998\/02 MANUEL MONIZ AZEVEDO<br \/>\n1998\/98 ANT\u00d3NIO JOAQUIM MACEDO TEIXEIRA<br \/>\n1997\/98 CONSTANTINO DA COSTA GOMES<br \/>\n1994\/97 MANUEL MONIZ AZEVEDO<br \/>\n1994\/94 CLOVIS REMIGIO DE SOUSA<br \/>\n1993\/94 DOMINGOS LOPES DE CASTRO<br \/>\n1992\/93 CONSTANTINO DA COSTA GOMES<br \/>\n1991\/92 JOAQUIM VIRGILIO L. ALMEIDA COSTA<br \/>\n1990\/91 FERNANDO ARMINDO ALVES COSTA<br \/>\n1989\/90 NUNO CASTRO CARVALHO<br \/>\n1987\/89 FERNANDO ARMINDO ALVES COSTA<br \/>\n1985\/87 JOAQUIM VIRGILIO L. ALMEIDA COSTA<br \/>\n1983\/85 DOMINGOS LOPES DE CASTRO<br \/>\n1982\/83 AFONSO HENRIQUES MARQUES QUEIROS<br \/>\n1981\/82 DOMINGOS CARVALHO MACHADO<br \/>\n1980\/81 M\u00c1RIO MOTA REIS<br \/>\n1979\/80 CARLOS MANUEL PEREIRA PINHO<br \/>\n1979\/79 ARLINDO FERREIRA DA SILVA<br \/>\n1978\/79 ALVARO GIL AREIAS MARQUES<br \/>\n1977\/78 JOS\u00c9 MESQUITA OLIVEIRA<br \/>\n1976\/77 ARMINDO ALVES DA FONSECA<br \/>\n1976\/76 FRANCISCO BESSA PINTO CARDOSO<br \/>\n1975\/76 CLOVIS REMIGIO DE SOUSA<br \/>\n1973\/75 MANUEL ORTIGA DA CUNHA<br \/>\n1973\/73 ALVARO GIL AREIAS MARQUES<br \/>\n1969\/73 LUIS GON\u00c7ALVES<br \/>\n1968\/69 ALBERTO CALISTO<br \/>\n1967\/68 JOS\u00c9 RIBEIRO BARBOSA TORRES<br \/>\n1966\/67 CAMILO CARVALHO FONSECA<br \/>\n1966\/66 ANT\u00d3NIO PINTO MALHEIRO<br \/>\n1965\/66 DURVAL FERREIRA<br \/>\n1965\/65 HEITOR CARVALHO<br \/>\n1963\/65 GABRISL A. S. COUTO<br \/>\n1963\/63 ANT\u00d3NIO SILVA BARBOSA<br \/>\n1959\/63 LUIS GON\u00c7ALVES<br \/>\n1957\/59 LUIS DUARTE SANTOS AGUIAR<br \/>\n1956\/57 OSCAR MANUEL ILH\u00c3O PEIXOTO<br \/>\n1954\/56 RAUL BEZERRA<br \/>\n1952\/54 EDUARDO PEREIRA LEMOS<br \/>\n1951\/52 JOS\u00c9 CASIMIRO DA SILVA<br \/>\n1950\/51 EDUARDO PEREIRA LEMOS<br \/>\n1946\/50 JOS\u00c9 CASIMIRO DA SILVA<br \/>\n1945\/46 MANUEL GON\u00c7ALVES<br \/>\n1943\/45 HEITOR CARVALHO<br \/>\n1941\/43 ARLINDO MESQUITA<br \/>\n1940\/41 JOS\u00c9 PAUP\u00c9RIO<br \/>\n1940\/40 MANUEL SILVA BRAND\u00c3O<br \/>\n1938\/40 JOAQUIM MALVAR RAMOS<br \/>\n1935\/38 JOS\u00c9 TEIXEIRA<br \/>\n1934\/35 AMADEU MESQUITA<br \/>\n1931\/34 JOS\u00c9 ALVES MARINHO<\/p>\n","protected":false},"excerpt":{"rendered":"<p>2023 JOS\u00c9 MOTA PINA FERREIRA 2015\/23 JOAQUIM JORGE ALVES SILVA 2013\/15 JOS\u00c9 MOTA PINA FERREIRA 2009\/13 JO\u00c3O ANTONIO SILVA ARA\u00daJO 2008\/09 CARLOS ANT\u00d3NIO MAIA CARREIRA 2007\/08 JOS\u00c9 PEREIRA CARNEIRO DA SILVA 2006\/07 JOS\u00c9 LUIS MOREIRA MARTINS 2002\/06 CONSTANTINO DA COSTA GOMES 2002\/02 ANDR\u00c9 VIEIRA DE CASTRO 1998\/02 MANUEL MONIZ AZEVEDO&hellip;<\/p>\n","protected":false},"author":1,"featured_media":0,"parent":18293,"menu_order":108,"comment_status":"closed","ping_status":"closed","template":"","meta":{"_acf_changed":false,"footnotes":""},"class_list":["post-18274","page","type-page","status-publish","hentry"],"acf":[],"yoast_head":"<!-- This site is optimized with the Yoast SEO plugin v27.1.1 - https:\/\/yoast.com\/product\/yoast-seo-wordpress\/ -->\n<title>Presidentes - FC Famalic\u00e3o<\/title>\n<meta name=\"robots\" content=\"index, follow, max-snippet:-1, max-image-preview:large, max-video-preview:-1\" \/>\n<link rel=\"canonical\" href=\"https:\/\/www.fcfamalicao.pt\/en\/instituicao\/clube\/presidentes\/\" \/>\n<meta property=\"og:locale\" content=\"en_US\" \/>\n<meta property=\"og:type\" content=\"article\" \/>\n<meta property=\"og:title\" content=\"Presidentes - FC Famalic\u00e3o\" \/>\n<meta property=\"og:description\" content=\"2023 JOS\u00c9 MOTA PINA FERREIRA 2015\/23 JOAQUIM JORGE ALVES SILVA 2013\/15 JOS\u00c9 MOTA PINA FERREIRA 2009\/13 JO\u00c3O ANTONIO SILVA ARA\u00daJO 2008\/09 CARLOS ANT\u00d3NIO MAIA CARREIRA 2007\/08 JOS\u00c9 PEREIRA CARNEIRO DA SILVA 2006\/07 JOS\u00c9 LUIS MOREIRA MARTINS 2002\/06 CONSTANTINO DA COSTA GOMES 2002\/02 ANDR\u00c9 VIEIRA DE CASTRO 1998\/02 MANUEL MONIZ AZEVEDO&hellip;\" \/>\n<meta property=\"og:url\" content=\"https:\/\/www.fcfamalicao.pt\/en\/instituicao\/clube\/presidentes\/\" \/>\n<meta property=\"og:site_name\" content=\"FC Famalic\u00e3o\" \/>\n<meta property=\"article:publisher\" content=\"https:\/\/www.facebook.com\/FCFamalicao\/\" \/>\n<meta property=\"article:modified_time\" content=\"2026-03-05T16:39:09+00:00\" \/>\n<meta name=\"twitter:card\" content=\"summary_large_image\" \/>\n<meta name=\"twitter:site\" content=\"@fcf1931_oficial\" \/>\n<meta name=\"twitter:label1\" content=\"Est. reading time\" \/>\n\t<meta name=\"twitter:data1\" content=\"2 minutes\" \/>\n<script type=\"application\/ld+json\" class=\"yoast-schema-graph\">{\"@context\":\"https:\/\/schema.org\",\"@graph\":[{\"@type\":\"WebPage\",\"@id\":\"https:\/\/www.fcfamalicao.pt\/en\/instituicao\/clube\/presidentes\/\",\"url\":\"https:\/\/www.fcfamalicao.pt\/en\/instituicao\/clube\/presidentes\/\",\"name\":\"Presidentes - FC Famalic\u00e3o\",\"isPartOf\":{\"@id\":\"https:\/\/www.fcfamalicao.pt\/en\/#website\"},\"datePublished\":\"2018-07-13T15:34:38+00:00\",\"dateModified\":\"2026-03-05T16:39:09+00:00\",\"breadcrumb\":{\"@id\":\"https:\/\/www.fcfamalicao.pt\/en\/instituicao\/clube\/presidentes\/#breadcrumb\"},\"inLanguage\":\"en-US\",\"potentialAction\":[{\"@type\":\"ReadAction\",\"target\":[\"https:\/\/www.fcfamalicao.pt\/en\/instituicao\/clube\/presidentes\/\"]}]},{\"@type\":\"BreadcrumbList\",\"@id\":\"https:\/\/www.fcfamalicao.pt\/en\/instituicao\/clube\/presidentes\/#breadcrumb\",\"itemListElement\":[{\"@type\":\"ListItem\",\"position\":1,\"name\":\"Home\",\"item\":\"https:\/\/www.fcfamalicao.pt\/en\/\"},{\"@type\":\"ListItem\",\"position\":2,\"name\":\"Clube\",\"item\":\"https:\/\/www.fcfamalicao.pt\/en\/clube\/\"},{\"@type\":\"ListItem\",\"position\":3,\"name\":\"Presidentes\"}]},{\"@type\":\"WebSite\",\"@id\":\"https:\/\/www.fcfamalicao.pt\/en\/#website\",\"url\":\"https:\/\/www.fcfamalicao.pt\/en\/\",\"name\":\"FC Famalic\u00e3o\",\"description\":\"Site oficial do Futebol Clube Famalic\u00e3o. #AMORDEPERDI\u00c7\u00c3O\",\"publisher\":{\"@id\":\"https:\/\/www.fcfamalicao.pt\/en\/#organization\"},\"potentialAction\":[{\"@type\":\"SearchAction\",\"target\":{\"@type\":\"EntryPoint\",\"urlTemplate\":\"https:\/\/www.fcfamalicao.pt\/en\/?s={search_term_string}\"},\"query-input\":{\"@type\":\"PropertyValueSpecification\",\"valueRequired\":true,\"valueName\":\"search_term_string\"}}],\"inLanguage\":\"en-US\"},{\"@type\":\"Organization\",\"@id\":\"https:\/\/www.fcfamalicao.pt\/en\/#organization\",\"name\":\"FC Famalic\u00e3o\",\"url\":\"https:\/\/www.fcfamalicao.pt\/en\/\",\"logo\":{\"@type\":\"ImageObject\",\"inLanguage\":\"en-US\",\"@id\":\"https:\/\/www.fcfamalicao.pt\/en\/#\/schema\/logo\/image\/\",\"url\":\"https:\/\/www.fcfamalicao.pt\/wp-content\/uploads\/2018\/11\/fcf-logo.png\",\"contentUrl\":\"https:\/\/www.fcfamalicao.pt\/wp-content\/uploads\/2018\/11\/fcf-logo.png\",\"width\":150,\"height\":143,\"caption\":\"FC Famalic\u00e3o\"},\"image\":{\"@id\":\"https:\/\/www.fcfamalicao.pt\/en\/#\/schema\/logo\/image\/\"},\"sameAs\":[\"https:\/\/www.facebook.com\/FCFamalicao\/\",\"https:\/\/x.com\/fcf1931_oficial\",\"https:\/\/www.instagram.com\/futebolclubefamalicao\/\",\"https:\/\/www.youtube.com\/FCFamalicao1931\"]}]}<\/script>\n<!-- \/ Yoast SEO plugin. -->","yoast_head_json":{"title":"Presidentes - FC Famalic\u00e3o","robots":{"index":"index","follow":"follow","max-snippet":"max-snippet:-1","max-image-preview":"max-image-preview:large","max-video-preview":"max-video-preview:-1"},"canonical":"https:\/\/www.fcfamalicao.pt\/en\/instituicao\/clube\/presidentes\/","og_locale":"en_US","og_type":"article","og_title":"Presidentes - FC Famalic\u00e3o","og_description":"2023 JOS\u00c9 MOTA PINA FERREIRA 2015\/23 JOAQUIM JORGE ALVES SILVA 2013\/15 JOS\u00c9 MOTA PINA FERREIRA 2009\/13 JO\u00c3O ANTONIO SILVA ARA\u00daJO 2008\/09 CARLOS ANT\u00d3NIO MAIA CARREIRA 2007\/08 JOS\u00c9 PEREIRA CARNEIRO DA SILVA 2006\/07 JOS\u00c9 LUIS MOREIRA MARTINS 2002\/06 CONSTANTINO DA COSTA GOMES 2002\/02 ANDR\u00c9 VIEIRA DE CASTRO 1998\/02 MANUEL MONIZ AZEVEDO&hellip;","og_url":"https:\/\/www.fcfamalicao.pt\/en\/instituicao\/clube\/presidentes\/","og_site_name":"FC Famalic\u00e3o","article_publisher":"https:\/\/www.facebook.com\/FCFamalicao\/","article_modified_time":"2026-03-05T16:39:09+00:00","twitter_card":"summary_large_image","twitter_site":"@fcf1931_oficial","twitter_misc":{"Est. reading time":"2 minutes"},"schema":{"@context":"https:\/\/schema.org","@graph":[{"@type":"WebPage","@id":"https:\/\/www.fcfamalicao.pt\/en\/instituicao\/clube\/presidentes\/","url":"https:\/\/www.fcfamalicao.pt\/en\/instituicao\/clube\/presidentes\/","name":"Presidentes - FC Famalic\u00e3o","isPartOf":{"@id":"https:\/\/www.fcfamalicao.pt\/en\/#website"},"datePublished":"2018-07-13T15:34:38+00:00","dateModified":"2026-03-05T16:39:09+00:00","breadcrumb":{"@id":"https:\/\/www.fcfamalicao.pt\/en\/instituicao\/clube\/presidentes\/#breadcrumb"},"inLanguage":"en-US","potentialAction":[{"@type":"ReadAction","target":["https:\/\/www.fcfamalicao.pt\/en\/instituicao\/clube\/presidentes\/"]}]},{"@type":"BreadcrumbList","@id":"https:\/\/www.fcfamalicao.pt\/en\/instituicao\/clube\/presidentes\/#breadcrumb","itemListElement":[{"@type":"ListItem","position":1,"name":"Home","item":"https:\/\/www.fcfamalicao.pt\/en\/"},{"@type":"ListItem","position":2,"name":"Clube","item":"https:\/\/www.fcfamalicao.pt\/en\/clube\/"},{"@type":"ListItem","position":3,"name":"Presidentes"}]},{"@type":"WebSite","@id":"https:\/\/www.fcfamalicao.pt\/en\/#website","url":"https:\/\/www.fcfamalicao.pt\/en\/","name":"FC Famalic\u00e3o","description":"Site oficial do Futebol Clube Famalic\u00e3o. #AMORDEPERDI\u00c7\u00c3O","publisher":{"@id":"https:\/\/www.fcfamalicao.pt\/en\/#organization"},"potentialAction":[{"@type":"SearchAction","target":{"@type":"EntryPoint","urlTemplate":"https:\/\/www.fcfamalicao.pt\/en\/?s={search_term_string}"},"query-input":{"@type":"PropertyValueSpecification","valueRequired":true,"valueName":"search_term_string"}}],"inLanguage":"en-US"},{"@type":"Organization","@id":"https:\/\/www.fcfamalicao.pt\/en\/#organization","name":"FC Famalic\u00e3o","url":"https:\/\/www.fcfamalicao.pt\/en\/","logo":{"@type":"ImageObject","inLanguage":"en-US","@id":"https:\/\/www.fcfamalicao.pt\/en\/#\/schema\/logo\/image\/","url":"https:\/\/www.fcfamalicao.pt\/wp-content\/uploads\/2018\/11\/fcf-logo.png","contentUrl":"https:\/\/www.fcfamalicao.pt\/wp-content\/uploads\/2018\/11\/fcf-logo.png","width":150,"height":143,"caption":"FC Famalic\u00e3o"},"image":{"@id":"https:\/\/www.fcfamalicao.pt\/en\/#\/schema\/logo\/image\/"},"sameAs":["https:\/\/www.facebook.com\/FCFamalicao\/","https:\/\/x.com\/fcf1931_oficial","https:\/\/www.instagram.com\/futebolclubefamalicao\/","https:\/\/www.youtube.com\/FCFamalicao1931"]}]}},"_links":{"self":[{"href":"https:\/\/www.fcfamalicao.pt\/en\/wp-json\/wp\/v2\/pages\/18274","targetHints":{"allow":["GET"]}}],"collection":[{"href":"https:\/\/www.fcfamalicao.pt\/en\/wp-json\/wp\/v2\/pages"}],"about":[{"href":"https:\/\/www.fcfamalicao.pt\/en\/wp-json\/wp\/v2\/types\/page"}],"author":[{"embeddable":true,"href":"https:\/\/www.fcfamalicao.pt\/en\/wp-json\/wp\/v2\/users\/1"}],"replies":[{"embeddable":true,"href":"https:\/\/www.fcfamalicao.pt\/en\/wp-json\/wp\/v2\/comments?post=18274"}],"version-history":[{"count":2,"href":"https:\/\/www.fcfamalicao.pt\/en\/wp-json\/wp\/v2\/pages\/18274\/revisions"}],"predecessor-version":[{"id":55670,"href":"https:\/\/www.fcfamalicao.pt\/en\/wp-json\/wp\/v2\/pages\/18274\/revisions\/55670"}],"up":[{"embeddable":true,"href":"https:\/\/www.fcfamalicao.pt\/en\/wp-json\/wp\/v2\/pages\/18293"}],"wp:attachment":[{"href":"https:\/\/www.fcfamalicao.pt\/en\/wp-json\/wp\/v2\/media?parent=18274"}],"curies":[{"name":"wp","href":"https:\/\/api.w.org\/{rel}","templated":true}]}}