{"id":18276,"date":"2018-07-13T15:35:42","date_gmt":"2018-07-13T15:35:42","guid":{"rendered":"https:\/\/www.fcfamalicao.pt\/orgaos-sociais\/"},"modified":"2026-03-05T16:44:50","modified_gmt":"2026-03-05T16:44:50","slug":"social-entities","status":"publish","type":"page","link":"https:\/\/www.fcfamalicao.pt\/en\/instituicao\/clube\/social-entities\/","title":{"rendered":"Social Entities"},"content":{"rendered":"<p><strong>Board of Directors:<\/strong><br \/>\nPresident &#8211; Jos\u00e9 Pina Ferreira<br data-start=\"55\" data-end=\"58\" data-is-only-node=\"\" \/>Vice President &#8211; Pedro Mesquita<br data-start=\"88\" data-end=\"91\" \/>Vice President &#8211; Jos\u00e9 Costa<br data-start=\"117\" data-end=\"120\" \/>Secretary General &#8211; Rui Azevedo<br data-start=\"150\" data-end=\"153\" \/>Secretary General &#8211; Artur Marques<br data-start=\"185\" data-end=\"188\" \/>Treasurer &#8211; Marco Silva<br data-start=\"210\" data-end=\"213\" \/>Treasurer &#8211; Artur Junqueira<\/p>\n<p><strong>Supervisory Board:<\/strong><br \/>\nPresident &#8211; Ant\u00f3nio Vieira<br data-start=\"293\" data-end=\"296\" data-is-only-node=\"\" \/>Vice President &#8211; Jo\u00e3o Machado<br data-start=\"324\" data-end=\"327\" \/>Vice President &#8211; Maria Marques<\/p>\n<p><strong>General Meeting:<\/strong><br \/>\nPresident &#8211; Jo\u00e3o Ara\u00fajo<br data-start=\"406\" data-end=\"409\" data-is-only-node=\"\" \/>Vice President &#8211; Liliana Pereira<br data-start=\"440\" data-end=\"443\" \/>Vice President &#8211; Jo\u00e3o Pedro Ara\u00fajo<br data-start=\"476\" data-end=\"479\" \/>Secretary &#8211; Jo\u00e3o Mesquita<\/p>\n","protected":false},"excerpt":{"rendered":"<p>Board of Directors: President &#8211; Jos\u00e9 Pina FerreiraVice President &#8211; Pedro MesquitaVice President &#8211; Jos\u00e9 CostaSecretary General &#8211; Rui AzevedoSecretary General &#8211; Artur MarquesTreasurer &#8211; Marco SilvaTreasurer &#8211; Artur Junqueira Supervisory Board: President &#8211; Ant\u00f3nio VieiraVice President &#8211; Jo\u00e3o MachadoVice President &#8211; Maria Marques General Meeting: President &#8211; Jo\u00e3o Ara\u00fajoVice&hellip;<\/p>\n","protected":false},"author":1,"featured_media":32491,"parent":18293,"menu_order":106,"comment_status":"closed","ping_status":"closed","template":"","meta":{"_acf_changed":false,"footnotes":""},"class_list":["post-18276","page","type-page","status-publish","has-post-thumbnail","hentry"],"acf":[],"yoast_head":"<!-- This site is optimized with the Yoast SEO plugin v27.1.1 - https:\/\/yoast.com\/product\/yoast-seo-wordpress\/ -->\n<title>Social Entities - FC Famalic\u00e3o<\/title>\n<meta name=\"robots\" content=\"index, follow, max-snippet:-1, max-image-preview:large, max-video-preview:-1\" \/>\n<link rel=\"canonical\" href=\"https:\/\/www.fcfamalicao.pt\/en\/instituicao\/clube\/social-entities\/\" \/>\n<meta property=\"og:locale\" content=\"en_US\" \/>\n<meta property=\"og:type\" content=\"article\" \/>\n<meta property=\"og:title\" content=\"Social Entities - FC Famalic\u00e3o\" \/>\n<meta property=\"og:description\" content=\"Board of Directors: President &#8211; Jos\u00e9 Pina FerreiraVice President &#8211; Pedro MesquitaVice President &#8211; Jos\u00e9 CostaSecretary General &#8211; Rui AzevedoSecretary General &#8211; Artur MarquesTreasurer &#8211; Marco SilvaTreasurer &#8211; Artur Junqueira Supervisory Board: President &#8211; Ant\u00f3nio VieiraVice President &#8211; Jo\u00e3o MachadoVice President &#8211; Maria Marques General Meeting: President &#8211; Jo\u00e3o Ara\u00fajoVice&hellip;\" \/>\n<meta property=\"og:url\" content=\"https:\/\/www.fcfamalicao.pt\/en\/instituicao\/clube\/social-entities\/\" \/>\n<meta property=\"og:site_name\" content=\"FC Famalic\u00e3o\" \/>\n<meta property=\"article:publisher\" content=\"https:\/\/www.facebook.com\/FCFamalicao\/\" \/>\n<meta property=\"article:modified_time\" content=\"2026-03-05T16:44:50+00:00\" \/>\n<meta property=\"og:image\" content=\"https:\/\/www.fcfamalicao.pt\/wp-content\/uploads\/2023\/11\/Pina-Ferreira-1-scaled.jpg\" \/>\n\t<meta property=\"og:image:width\" content=\"2560\" \/>\n\t<meta property=\"og:image:height\" content=\"1246\" \/>\n\t<meta property=\"og:image:type\" content=\"image\/jpeg\" \/>\n<meta name=\"twitter:card\" content=\"summary_large_image\" \/>\n<meta name=\"twitter:site\" content=\"@fcf1931_oficial\" \/>\n<meta name=\"twitter:label1\" content=\"Est. reading time\" \/>\n\t<meta name=\"twitter:data1\" content=\"1 minute\" \/>\n<script type=\"application\/ld+json\" class=\"yoast-schema-graph\">{\"@context\":\"https:\/\/schema.org\",\"@graph\":[{\"@type\":\"WebPage\",\"@id\":\"https:\/\/www.fcfamalicao.pt\/en\/instituicao\/clube\/social-entities\/\",\"url\":\"https:\/\/www.fcfamalicao.pt\/en\/instituicao\/clube\/social-entities\/\",\"name\":\"Social Entities - FC Famalic\u00e3o\",\"isPartOf\":{\"@id\":\"https:\/\/www.fcfamalicao.pt\/en\/#website\"},\"primaryImageOfPage\":{\"@id\":\"https:\/\/www.fcfamalicao.pt\/en\/instituicao\/clube\/social-entities\/#primaryimage\"},\"image\":{\"@id\":\"https:\/\/www.fcfamalicao.pt\/en\/instituicao\/clube\/social-entities\/#primaryimage\"},\"thumbnailUrl\":\"https:\/\/www.fcfamalicao.pt\/wp-content\/uploads\/2023\/11\/Pina-Ferreira-1-scaled.jpg\",\"datePublished\":\"2018-07-13T15:35:42+00:00\",\"dateModified\":\"2026-03-05T16:44:50+00:00\",\"breadcrumb\":{\"@id\":\"https:\/\/www.fcfamalicao.pt\/en\/instituicao\/clube\/social-entities\/#breadcrumb\"},\"inLanguage\":\"en-US\",\"potentialAction\":[{\"@type\":\"ReadAction\",\"target\":[\"https:\/\/www.fcfamalicao.pt\/en\/instituicao\/clube\/social-entities\/\"]}]},{\"@type\":\"ImageObject\",\"inLanguage\":\"en-US\",\"@id\":\"https:\/\/www.fcfamalicao.pt\/en\/instituicao\/clube\/social-entities\/#primaryimage\",\"url\":\"https:\/\/www.fcfamalicao.pt\/wp-content\/uploads\/2023\/11\/Pina-Ferreira-1-scaled.jpg\",\"contentUrl\":\"https:\/\/www.fcfamalicao.pt\/wp-content\/uploads\/2023\/11\/Pina-Ferreira-1-scaled.jpg\",\"width\":2560,\"height\":1246},{\"@type\":\"BreadcrumbList\",\"@id\":\"https:\/\/www.fcfamalicao.pt\/en\/instituicao\/clube\/social-entities\/#breadcrumb\",\"itemListElement\":[{\"@type\":\"ListItem\",\"position\":1,\"name\":\"Home\",\"item\":\"https:\/\/www.fcfamalicao.pt\/en\/\"},{\"@type\":\"ListItem\",\"position\":2,\"name\":\"Clube\",\"item\":\"https:\/\/www.fcfamalicao.pt\/en\/clube\/\"},{\"@type\":\"ListItem\",\"position\":3,\"name\":\"Social Entities\"}]},{\"@type\":\"WebSite\",\"@id\":\"https:\/\/www.fcfamalicao.pt\/en\/#website\",\"url\":\"https:\/\/www.fcfamalicao.pt\/en\/\",\"name\":\"FC Famalic\u00e3o\",\"description\":\"Site oficial do Futebol Clube Famalic\u00e3o. #AMORDEPERDI\u00c7\u00c3O\",\"publisher\":{\"@id\":\"https:\/\/www.fcfamalicao.pt\/en\/#organization\"},\"potentialAction\":[{\"@type\":\"SearchAction\",\"target\":{\"@type\":\"EntryPoint\",\"urlTemplate\":\"https:\/\/www.fcfamalicao.pt\/en\/?s={search_term_string}\"},\"query-input\":{\"@type\":\"PropertyValueSpecification\",\"valueRequired\":true,\"valueName\":\"search_term_string\"}}],\"inLanguage\":\"en-US\"},{\"@type\":\"Organization\",\"@id\":\"https:\/\/www.fcfamalicao.pt\/en\/#organization\",\"name\":\"FC Famalic\u00e3o\",\"url\":\"https:\/\/www.fcfamalicao.pt\/en\/\",\"logo\":{\"@type\":\"ImageObject\",\"inLanguage\":\"en-US\",\"@id\":\"https:\/\/www.fcfamalicao.pt\/en\/#\/schema\/logo\/image\/\",\"url\":\"https:\/\/www.fcfamalicao.pt\/wp-content\/uploads\/2018\/11\/fcf-logo.png\",\"contentUrl\":\"https:\/\/www.fcfamalicao.pt\/wp-content\/uploads\/2018\/11\/fcf-logo.png\",\"width\":150,\"height\":143,\"caption\":\"FC Famalic\u00e3o\"},\"image\":{\"@id\":\"https:\/\/www.fcfamalicao.pt\/en\/#\/schema\/logo\/image\/\"},\"sameAs\":[\"https:\/\/www.facebook.com\/FCFamalicao\/\",\"https:\/\/x.com\/fcf1931_oficial\",\"https:\/\/www.instagram.com\/futebolclubefamalicao\/\",\"https:\/\/www.youtube.com\/FCFamalicao1931\"]}]}<\/script>\n<!-- \/ Yoast SEO plugin. -->","yoast_head_json":{"title":"Social Entities - FC Famalic\u00e3o","robots":{"index":"index","follow":"follow","max-snippet":"max-snippet:-1","max-image-preview":"max-image-preview:large","max-video-preview":"max-video-preview:-1"},"canonical":"https:\/\/www.fcfamalicao.pt\/en\/instituicao\/clube\/social-entities\/","og_locale":"en_US","og_type":"article","og_title":"Social Entities - FC Famalic\u00e3o","og_description":"Board of Directors: President &#8211; Jos\u00e9 Pina FerreiraVice President &#8211; Pedro MesquitaVice President &#8211; Jos\u00e9 CostaSecretary General &#8211; Rui AzevedoSecretary General &#8211; Artur MarquesTreasurer &#8211; Marco SilvaTreasurer &#8211; Artur Junqueira Supervisory Board: President &#8211; Ant\u00f3nio VieiraVice President &#8211; Jo\u00e3o MachadoVice President &#8211; Maria Marques General Meeting: President &#8211; Jo\u00e3o Ara\u00fajoVice&hellip;","og_url":"https:\/\/www.fcfamalicao.pt\/en\/instituicao\/clube\/social-entities\/","og_site_name":"FC Famalic\u00e3o","article_publisher":"https:\/\/www.facebook.com\/FCFamalicao\/","article_modified_time":"2026-03-05T16:44:50+00:00","og_image":[{"width":2560,"height":1246,"url":"https:\/\/www.fcfamalicao.pt\/wp-content\/uploads\/2023\/11\/Pina-Ferreira-1-scaled.jpg","type":"image\/jpeg"}],"twitter_card":"summary_large_image","twitter_site":"@fcf1931_oficial","twitter_misc":{"Est. reading time":"1 minute"},"schema":{"@context":"https:\/\/schema.org","@graph":[{"@type":"WebPage","@id":"https:\/\/www.fcfamalicao.pt\/en\/instituicao\/clube\/social-entities\/","url":"https:\/\/www.fcfamalicao.pt\/en\/instituicao\/clube\/social-entities\/","name":"Social Entities - FC Famalic\u00e3o","isPartOf":{"@id":"https:\/\/www.fcfamalicao.pt\/en\/#website"},"primaryImageOfPage":{"@id":"https:\/\/www.fcfamalicao.pt\/en\/instituicao\/clube\/social-entities\/#primaryimage"},"image":{"@id":"https:\/\/www.fcfamalicao.pt\/en\/instituicao\/clube\/social-entities\/#primaryimage"},"thumbnailUrl":"https:\/\/www.fcfamalicao.pt\/wp-content\/uploads\/2023\/11\/Pina-Ferreira-1-scaled.jpg","datePublished":"2018-07-13T15:35:42+00:00","dateModified":"2026-03-05T16:44:50+00:00","breadcrumb":{"@id":"https:\/\/www.fcfamalicao.pt\/en\/instituicao\/clube\/social-entities\/#breadcrumb"},"inLanguage":"en-US","potentialAction":[{"@type":"ReadAction","target":["https:\/\/www.fcfamalicao.pt\/en\/instituicao\/clube\/social-entities\/"]}]},{"@type":"ImageObject","inLanguage":"en-US","@id":"https:\/\/www.fcfamalicao.pt\/en\/instituicao\/clube\/social-entities\/#primaryimage","url":"https:\/\/www.fcfamalicao.pt\/wp-content\/uploads\/2023\/11\/Pina-Ferreira-1-scaled.jpg","contentUrl":"https:\/\/www.fcfamalicao.pt\/wp-content\/uploads\/2023\/11\/Pina-Ferreira-1-scaled.jpg","width":2560,"height":1246},{"@type":"BreadcrumbList","@id":"https:\/\/www.fcfamalicao.pt\/en\/instituicao\/clube\/social-entities\/#breadcrumb","itemListElement":[{"@type":"ListItem","position":1,"name":"Home","item":"https:\/\/www.fcfamalicao.pt\/en\/"},{"@type":"ListItem","position":2,"name":"Clube","item":"https:\/\/www.fcfamalicao.pt\/en\/clube\/"},{"@type":"ListItem","position":3,"name":"Social Entities"}]},{"@type":"WebSite","@id":"https:\/\/www.fcfamalicao.pt\/en\/#website","url":"https:\/\/www.fcfamalicao.pt\/en\/","name":"FC Famalic\u00e3o","description":"Site oficial do Futebol Clube Famalic\u00e3o. #AMORDEPERDI\u00c7\u00c3O","publisher":{"@id":"https:\/\/www.fcfamalicao.pt\/en\/#organization"},"potentialAction":[{"@type":"SearchAction","target":{"@type":"EntryPoint","urlTemplate":"https:\/\/www.fcfamalicao.pt\/en\/?s={search_term_string}"},"query-input":{"@type":"PropertyValueSpecification","valueRequired":true,"valueName":"search_term_string"}}],"inLanguage":"en-US"},{"@type":"Organization","@id":"https:\/\/www.fcfamalicao.pt\/en\/#organization","name":"FC Famalic\u00e3o","url":"https:\/\/www.fcfamalicao.pt\/en\/","logo":{"@type":"ImageObject","inLanguage":"en-US","@id":"https:\/\/www.fcfamalicao.pt\/en\/#\/schema\/logo\/image\/","url":"https:\/\/www.fcfamalicao.pt\/wp-content\/uploads\/2018\/11\/fcf-logo.png","contentUrl":"https:\/\/www.fcfamalicao.pt\/wp-content\/uploads\/2018\/11\/fcf-logo.png","width":150,"height":143,"caption":"FC Famalic\u00e3o"},"image":{"@id":"https:\/\/www.fcfamalicao.pt\/en\/#\/schema\/logo\/image\/"},"sameAs":["https:\/\/www.facebook.com\/FCFamalicao\/","https:\/\/x.com\/fcf1931_oficial","https:\/\/www.instagram.com\/futebolclubefamalicao\/","https:\/\/www.youtube.com\/FCFamalicao1931"]}]}},"_links":{"self":[{"href":"https:\/\/www.fcfamalicao.pt\/en\/wp-json\/wp\/v2\/pages\/18276","targetHints":{"allow":["GET"]}}],"collection":[{"href":"https:\/\/www.fcfamalicao.pt\/en\/wp-json\/wp\/v2\/pages"}],"about":[{"href":"https:\/\/www.fcfamalicao.pt\/en\/wp-json\/wp\/v2\/types\/page"}],"author":[{"embeddable":true,"href":"https:\/\/www.fcfamalicao.pt\/en\/wp-json\/wp\/v2\/users\/1"}],"replies":[{"embeddable":true,"href":"https:\/\/www.fcfamalicao.pt\/en\/wp-json\/wp\/v2\/comments?post=18276"}],"version-history":[{"count":2,"href":"https:\/\/www.fcfamalicao.pt\/en\/wp-json\/wp\/v2\/pages\/18276\/revisions"}],"predecessor-version":[{"id":55672,"href":"https:\/\/www.fcfamalicao.pt\/en\/wp-json\/wp\/v2\/pages\/18276\/revisions\/55672"}],"up":[{"embeddable":true,"href":"https:\/\/www.fcfamalicao.pt\/en\/wp-json\/wp\/v2\/pages\/18293"}],"wp:featuredmedia":[{"embeddable":true,"href":"https:\/\/www.fcfamalicao.pt\/en\/wp-json\/wp\/v2\/media\/32491"}],"wp:attachment":[{"href":"https:\/\/www.fcfamalicao.pt\/en\/wp-json\/wp\/v2\/media?parent=18276"}],"curies":[{"name":"wp","href":"https:\/\/api.w.org\/{rel}","templated":true}]}}