{"id":18280,"date":"2018-07-13T15:37:41","date_gmt":"2018-07-13T15:37:41","guid":{"rendered":"https:\/\/www.fcfamalicao.pt\/cidade\/"},"modified":"2021-11-08T10:35:30","modified_gmt":"2021-11-08T10:35:30","slug":"city","status":"publish","type":"page","link":"https:\/\/www.fcfamalicao.pt\/en\/instituicao\/clube\/city\/","title":{"rendered":"City"},"content":{"rendered":"[vc_row][vc_column][vc_column_text]Vila Nova de Famalic\u00e3o nasceu para a hist\u00f3ria em 1 de Julho de 1205, com o Foral de D. Sancho I. Alguns historiadores referem que a povoa\u00e7\u00e3o hoje denominada Vila Nova de Famalic\u00e3o j\u00e1 era, nos alvores da nacionalidade portuguesa, sede administrativa e judicial da Terra de Vermoim.<\/p>\n<p>Vila Nova de Famalic\u00e3o \u00e9 hoje uma terra frequentemente mencionada como um dos principais centros culturais, comerciais e industriais do pa\u00eds. Situada estrategicamente entre as cidades de Braga, Guimar\u00e3es e Porto, Famalic\u00e3o \u00e9 uma cidade de refer\u00eancia no Baixo Minho e no Vale do Ave.<\/p>\n<p>Com uma rica e variada tradi\u00e7\u00e3o cultural que remonta aos tempos pr\u00e9-hist\u00f3ricos, a comunidade famalicense tem-se afirmado com uma personalidade pr\u00f3pria e bem definida. Gente de trabalho.<br \/>\nOs castros no cimo dos montes, as pontes que abra\u00e7am as margens dos rios, as igrejas que reflectem espiritualidade, a nobreza das casas solarengas, os usos e os costumes do amanho da terra, a riqueza do artesanato e da gastronomia s\u00e3o um testemunho vivo de uma comunidade que constr\u00f3i o futuro a cada momento.<\/p>\n<p>Liderando um dos p\u00f3los de desenvolvimento do Vale do Ave, a cuja Associa\u00e7\u00e3o de Munic\u00edpios pertence, o concelho de Vila Nova de Famalic\u00e3o, com cerca de 140.000 habitantes, \u00e9 uma terra de encantos e oportunidades. Com uma localiza\u00e7\u00e3o privilegiada no noroeste portugu\u00eas, entre o Porto e a Galiza (Espanha), o Munic\u00edpio de Vila Nova de Famalic\u00e3o \u00e9 servido por um cruzamento de auto-estradas &#8211; A3 (Porto-Vigo) e A7 (Guimar\u00e3es-P\u00f3voa de Varzim) &#8211; e por um servi\u00e7o de transportes ferrovi\u00e1rios de vanguarda, com liga\u00e7\u00f5es directas a Braga, Guimar\u00e3es, Porto, Vigo, Coimbra, Lisboa e Algarve.<\/p>\n<p>Da\u00ed a for\u00e7a da sua ind\u00fastria diversificada e a din\u00e2mica s\u00f3cio-econ\u00f3mica caracter\u00edstica do Munic\u00edpio. Vila Nova de Famalic\u00e3o acolhe a sede das maiores e melhores empresas do pa\u00eds em v\u00e1rios sectores da ind\u00fastria: no t\u00eaxtil, nos pneus, no vestu\u00e1rio, no sector alimentar, na constru\u00e7\u00e3o de obras p\u00fablicas&#8230;<\/p>\n<p>Terra do escritor Camilo Castelo Branco, Vila Nova de Famalic\u00e3o \u00e9 um concelho a conhecer.<br \/>\nNomeadamente o dinamismo das suas associa\u00e7\u00f5es desportivas, a sua oferta cultural multifacetada &#8211; que tem o seu m\u00e1ximo expoente na Casa das Artes -, o seu Turismo rural e religioso, as suas festas e romarias, os seus restaurantes, o seu patrim\u00f3nio cultural e industrial&#8230;<\/p>\n<p>Vila Nova de Famalic\u00e3o, onde o clube foi buscar o nome. Futebol Clube de Famalic\u00e3o. E onde os adeptos se reconhecem como do Vila Nova.[\/vc_column_text][\/vc_column][\/vc_row][vc_row][vc_column][vc_gallery type=&#8221;image_grid&#8221; images=&#8221;539,537,530,535,533,528,526&#8243; img_size=&#8221;medium&#8221;][\/vc_column][\/vc_row]\n","protected":false},"excerpt":{"rendered":"<p>[vc_row][vc_column][vc_column_text]Vila Nova de Famalic\u00e3o nasceu para a hist\u00f3ria em 1 de Julho de 1205, com o Foral de D. Sancho I. Alguns historiadores referem que a povoa\u00e7\u00e3o hoje denominada Vila Nova de Famalic\u00e3o j\u00e1 era, nos alvores da nacionalidade portuguesa, sede administrativa e judicial da Terra de Vermoim. Vila Nova&hellip;<\/p>\n","protected":false},"author":1,"featured_media":553,"parent":18293,"menu_order":103,"comment_status":"closed","ping_status":"closed","template":"","meta":{"_acf_changed":false,"footnotes":""},"class_list":["post-18280","page","type-page","status-publish","has-post-thumbnail","hentry"],"acf":[],"yoast_head":"<!-- This site is optimized with the Yoast SEO plugin v27.1.1 - https:\/\/yoast.com\/product\/yoast-seo-wordpress\/ -->\n<title>City - FC Famalic\u00e3o<\/title>\n<meta name=\"robots\" content=\"index, follow, max-snippet:-1, max-image-preview:large, max-video-preview:-1\" \/>\n<link rel=\"canonical\" href=\"https:\/\/www.fcfamalicao.pt\/en\/instituicao\/clube\/city\/\" \/>\n<meta property=\"og:locale\" content=\"en_US\" \/>\n<meta property=\"og:type\" content=\"article\" \/>\n<meta property=\"og:title\" content=\"City - FC Famalic\u00e3o\" \/>\n<meta property=\"og:description\" content=\"[vc_row][vc_column][vc_column_text]Vila Nova de Famalic\u00e3o nasceu para a hist\u00f3ria em 1 de Julho de 1205, com o Foral de D. Sancho I. Alguns historiadores referem que a povoa\u00e7\u00e3o hoje denominada Vila Nova de Famalic\u00e3o j\u00e1 era, nos alvores da nacionalidade portuguesa, sede administrativa e judicial da Terra de Vermoim. Vila Nova&hellip;\" \/>\n<meta property=\"og:url\" content=\"https:\/\/www.fcfamalicao.pt\/en\/instituicao\/clube\/city\/\" \/>\n<meta property=\"og:site_name\" content=\"FC Famalic\u00e3o\" \/>\n<meta property=\"article:publisher\" content=\"https:\/\/www.facebook.com\/FCFamalicao\/\" \/>\n<meta property=\"article:modified_time\" content=\"2021-11-08T10:35:30+00:00\" \/>\n<meta property=\"og:image\" content=\"https:\/\/www.fcfamalicao.pt\/wp-content\/uploads\/2018\/08\/praca-dona-maria-II.jpg\" \/>\n\t<meta property=\"og:image:width\" content=\"1200\" \/>\n\t<meta property=\"og:image:height\" content=\"500\" \/>\n\t<meta property=\"og:image:type\" content=\"image\/jpeg\" \/>\n<meta name=\"twitter:card\" content=\"summary_large_image\" \/>\n<meta name=\"twitter:site\" content=\"@fcf1931_oficial\" \/>\n<meta name=\"twitter:label1\" content=\"Est. reading time\" \/>\n\t<meta name=\"twitter:data1\" content=\"2 minutes\" \/>\n<script type=\"application\/ld+json\" class=\"yoast-schema-graph\">{\"@context\":\"https:\/\/schema.org\",\"@graph\":[{\"@type\":\"WebPage\",\"@id\":\"https:\/\/www.fcfamalicao.pt\/en\/instituicao\/clube\/city\/\",\"url\":\"https:\/\/www.fcfamalicao.pt\/en\/instituicao\/clube\/city\/\",\"name\":\"City - FC Famalic\u00e3o\",\"isPartOf\":{\"@id\":\"https:\/\/www.fcfamalicao.pt\/en\/#website\"},\"primaryImageOfPage\":{\"@id\":\"https:\/\/www.fcfamalicao.pt\/en\/instituicao\/clube\/city\/#primaryimage\"},\"image\":{\"@id\":\"https:\/\/www.fcfamalicao.pt\/en\/instituicao\/clube\/city\/#primaryimage\"},\"thumbnailUrl\":\"https:\/\/www.fcfamalicao.pt\/wp-content\/uploads\/2018\/08\/praca-dona-maria-II.jpg\",\"datePublished\":\"2018-07-13T15:37:41+00:00\",\"dateModified\":\"2021-11-08T10:35:30+00:00\",\"breadcrumb\":{\"@id\":\"https:\/\/www.fcfamalicao.pt\/en\/instituicao\/clube\/city\/#breadcrumb\"},\"inLanguage\":\"en-US\",\"potentialAction\":[{\"@type\":\"ReadAction\",\"target\":[\"https:\/\/www.fcfamalicao.pt\/en\/instituicao\/clube\/city\/\"]}]},{\"@type\":\"ImageObject\",\"inLanguage\":\"en-US\",\"@id\":\"https:\/\/www.fcfamalicao.pt\/en\/instituicao\/clube\/city\/#primaryimage\",\"url\":\"https:\/\/www.fcfamalicao.pt\/wp-content\/uploads\/2018\/08\/praca-dona-maria-II.jpg\",\"contentUrl\":\"https:\/\/www.fcfamalicao.pt\/wp-content\/uploads\/2018\/08\/praca-dona-maria-II.jpg\",\"width\":1200,\"height\":500},{\"@type\":\"BreadcrumbList\",\"@id\":\"https:\/\/www.fcfamalicao.pt\/en\/instituicao\/clube\/city\/#breadcrumb\",\"itemListElement\":[{\"@type\":\"ListItem\",\"position\":1,\"name\":\"Home\",\"item\":\"https:\/\/www.fcfamalicao.pt\/en\/\"},{\"@type\":\"ListItem\",\"position\":2,\"name\":\"Clube\",\"item\":\"https:\/\/www.fcfamalicao.pt\/en\/clube\/\"},{\"@type\":\"ListItem\",\"position\":3,\"name\":\"City\"}]},{\"@type\":\"WebSite\",\"@id\":\"https:\/\/www.fcfamalicao.pt\/en\/#website\",\"url\":\"https:\/\/www.fcfamalicao.pt\/en\/\",\"name\":\"FC Famalic\u00e3o\",\"description\":\"Site oficial do Futebol Clube Famalic\u00e3o. #AMORDEPERDI\u00c7\u00c3O\",\"publisher\":{\"@id\":\"https:\/\/www.fcfamalicao.pt\/en\/#organization\"},\"potentialAction\":[{\"@type\":\"SearchAction\",\"target\":{\"@type\":\"EntryPoint\",\"urlTemplate\":\"https:\/\/www.fcfamalicao.pt\/en\/?s={search_term_string}\"},\"query-input\":{\"@type\":\"PropertyValueSpecification\",\"valueRequired\":true,\"valueName\":\"search_term_string\"}}],\"inLanguage\":\"en-US\"},{\"@type\":\"Organization\",\"@id\":\"https:\/\/www.fcfamalicao.pt\/en\/#organization\",\"name\":\"FC Famalic\u00e3o\",\"url\":\"https:\/\/www.fcfamalicao.pt\/en\/\",\"logo\":{\"@type\":\"ImageObject\",\"inLanguage\":\"en-US\",\"@id\":\"https:\/\/www.fcfamalicao.pt\/en\/#\/schema\/logo\/image\/\",\"url\":\"https:\/\/www.fcfamalicao.pt\/wp-content\/uploads\/2018\/11\/fcf-logo.png\",\"contentUrl\":\"https:\/\/www.fcfamalicao.pt\/wp-content\/uploads\/2018\/11\/fcf-logo.png\",\"width\":150,\"height\":143,\"caption\":\"FC Famalic\u00e3o\"},\"image\":{\"@id\":\"https:\/\/www.fcfamalicao.pt\/en\/#\/schema\/logo\/image\/\"},\"sameAs\":[\"https:\/\/www.facebook.com\/FCFamalicao\/\",\"https:\/\/x.com\/fcf1931_oficial\",\"https:\/\/www.instagram.com\/futebolclubefamalicao\/\",\"https:\/\/www.youtube.com\/FCFamalicao1931\"]}]}<\/script>\n<!-- \/ Yoast SEO plugin. -->","yoast_head_json":{"title":"City - FC Famalic\u00e3o","robots":{"index":"index","follow":"follow","max-snippet":"max-snippet:-1","max-image-preview":"max-image-preview:large","max-video-preview":"max-video-preview:-1"},"canonical":"https:\/\/www.fcfamalicao.pt\/en\/instituicao\/clube\/city\/","og_locale":"en_US","og_type":"article","og_title":"City - FC Famalic\u00e3o","og_description":"[vc_row][vc_column][vc_column_text]Vila Nova de Famalic\u00e3o nasceu para a hist\u00f3ria em 1 de Julho de 1205, com o Foral de D. Sancho I. Alguns historiadores referem que a povoa\u00e7\u00e3o hoje denominada Vila Nova de Famalic\u00e3o j\u00e1 era, nos alvores da nacionalidade portuguesa, sede administrativa e judicial da Terra de Vermoim. Vila Nova&hellip;","og_url":"https:\/\/www.fcfamalicao.pt\/en\/instituicao\/clube\/city\/","og_site_name":"FC Famalic\u00e3o","article_publisher":"https:\/\/www.facebook.com\/FCFamalicao\/","article_modified_time":"2021-11-08T10:35:30+00:00","og_image":[{"width":1200,"height":500,"url":"https:\/\/www.fcfamalicao.pt\/wp-content\/uploads\/2018\/08\/praca-dona-maria-II.jpg","type":"image\/jpeg"}],"twitter_card":"summary_large_image","twitter_site":"@fcf1931_oficial","twitter_misc":{"Est. reading time":"2 minutes"},"schema":{"@context":"https:\/\/schema.org","@graph":[{"@type":"WebPage","@id":"https:\/\/www.fcfamalicao.pt\/en\/instituicao\/clube\/city\/","url":"https:\/\/www.fcfamalicao.pt\/en\/instituicao\/clube\/city\/","name":"City - FC Famalic\u00e3o","isPartOf":{"@id":"https:\/\/www.fcfamalicao.pt\/en\/#website"},"primaryImageOfPage":{"@id":"https:\/\/www.fcfamalicao.pt\/en\/instituicao\/clube\/city\/#primaryimage"},"image":{"@id":"https:\/\/www.fcfamalicao.pt\/en\/instituicao\/clube\/city\/#primaryimage"},"thumbnailUrl":"https:\/\/www.fcfamalicao.pt\/wp-content\/uploads\/2018\/08\/praca-dona-maria-II.jpg","datePublished":"2018-07-13T15:37:41+00:00","dateModified":"2021-11-08T10:35:30+00:00","breadcrumb":{"@id":"https:\/\/www.fcfamalicao.pt\/en\/instituicao\/clube\/city\/#breadcrumb"},"inLanguage":"en-US","potentialAction":[{"@type":"ReadAction","target":["https:\/\/www.fcfamalicao.pt\/en\/instituicao\/clube\/city\/"]}]},{"@type":"ImageObject","inLanguage":"en-US","@id":"https:\/\/www.fcfamalicao.pt\/en\/instituicao\/clube\/city\/#primaryimage","url":"https:\/\/www.fcfamalicao.pt\/wp-content\/uploads\/2018\/08\/praca-dona-maria-II.jpg","contentUrl":"https:\/\/www.fcfamalicao.pt\/wp-content\/uploads\/2018\/08\/praca-dona-maria-II.jpg","width":1200,"height":500},{"@type":"BreadcrumbList","@id":"https:\/\/www.fcfamalicao.pt\/en\/instituicao\/clube\/city\/#breadcrumb","itemListElement":[{"@type":"ListItem","position":1,"name":"Home","item":"https:\/\/www.fcfamalicao.pt\/en\/"},{"@type":"ListItem","position":2,"name":"Clube","item":"https:\/\/www.fcfamalicao.pt\/en\/clube\/"},{"@type":"ListItem","position":3,"name":"City"}]},{"@type":"WebSite","@id":"https:\/\/www.fcfamalicao.pt\/en\/#website","url":"https:\/\/www.fcfamalicao.pt\/en\/","name":"FC Famalic\u00e3o","description":"Site oficial do Futebol Clube Famalic\u00e3o. #AMORDEPERDI\u00c7\u00c3O","publisher":{"@id":"https:\/\/www.fcfamalicao.pt\/en\/#organization"},"potentialAction":[{"@type":"SearchAction","target":{"@type":"EntryPoint","urlTemplate":"https:\/\/www.fcfamalicao.pt\/en\/?s={search_term_string}"},"query-input":{"@type":"PropertyValueSpecification","valueRequired":true,"valueName":"search_term_string"}}],"inLanguage":"en-US"},{"@type":"Organization","@id":"https:\/\/www.fcfamalicao.pt\/en\/#organization","name":"FC Famalic\u00e3o","url":"https:\/\/www.fcfamalicao.pt\/en\/","logo":{"@type":"ImageObject","inLanguage":"en-US","@id":"https:\/\/www.fcfamalicao.pt\/en\/#\/schema\/logo\/image\/","url":"https:\/\/www.fcfamalicao.pt\/wp-content\/uploads\/2018\/11\/fcf-logo.png","contentUrl":"https:\/\/www.fcfamalicao.pt\/wp-content\/uploads\/2018\/11\/fcf-logo.png","width":150,"height":143,"caption":"FC Famalic\u00e3o"},"image":{"@id":"https:\/\/www.fcfamalicao.pt\/en\/#\/schema\/logo\/image\/"},"sameAs":["https:\/\/www.facebook.com\/FCFamalicao\/","https:\/\/x.com\/fcf1931_oficial","https:\/\/www.instagram.com\/futebolclubefamalicao\/","https:\/\/www.youtube.com\/FCFamalicao1931"]}]}},"_links":{"self":[{"href":"https:\/\/www.fcfamalicao.pt\/en\/wp-json\/wp\/v2\/pages\/18280","targetHints":{"allow":["GET"]}}],"collection":[{"href":"https:\/\/www.fcfamalicao.pt\/en\/wp-json\/wp\/v2\/pages"}],"about":[{"href":"https:\/\/www.fcfamalicao.pt\/en\/wp-json\/wp\/v2\/types\/page"}],"author":[{"embeddable":true,"href":"https:\/\/www.fcfamalicao.pt\/en\/wp-json\/wp\/v2\/users\/1"}],"replies":[{"embeddable":true,"href":"https:\/\/www.fcfamalicao.pt\/en\/wp-json\/wp\/v2\/comments?post=18280"}],"version-history":[{"count":0,"href":"https:\/\/www.fcfamalicao.pt\/en\/wp-json\/wp\/v2\/pages\/18280\/revisions"}],"up":[{"embeddable":true,"href":"https:\/\/www.fcfamalicao.pt\/en\/wp-json\/wp\/v2\/pages\/18293"}],"wp:featuredmedia":[{"embeddable":true,"href":"https:\/\/www.fcfamalicao.pt\/en\/wp-json\/wp\/v2\/media\/553"}],"wp:attachment":[{"href":"https:\/\/www.fcfamalicao.pt\/en\/wp-json\/wp\/v2\/media?parent=18280"}],"curies":[{"name":"wp","href":"https:\/\/api.w.org\/{rel}","templated":true}]}}