{"id":18288,"date":"2018-07-13T15:39:03","date_gmt":"2018-07-13T15:39:03","guid":{"rendered":"https:\/\/www.fcfamalicao.pt\/contactos\/"},"modified":"2026-03-05T16:50:26","modified_gmt":"2026-03-05T16:50:26","slug":"contactos","status":"publish","type":"page","link":"https:\/\/www.fcfamalicao.pt\/en\/instituicao\/sociedade\/contactos\/","title":{"rendered":"Contactos"},"content":{"rendered":"[vc_row][vc_column width=&#8221;1\/3&#8243;][vc_column_text]\n<h3>LOJA OFICIAL<\/h3>\n<p>Rua Adolfo Casais Monteiro,<br \/>\nEdif\u00edcio Mil\u00e9nio, Loja 1 \/ 3<br \/>\n4760- 113 Vila Nova de Famalic\u00e3o<\/p>\n<p><strong>Telefone:<\/strong> <a href=\"tel:252011123\">252 011 123<\/a><\/p>\n<p><strong>Hor\u00e1rio:<\/strong><\/p>\n<p><strong>2.\u00aa a 6.\u00aa feira<\/strong> \u2013 09h30 \u00e0s 19h00<br \/>\n<strong>S\u00e1bado<\/strong> \u2013 09h30 \u00e0s 12h30 \/ 14h30 \u00e0s 19h00<br \/>\n<strong>Domingo<\/strong> \u2013 Encerrado[\/vc_column_text][\/vc_column][vc_column width=&#8221;1\/3&#8243;][vc_column_text]\n<h3>SECRETARIA<\/h3>\n<p><strong>Telefone:<\/strong> <a href=\"tel:252011123\">252 011 123<\/a><br \/>\n<strong>Email:<\/strong> <a href=\"mailto:secretaria.fcfamalicao@gmail.com\">secretaria.fcfamalicao@gmail.com<\/a>[\/vc_column_text][\/vc_column][vc_column width=&#8221;1\/3&#8243;][vc_column_text]\n<h3><b>SEDE FC FAMALIC\u00c3O \u2013 FUTEBOL SAD<\/b><\/h3>\n<p>Rua Camilo Castelo Branco n\u00ba91 \u2013 3\u00ba andar<br \/>\n4760-127 V.N. Famalic\u00e3o<\/p>\n<p><strong>Telefone:<\/strong> <a href=\"tel:252147733\">252 147 733<\/a>[\/vc_column_text][vc_column_text]\n<h3>ACADEMIA<\/h3>\n<p>Rua da Academia do FC Famalic\u00e3o, n.\u00ba 300<br \/>\n4760-482 Me\u00e3es \u2013 V. N. Famalic\u00e3o[\/vc_column_text][\/vc_column][\/vc_row][vc_row][vc_column width=&#8221;1\/3&#8243;][vc_column_text]\n<h3>EMAILS<\/h3>\n<p style=\"font-weight: 400;\">&#8211; \u00a0Futebol Clube de Famalic\u00e3o \u2013 Futebol SAD: <a href=\"mailto:geral@fcfamalicao.pt\">geral@fcfamalicao.pt<\/a><\/p>\n<p style=\"font-weight: 400;\">&#8211; Futebol Clube de Famalic\u00e3o: <a href=\"mailto:secretaria.fcfamalicao@gmail.com\">secretaria.fcfamalicao@gmail.com<\/a><\/p>\n<p style=\"font-weight: 400;\">&#8211; Departamento de Comunica\u00e7\u00e3o: <a href=\"mailto:comunicacao@fcfamalicao.pt\">comunicacao@fcfamalicao.pt<\/a><\/p>\n<p style=\"font-weight: 400;\">&#8211; Departamento de Marketing: <a href=\"mailto:marketing@fcfamalicao.pt\">marketing@fcfamalicao.pt<\/a><\/p>\n<p style=\"font-weight: 400;\">&#8211; Pedidos de acredita\u00e7\u00e3o Futebol Masculino: <a href=\"mailto:comunicacao@fcfamalicao.pt\">comunicacao@fcfamalicao.pt<\/a><\/p>\n<p style=\"font-weight: 400;\">&#8211; Departamento de scouting (Pedidos de observa\u00e7\u00e3o): <a href=\"mailto:scouting@fcfamalicao.pt\">scouting@fcfamalicao.pt<\/a><\/p>\n<p style=\"font-weight: 400;\">&#8211; Departamento Futebol Feminino: <a href=\"mailto:futebolfeminino@fcfamalicao.pt\">futebolfeminino@fcfamalicao.pt<\/a><\/p>\n<p style=\"font-weight: 400;\">&#8211; Pedidos de acredita\u00e7\u00e3o Futebol Feminino: <a href=\"mailto:pressfutebolfeminino@fcfamalicao.pt\">pressfutebolfeminino@fcfamalicao.pt<\/a><\/p>\n<p style=\"font-weight: 400;\">&#8211; Departamento Futebol Forma\u00e7\u00e3o (At\u00e9 ao escal\u00e3o sub-15): <a href=\"mailto:formacao@fcfamalicao.pt\">formacao@fcfamalicao.pt<\/a><\/p>\n<p style=\"font-weight: 400;\">&#8211; Departamento Futsal Masculino: <a href=\"mailto:futsal@fcfamalicao.pt\">futsal@fcfamalicao.pt<\/a><\/p>\n<p style=\"font-weight: 400;\">&#8211; Linha de apoio ao S\u00f3cio: <a href=\"mailto:socios@fcfamalicao.pt\">socios@fcfamalicao.pt<\/a><\/p>\n<p style=\"font-weight: 400;\"><strong>Telefone: <\/strong><a href=\"tel:919310821\">919 310 821<\/a><\/p>\n[\/vc_column_text][\/vc_column][vc_column width=&#8221;2\/3&#8243;][vc_raw_html]JTVCZm9ybWlkYWJsZSUyMGlkJTNEOSU1RA==[\/vc_raw_html][vc_column_text]\n<h3>REDES SOCIAIS<\/h3>\n[\/vc_column_text][vc_raw_html]JTNDdWwlMjBjbGFzcyUzRCUyMmZvb3Rlci1yZWRlcy1zb2NpYWlzJTIyJTNFJTBBJTIwJTA5JTNDbGklM0UlM0NhJTIwaHJlZiUzRCUyMmh0dHBzJTNBJTJGJTJGd3d3LmZhY2Vib29rLmNvbSUyRkZDRmFtYWxpY2FvJTJGJTIyJTNFJTNDaSUyMGNsYXNzJTNEJTIyZmElMjBmYS1mYWNlYm9vay1vZmZpY2lhbCUyMiUzRSUzQyUyRmklM0UlMEElM0MlMkZhJTNFJTNDJTJGbGklM0UlMEElMjAlMDklM0NsaSUzRSUzQ2ElMjBocmVmJTNEJTIyaHR0cHMlM0ElMkYlMkZ3d3cuaW5zdGFncmFtLmNvbSUyRmZ1dGVib2xjbHViZWZhbWFsaWNhbyUyRiUyMiUzRSUzQ2klMjBjbGFzcyUzRCUyMmZhJTIwZmEtaW5zdGFncmFtJTIyJTNFJTNDJTJGaSUzRSUwQSUwQSUzQyUyRmElM0UlM0MlMkZsaSUzRSUwQSUyMCUwOSUzQ2xpJTNFJTNDYSUyMGhyZWYlM0QlMjJodHRwcyUzQSUyRiUyRnR3aXR0ZXIuY29tJTJGZmNmMTkzMV9vZmljaWFsJTIyJTNFJTNDaSUyMGNsYXNzJTNEJTIyZmElMjBmYS10d2l0dGVyJTIyJTNFJTNDJTJGaSUzRSUwQSUwQSUzQyUyRmElM0UlM0MlMkZsaSUzRSUwQSUyMCUwOSUzQ2xpJTNFJTNDYSUyMGhyZWYlM0QlMjJodHRwcyUzQSUyRiUyRnd3dy55b3V0dWJlLmNvbSUyRkZDRmFtYWxpY2FvMTkzMSUyMiUzRSUzQ2klMjBjbGFzcyUzRCUyMmZhJTIwZmEteW91dHViZS1wbGF5JTIyJTNFJTNDJTJGaSUzRSUwQSUwQSUzQyUyRmElM0UlM0MlMkZsaSUzRSUwQSUzQyUyRnVsJTNF[\/vc_raw_html][\/vc_column][\/vc_row]\n","protected":false},"excerpt":{"rendered":"<p>[vc_row][vc_column width=&#8221;1\/3&#8243;][vc_column_text] LOJA OFICIAL Rua Adolfo Casais Monteiro, Edif\u00edcio Mil\u00e9nio, Loja 1 \/ 3 4760- 113 Vila Nova de Famalic\u00e3o Telefone: 252 011 123 Hor\u00e1rio: 2.\u00aa a 6.\u00aa feira \u2013 09h30 \u00e0s 19h00 S\u00e1bado \u2013 09h30 \u00e0s 12h30 \/ 14h30 \u00e0s 19h00 Domingo \u2013 Encerrado[\/vc_column_text][\/vc_column][vc_column width=&#8221;1\/3&#8243;][vc_column_text] SECRETARIA Telefone: 252 011&hellip;<\/p>\n","protected":false},"author":1,"featured_media":24252,"parent":55686,"menu_order":98,"comment_status":"closed","ping_status":"closed","template":"","meta":{"_acf_changed":false,"footnotes":""},"class_list":["post-18288","page","type-page","status-publish","has-post-thumbnail","hentry"],"acf":[],"yoast_head":"<!-- This site is optimized with the Yoast SEO plugin v27.1.1 - https:\/\/yoast.com\/product\/yoast-seo-wordpress\/ -->\n<title>Contactos - FC Famalic\u00e3o<\/title>\n<meta name=\"robots\" content=\"index, follow, max-snippet:-1, max-image-preview:large, max-video-preview:-1\" \/>\n<link rel=\"canonical\" href=\"https:\/\/www.fcfamalicao.pt\/en\/instituicao\/sociedade\/contactos\/\" \/>\n<meta property=\"og:locale\" content=\"en_US\" \/>\n<meta property=\"og:type\" content=\"article\" \/>\n<meta property=\"og:title\" content=\"Contactos - FC Famalic\u00e3o\" \/>\n<meta property=\"og:description\" content=\"[vc_row][vc_column width=&#8221;1\/3&#8243;][vc_column_text] LOJA OFICIAL Rua Adolfo Casais Monteiro, Edif\u00edcio Mil\u00e9nio, Loja 1 \/ 3 4760- 113 Vila Nova de Famalic\u00e3o Telefone: 252 011 123 Hor\u00e1rio: 2.\u00aa a 6.\u00aa feira \u2013 09h30 \u00e0s 19h00 S\u00e1bado \u2013 09h30 \u00e0s 12h30 \/ 14h30 \u00e0s 19h00 Domingo \u2013 Encerrado[\/vc_column_text][\/vc_column][vc_column width=&#8221;1\/3&#8243;][vc_column_text] SECRETARIA Telefone: 252 011&hellip;\" \/>\n<meta property=\"og:url\" content=\"https:\/\/www.fcfamalicao.pt\/en\/instituicao\/sociedade\/contactos\/\" \/>\n<meta property=\"og:site_name\" content=\"FC Famalic\u00e3o\" \/>\n<meta property=\"article:publisher\" content=\"https:\/\/www.facebook.com\/FCFamalicao\/\" \/>\n<meta property=\"article:modified_time\" content=\"2026-03-05T16:50:26+00:00\" \/>\n<meta property=\"og:image\" content=\"https:\/\/www.fcfamalicao.pt\/wp-content\/uploads\/2022\/10\/contactos.jpg\" \/>\n\t<meta property=\"og:image:width\" content=\"1920\" \/>\n\t<meta property=\"og:image:height\" content=\"887\" \/>\n\t<meta property=\"og:image:type\" content=\"image\/jpeg\" \/>\n<meta name=\"twitter:card\" content=\"summary_large_image\" \/>\n<meta name=\"twitter:site\" content=\"@fcf1931_oficial\" \/>\n<meta name=\"twitter:label1\" content=\"Est. reading time\" \/>\n\t<meta name=\"twitter:data1\" content=\"2 minutes\" \/>\n<script type=\"application\/ld+json\" class=\"yoast-schema-graph\">{\"@context\":\"https:\/\/schema.org\",\"@graph\":[{\"@type\":\"WebPage\",\"@id\":\"https:\/\/www.fcfamalicao.pt\/en\/instituicao\/sociedade\/contactos\/\",\"url\":\"https:\/\/www.fcfamalicao.pt\/en\/instituicao\/sociedade\/contactos\/\",\"name\":\"Contactos - FC Famalic\u00e3o\",\"isPartOf\":{\"@id\":\"https:\/\/www.fcfamalicao.pt\/en\/#website\"},\"primaryImageOfPage\":{\"@id\":\"https:\/\/www.fcfamalicao.pt\/en\/instituicao\/sociedade\/contactos\/#primaryimage\"},\"image\":{\"@id\":\"https:\/\/www.fcfamalicao.pt\/en\/instituicao\/sociedade\/contactos\/#primaryimage\"},\"thumbnailUrl\":\"https:\/\/www.fcfamalicao.pt\/wp-content\/uploads\/2022\/10\/contactos.jpg\",\"datePublished\":\"2018-07-13T15:39:03+00:00\",\"dateModified\":\"2026-03-05T16:50:26+00:00\",\"breadcrumb\":{\"@id\":\"https:\/\/www.fcfamalicao.pt\/en\/instituicao\/sociedade\/contactos\/#breadcrumb\"},\"inLanguage\":\"en-US\",\"potentialAction\":[{\"@type\":\"ReadAction\",\"target\":[\"https:\/\/www.fcfamalicao.pt\/en\/instituicao\/sociedade\/contactos\/\"]}]},{\"@type\":\"ImageObject\",\"inLanguage\":\"en-US\",\"@id\":\"https:\/\/www.fcfamalicao.pt\/en\/instituicao\/sociedade\/contactos\/#primaryimage\",\"url\":\"https:\/\/www.fcfamalicao.pt\/wp-content\/uploads\/2022\/10\/contactos.jpg\",\"contentUrl\":\"https:\/\/www.fcfamalicao.pt\/wp-content\/uploads\/2022\/10\/contactos.jpg\",\"width\":1920,\"height\":887},{\"@type\":\"BreadcrumbList\",\"@id\":\"https:\/\/www.fcfamalicao.pt\/en\/instituicao\/sociedade\/contactos\/#breadcrumb\",\"itemListElement\":[{\"@type\":\"ListItem\",\"position\":1,\"name\":\"Home\",\"item\":\"https:\/\/www.fcfamalicao.pt\/en\/\"},{\"@type\":\"ListItem\",\"position\":2,\"name\":\"Contactos\"}]},{\"@type\":\"WebSite\",\"@id\":\"https:\/\/www.fcfamalicao.pt\/en\/#website\",\"url\":\"https:\/\/www.fcfamalicao.pt\/en\/\",\"name\":\"FC Famalic\u00e3o\",\"description\":\"Site oficial do Futebol Clube Famalic\u00e3o. #AMORDEPERDI\u00c7\u00c3O\",\"publisher\":{\"@id\":\"https:\/\/www.fcfamalicao.pt\/en\/#organization\"},\"potentialAction\":[{\"@type\":\"SearchAction\",\"target\":{\"@type\":\"EntryPoint\",\"urlTemplate\":\"https:\/\/www.fcfamalicao.pt\/en\/?s={search_term_string}\"},\"query-input\":{\"@type\":\"PropertyValueSpecification\",\"valueRequired\":true,\"valueName\":\"search_term_string\"}}],\"inLanguage\":\"en-US\"},{\"@type\":\"Organization\",\"@id\":\"https:\/\/www.fcfamalicao.pt\/en\/#organization\",\"name\":\"FC Famalic\u00e3o\",\"url\":\"https:\/\/www.fcfamalicao.pt\/en\/\",\"logo\":{\"@type\":\"ImageObject\",\"inLanguage\":\"en-US\",\"@id\":\"https:\/\/www.fcfamalicao.pt\/en\/#\/schema\/logo\/image\/\",\"url\":\"https:\/\/www.fcfamalicao.pt\/wp-content\/uploads\/2018\/11\/fcf-logo.png\",\"contentUrl\":\"https:\/\/www.fcfamalicao.pt\/wp-content\/uploads\/2018\/11\/fcf-logo.png\",\"width\":150,\"height\":143,\"caption\":\"FC Famalic\u00e3o\"},\"image\":{\"@id\":\"https:\/\/www.fcfamalicao.pt\/en\/#\/schema\/logo\/image\/\"},\"sameAs\":[\"https:\/\/www.facebook.com\/FCFamalicao\/\",\"https:\/\/x.com\/fcf1931_oficial\",\"https:\/\/www.instagram.com\/futebolclubefamalicao\/\",\"https:\/\/www.youtube.com\/FCFamalicao1931\"]}]}<\/script>\n<!-- \/ Yoast SEO plugin. -->","yoast_head_json":{"title":"Contactos - FC Famalic\u00e3o","robots":{"index":"index","follow":"follow","max-snippet":"max-snippet:-1","max-image-preview":"max-image-preview:large","max-video-preview":"max-video-preview:-1"},"canonical":"https:\/\/www.fcfamalicao.pt\/en\/instituicao\/sociedade\/contactos\/","og_locale":"en_US","og_type":"article","og_title":"Contactos - FC Famalic\u00e3o","og_description":"[vc_row][vc_column width=&#8221;1\/3&#8243;][vc_column_text] LOJA OFICIAL Rua Adolfo Casais Monteiro, Edif\u00edcio Mil\u00e9nio, Loja 1 \/ 3 4760- 113 Vila Nova de Famalic\u00e3o Telefone: 252 011 123 Hor\u00e1rio: 2.\u00aa a 6.\u00aa feira \u2013 09h30 \u00e0s 19h00 S\u00e1bado \u2013 09h30 \u00e0s 12h30 \/ 14h30 \u00e0s 19h00 Domingo \u2013 Encerrado[\/vc_column_text][\/vc_column][vc_column width=&#8221;1\/3&#8243;][vc_column_text] SECRETARIA Telefone: 252 011&hellip;","og_url":"https:\/\/www.fcfamalicao.pt\/en\/instituicao\/sociedade\/contactos\/","og_site_name":"FC Famalic\u00e3o","article_publisher":"https:\/\/www.facebook.com\/FCFamalicao\/","article_modified_time":"2026-03-05T16:50:26+00:00","og_image":[{"width":1920,"height":887,"url":"https:\/\/www.fcfamalicao.pt\/wp-content\/uploads\/2022\/10\/contactos.jpg","type":"image\/jpeg"}],"twitter_card":"summary_large_image","twitter_site":"@fcf1931_oficial","twitter_misc":{"Est. reading time":"2 minutes"},"schema":{"@context":"https:\/\/schema.org","@graph":[{"@type":"WebPage","@id":"https:\/\/www.fcfamalicao.pt\/en\/instituicao\/sociedade\/contactos\/","url":"https:\/\/www.fcfamalicao.pt\/en\/instituicao\/sociedade\/contactos\/","name":"Contactos - FC Famalic\u00e3o","isPartOf":{"@id":"https:\/\/www.fcfamalicao.pt\/en\/#website"},"primaryImageOfPage":{"@id":"https:\/\/www.fcfamalicao.pt\/en\/instituicao\/sociedade\/contactos\/#primaryimage"},"image":{"@id":"https:\/\/www.fcfamalicao.pt\/en\/instituicao\/sociedade\/contactos\/#primaryimage"},"thumbnailUrl":"https:\/\/www.fcfamalicao.pt\/wp-content\/uploads\/2022\/10\/contactos.jpg","datePublished":"2018-07-13T15:39:03+00:00","dateModified":"2026-03-05T16:50:26+00:00","breadcrumb":{"@id":"https:\/\/www.fcfamalicao.pt\/en\/instituicao\/sociedade\/contactos\/#breadcrumb"},"inLanguage":"en-US","potentialAction":[{"@type":"ReadAction","target":["https:\/\/www.fcfamalicao.pt\/en\/instituicao\/sociedade\/contactos\/"]}]},{"@type":"ImageObject","inLanguage":"en-US","@id":"https:\/\/www.fcfamalicao.pt\/en\/instituicao\/sociedade\/contactos\/#primaryimage","url":"https:\/\/www.fcfamalicao.pt\/wp-content\/uploads\/2022\/10\/contactos.jpg","contentUrl":"https:\/\/www.fcfamalicao.pt\/wp-content\/uploads\/2022\/10\/contactos.jpg","width":1920,"height":887},{"@type":"BreadcrumbList","@id":"https:\/\/www.fcfamalicao.pt\/en\/instituicao\/sociedade\/contactos\/#breadcrumb","itemListElement":[{"@type":"ListItem","position":1,"name":"Home","item":"https:\/\/www.fcfamalicao.pt\/en\/"},{"@type":"ListItem","position":2,"name":"Contactos"}]},{"@type":"WebSite","@id":"https:\/\/www.fcfamalicao.pt\/en\/#website","url":"https:\/\/www.fcfamalicao.pt\/en\/","name":"FC Famalic\u00e3o","description":"Site oficial do Futebol Clube Famalic\u00e3o. #AMORDEPERDI\u00c7\u00c3O","publisher":{"@id":"https:\/\/www.fcfamalicao.pt\/en\/#organization"},"potentialAction":[{"@type":"SearchAction","target":{"@type":"EntryPoint","urlTemplate":"https:\/\/www.fcfamalicao.pt\/en\/?s={search_term_string}"},"query-input":{"@type":"PropertyValueSpecification","valueRequired":true,"valueName":"search_term_string"}}],"inLanguage":"en-US"},{"@type":"Organization","@id":"https:\/\/www.fcfamalicao.pt\/en\/#organization","name":"FC Famalic\u00e3o","url":"https:\/\/www.fcfamalicao.pt\/en\/","logo":{"@type":"ImageObject","inLanguage":"en-US","@id":"https:\/\/www.fcfamalicao.pt\/en\/#\/schema\/logo\/image\/","url":"https:\/\/www.fcfamalicao.pt\/wp-content\/uploads\/2018\/11\/fcf-logo.png","contentUrl":"https:\/\/www.fcfamalicao.pt\/wp-content\/uploads\/2018\/11\/fcf-logo.png","width":150,"height":143,"caption":"FC Famalic\u00e3o"},"image":{"@id":"https:\/\/www.fcfamalicao.pt\/en\/#\/schema\/logo\/image\/"},"sameAs":["https:\/\/www.facebook.com\/FCFamalicao\/","https:\/\/x.com\/fcf1931_oficial","https:\/\/www.instagram.com\/futebolclubefamalicao\/","https:\/\/www.youtube.com\/FCFamalicao1931"]}]}},"_links":{"self":[{"href":"https:\/\/www.fcfamalicao.pt\/en\/wp-json\/wp\/v2\/pages\/18288","targetHints":{"allow":["GET"]}}],"collection":[{"href":"https:\/\/www.fcfamalicao.pt\/en\/wp-json\/wp\/v2\/pages"}],"about":[{"href":"https:\/\/www.fcfamalicao.pt\/en\/wp-json\/wp\/v2\/types\/page"}],"author":[{"embeddable":true,"href":"https:\/\/www.fcfamalicao.pt\/en\/wp-json\/wp\/v2\/users\/1"}],"replies":[{"embeddable":true,"href":"https:\/\/www.fcfamalicao.pt\/en\/wp-json\/wp\/v2\/comments?post=18288"}],"version-history":[{"count":2,"href":"https:\/\/www.fcfamalicao.pt\/en\/wp-json\/wp\/v2\/pages\/18288\/revisions"}],"predecessor-version":[{"id":55677,"href":"https:\/\/www.fcfamalicao.pt\/en\/wp-json\/wp\/v2\/pages\/18288\/revisions\/55677"}],"up":[{"embeddable":true,"href":"https:\/\/www.fcfamalicao.pt\/en\/wp-json\/wp\/v2\/pages\/55686"}],"wp:featuredmedia":[{"embeddable":true,"href":"https:\/\/www.fcfamalicao.pt\/en\/wp-json\/wp\/v2\/media\/24252"}],"wp:attachment":[{"href":"https:\/\/www.fcfamalicao.pt\/en\/wp-json\/wp\/v2\/media?parent=18288"}],"curies":[{"name":"wp","href":"https:\/\/api.w.org\/{rel}","templated":true}]}}