{"id":18294,"date":"2018-07-13T15:41:53","date_gmt":"2018-07-13T15:41:53","guid":{"rendered":"https:\/\/www.fcfamalicao.pt\/inscricao-socio\/"},"modified":"2021-11-08T11:17:04","modified_gmt":"2021-11-08T11:17:04","slug":"membership","status":"publish","type":"page","link":"https:\/\/www.fcfamalicao.pt\/en\/members\/membership\/","title":{"rendered":"Membership"},"content":{"rendered":"<div class=\"frm_forms  with_frm_style frm_style_formidable-style\" id=\"frm_form_10_container\" data-token=\"f276d3848f2525a8baf5fc44dde61e01\">\n<form enctype=\"multipart\/form-data\" method=\"post\" class=\"frm-show-form  frm_js_validate  frm_ajax_submit  frm_pro_form \" id=\"form_inscricao-de-socios\" data-token=\"f276d3848f2525a8baf5fc44dde61e01\">\n<div class=\"frm_form_fields \">\n<fieldset>\n<legend class=\"frm_screen_reader\">Membership<\/legend>\r\n\r\n<div class=\"frm_fields_container\">\n<input type=\"hidden\" name=\"frm_action\" value=\"create\" \/>\n<input type=\"hidden\" name=\"form_id\" value=\"10\" \/>\n<input type=\"hidden\" name=\"frm_hide_fields_10\" id=\"frm_hide_fields_10\" value=\"\" \/>\n<input type=\"hidden\" name=\"form_key\" value=\"inscricao-de-socios\" \/>\n<input type=\"hidden\" name=\"item_meta[0]\" value=\"\" \/>\n<input type=\"hidden\" id=\"frm_submit_entry_10\" name=\"frm_submit_entry_10\" value=\"0ba8351b44\" \/><input type=\"hidden\" name=\"_wp_http_referer\" value=\"\/en\/wp-json\/wp\/v2\/pages\/18294\" \/><div id=\"frm_field_53_container\" class=\"frm_form_field form-field  frm_required_field frm_none_container frm_first frm_two_thirds\">\r\n    <label for=\"field_nome7822115adb\" id=\"field_nome7822115adb_label\" class=\"frm_primary_label\">Name\r\n        <span class=\"frm_required\" aria-hidden=\"true\">*<\/span>\r\n    <\/label>\r\n    <input  type=\"text\" id=\"field_nome7822115adb\" name=\"item_meta[53]\" value=\"\"  placeholder=\"Name\" data-reqmsg=\"Required field.\" aria-required=\"true\" data-invmsg=\"Text is invalid\" aria-invalid=\"false\"   \/>\r\n    \r\n    \r\n<\/div>\n<div id=\"frm_field_54_container\" class=\"frm_form_field form-field  frm_required_field frm_none_container frm_third\">\r\n    <label for=\"field_genero\" id=\"field_genero_label\" class=\"frm_primary_label\">Sex\r\n        <span class=\"frm_required\" aria-hidden=\"true\">*<\/span>\r\n    <\/label>\r\n    \t\t<select name=\"item_meta[54]\" id=\"field_genero\"  data-placeholder=\"Sex\"  placeholder=\"Sex\" data-reqmsg=\"Required field.\" aria-required=\"true\" data-invmsg=\"Sex is invalid\" aria-invalid=\"false\"  >\n\t\t<option  class=\"frm-select-placeholder\" value=\"\" data-placeholder=\"true\">Sex<\/option><option  value=\"Masculino\">Male<\/option><option  value=\"Feminino\">Female<\/option>\t<\/select>\n\t\r\n    \r\n    \r\n<\/div>\n<div id=\"frm_field_55_container\" class=\"frm_form_field form-field  frm_required_field frm_none_container frm_first frm_two_thirds\">\r\n    <label for=\"field_morada6380f8f736\" id=\"field_morada6380f8f736_label\" class=\"frm_primary_label\">Address\r\n        <span class=\"frm_required\" aria-hidden=\"true\">*<\/span>\r\n    <\/label>\r\n    <input  type=\"text\" id=\"field_morada6380f8f736\" name=\"item_meta[55]\" value=\"\"  placeholder=\"Address\" data-reqmsg=\"Required field.\" aria-required=\"true\" data-invmsg=\"Text is invalid\" aria-invalid=\"false\"   \/>\r\n    \r\n    \r\n<\/div>\n<div id=\"frm_field_56_container\" class=\"frm_form_field form-field  frm_required_field frm_none_container frm_third\">\r\n    <label for=\"field_codigo-postaled0a87586a\" id=\"field_codigo-postaled0a87586a_label\" class=\"frm_primary_label\">Post Code\r\n        <span class=\"frm_required\" aria-hidden=\"true\">*<\/span>\r\n    <\/label>\r\n    <input  type=\"text\" id=\"field_codigo-postaled0a87586a\" name=\"item_meta[56]\" value=\"\"  data-frmmask=\"0000-000\" placeholder=\"Post Code\" data-reqmsg=\"Required field.\" aria-required=\"true\" data-invmsg=\"Invalid format\" aria-invalid=\"false\" pattern=\"\\d\\d\\d\\d-\\d\\d\\d$\"   \/>\r\n    \r\n    \r\n<\/div>\n<div id=\"frm_field_57_container\" class=\"frm_form_field form-field  frm_required_field frm_none_container frm_first frm_half\">\r\n    <label for=\"field_localidade60c746abee\" id=\"field_localidade60c746abee_label\" class=\"frm_primary_label\">Area\r\n        <span class=\"frm_required\" aria-hidden=\"true\">*<\/span>\r\n    <\/label>\r\n    <input  type=\"text\" id=\"field_localidade60c746abee\" name=\"item_meta[57]\" value=\"\"  placeholder=\"Area\" data-reqmsg=\"Required field.\" aria-required=\"true\" data-invmsg=\"Text is invalid\" aria-invalid=\"false\"   \/>\r\n    \r\n    \r\n<\/div>\n<div id=\"frm_field_58_container\" class=\"frm_form_field form-field  frm_required_field frm_none_container frm_half\">\r\n    <label for=\"field_telemovel59f1b7f988\" id=\"field_telemovel59f1b7f988_label\" class=\"frm_primary_label\">Phone no.\r\n        <span class=\"frm_required\" aria-hidden=\"true\">*<\/span>\r\n    <\/label>\r\n    <input type=\"tel\" id=\"field_telemovel59f1b7f988\" name=\"item_meta[58]\" value=\"\"  placeholder=\"Phone no.\" data-reqmsg=\"Required field.\" aria-required=\"true\" data-invmsg=\"Invalid number.\" aria-invalid=\"false\" pattern=\"((\\+\\d{1,3}(-|.| )?\\(?\\d\\)?(-| |.)?\\d{1,5})|(\\(?\\d{2,6}\\)?))(-|.| )?(\\d{3,4})(-|.| )?(\\d{4})(( x| ext)\\d{1,5}){0,1}$\"  \/>\r\n    \r\n    \r\n<\/div>\n<div id=\"frm_field_59_container\" class=\"frm_form_field form-field  frm_required_field frm_none_container frm_first frm_half\">\r\n    <label for=\"field_cartao-cidadaoc4da089c1e\" id=\"field_cartao-cidadaoc4da089c1e_label\" class=\"frm_primary_label\">ID Card No.\r\n        <span class=\"frm_required\" aria-hidden=\"true\">*<\/span>\r\n    <\/label>\r\n    <input type=\"number\" id=\"field_cartao-cidadaoc4da089c1e\" name=\"item_meta[59]\" value=\"\" placeholder=\"ID Card No.\" data-reqmsg=\"Required field.\" aria-required=\"true\" data-invmsg=\"Invalid number\" aria-invalid=\"false\"   min=\"0\" max=\"99999999\" step=\"any\" \/>\r\n    \r\n    \r\n<\/div>\n<div id=\"frm_field_60_container\" class=\"frm_form_field form-field  frm_required_field frm_none_container frm_half\">\r\n    <label for=\"field_contribuinte\" id=\"field_contribuinte_label\" class=\"frm_primary_label\">Taxpayer No.\r\n        <span class=\"frm_required\" aria-hidden=\"true\">*<\/span>\r\n    <\/label>\r\n    <input type=\"number\" id=\"field_contribuinte\" name=\"item_meta[60]\" value=\"\" placeholder=\"Taxpayer No.\" data-reqmsg=\"Required field.\" aria-required=\"true\" data-invmsg=\"Invalid number\" aria-invalid=\"false\"   min=\"0\" max=\"999999999\" step=\"any\" \/>\r\n    \r\n    \r\n<\/div>\n<div id=\"frm_field_61_container\" class=\"frm_form_field form-field  frm_required_field frm_none_container frm_first frm_two_thirds\">\r\n    <label for=\"field_email4fbfcab11c\" id=\"field_email4fbfcab11c_label\" class=\"frm_primary_label\">Email address\r\n        <span class=\"frm_required\" aria-hidden=\"true\">*<\/span>\r\n    <\/label>\r\n    <input type=\"email\" id=\"field_email4fbfcab11c\" name=\"item_meta[61]\" value=\"\"  placeholder=\"Email address\" data-reqmsg=\"Required field.\" aria-required=\"true\" data-invmsg=\"Invalid email\" aria-invalid=\"false\"  \/>\r\n    \r\n    \r\n<\/div>\n<div id=\"frm_field_62_container\" class=\"frm_form_field form-field  frm_required_field frm_none_container frm_third\">\r\n    <label for=\"field_data-de-nascimentoed8092dec5\" id=\"field_data-de-nascimentoed8092dec5_label\" class=\"frm_primary_label\">Date of birth\r\n        <span class=\"frm_required\" aria-hidden=\"true\">*<\/span>\r\n    <\/label>\r\n    <input type=\"text\" id=\"field_data-de-nascimentoed8092dec5\" name=\"item_meta[62]\" value=\"\"  maxlength=\"10\" placeholder=\"Date of birth\" data-reqmsg=\"Required field.\" aria-required=\"true\" data-invmsg=\"Invalid date\" class=\"frm_date\" aria-invalid=\"false\"  \/>\r\n    \r\n    \r\n<\/div>\n<div id=\"frm_field_63_container\" class=\"frm_form_field form-field  frm_required_field frm_none_container frm_first frm_third\">\r\n    <label for=\"field_tipo-de-quota\" id=\"field_tipo-de-quota_label\" class=\"frm_primary_label\">Type of Membership\r\n        <span class=\"frm_required\" aria-hidden=\"true\">*<\/span>\r\n    <\/label>\r\n    \t\t<select name=\"item_meta[63]\" id=\"field_tipo-de-quota\"  data-placeholder=\"Type of Membership\"  placeholder=\"Type of Membership\" data-reqmsg=\"Required field.\" aria-required=\"true\" data-invmsg=\"Type of Membership is invalid\" aria-invalid=\"false\"  >\n\t\t<option  class=\"frm-select-placeholder\" value=\"\" data-placeholder=\"true\">Type of Membership<\/option><option  value=\"Isento (at\u00e9 aos 16 anos)\">Free (under 16s)<\/option><option  value=\"Jovem 3.50\u20ac\/M\u00eas (17 aos 22 anos)\">Jovem 3.50\u20ac\/M\u00eas (17 aos 22 anos)<\/option><option  value=\"Senhoras 4\u20ac\/M\u00eas (23 aos 65 anos)\">Senhoras 4\u20ac\/M\u00eas (23 aos 65 anos)<\/option><option  value=\"Senhores 7\u20ac\/M\u00eas (23 aos 65 anos)\">Senhores 7\u20ac\/M\u00eas (23 aos 65 anos)<\/option><option  value=\"S\u00e9nior 3.50\u20ac\/M\u00eas (+65 anos)\">S\u00e9nior 3.50\u20ac\/M\u00eas (+65 anos)<\/option>\t<\/select>\n\t\r\n    \r\n    \r\n<\/div>\n<div id=\"frm_field_64_container\" class=\"frm_form_field form-field  frm_required_field frm_none_container frm_third\">\r\n    <label for=\"field_local-de-cobranca\" id=\"field_local-de-cobranca_label\" class=\"frm_primary_label\">Billing\r\n        <span class=\"frm_required\" aria-hidden=\"true\">*<\/span>\r\n    <\/label>\r\n    \t\t<select name=\"item_meta[64]\" id=\"field_local-de-cobranca\"  data-placeholder=\"Billing\"  placeholder=\"Billing\" data-reqmsg=\"Required field.\" aria-required=\"true\" data-invmsg=\"Billing is invalid\" aria-invalid=\"false\"  >\n\t\t<option  class=\"frm-select-placeholder\" value=\"\" data-placeholder=\"true\">Billing<\/option><option  value=\"Loja Oficial\">Official Shop<\/option><option  value=\"Online\">Online<\/option>\t<\/select>\n\t\r\n    \r\n    \r\n<\/div>\n<div id=\"frm_field_65_container\" class=\"frm_form_field form-field  frm_required_field frm_none_container frm_third\">\r\n    <label for=\"field_receber-cartao\" id=\"field_receber-cartao_label\" class=\"frm_primary_label\">Where would you like your card to be sent?\r\n        <span class=\"frm_required\" aria-hidden=\"true\">*<\/span>\r\n    <\/label>\r\n    \t\t<select name=\"item_meta[65]\" id=\"field_receber-cartao\"  data-placeholder=\"Where would you like your card to be sent?\"  placeholder=\"Where would you like your card to be sent?\" data-reqmsg=\"Required field.\" aria-required=\"true\" data-invmsg=\"Where would you like your card to be sent? is invalid\" aria-invalid=\"false\"  >\n\t\t<option  class=\"frm-select-placeholder\" value=\"\" data-placeholder=\"true\">Where would you like your card to be sent?<\/option><option  value=\"Em Casa\">To my house<\/option><option  value=\"Levantar na Loja\">To be picked up in-store<\/option>\t<\/select>\n\t\r\n    \r\n    \r\n<\/div>\n<div id=\"frm_field_66_container\" class=\"frm_form_field form-field  frm_required_field frm_top_container frm12\">\r\n    <label for=\"field_fotografia4e84bec165\" id=\"field_fotografia4e84bec165_label\" class=\"frm_primary_label\">Photo\r\n        <span class=\"frm_required\" aria-hidden=\"true\">*<\/span>\r\n    <\/label>\r\n    <input type=\"hidden\"  data-reqmsg=\"Required field.\" data-invmsg=\"Invalid file\" class=\"auto_width\" aria-invalid=\"false\"   name=\"item_meta[66]\"  data-reqmsg=\"Required field.\"  value=\"\" data-frmfile=\"66\" \/>\n\n<div class=\"frm_dropzone frm_single_upload frm_clearfix\" id=\"file66_dropzone\" role=\"group\" >\n\t<div class=\"fallback\">\n\t\t<input type=\"file\" name=\"file66\" id=\"field_fotografia4e84bec165\"\n\t\t\t data-reqmsg=\"Required field.\" data-invmsg=\"Invalid file\" class=\"auto_width\" aria-invalid=\"false\"  \t\t\t\/>\n\t\t\t\t<div class=\"frm_clearfix \"><\/div>\n\t<\/div>\n\t<div class=\"dz-message needsclick\">\n\t\t\t\t<svg  viewBox=\"0 0 18 18\" class=\"frmsvg frm-svg-icon\">\n\t<path viewBox=\"0 0 18 18\" fill-rule=\"evenodd\" clip-rule=\"evenodd\" d=\"M8.2 4v8a.8.8 0 001.5 0V4l2.1 2.2A.7.7 0 1013 5L9.5 1.7a.7.7 0 00-1.1 0L5.1 5.2a.8.8 0 001 1l2.1-2zm7.6 4.3c.4 0 .7.3.7.7v6.8c0 .4-.3.7-.8.7H2.3a.8.8 0 01-.8-.8V9A.8.8 0 013 9v6h12V9c0-.4.3-.8.8-.8z\"><\/path>\n<\/svg>\t\t<span class=\"frm_upload_text\"><button type=\"button\" aria-label=\"Photo. Drag the file here or click to upload. Maximum file size: 2MB\">Drag the file here or click to upload<\/button><\/span>\n\t\t<span class=\"frm_compact_text\"><button type=\"button\" aria-label=\"Photo. Choose file. Maximum file size: 2MB\">Choose file<\/button><\/span>\n\t\t<div class=\"frm_small_text\">\n\t\t\t<p>Maximum file size: 2MB<\/p>\n\t\t<\/div>\n\t<\/div>\n<\/div>\n\t\r\n    \r\n    \r\n<\/div>\n<div id=\"frm_field_67_container\" class=\"frm_form_field form-field  frm_required_field frm_none_container frm12 vertical_radio\">\r\n    <div  id=\"field_consentimento820b56c7f1_label\" class=\"frm_primary_label\">Consent\r\n        <span class=\"frm_required\" aria-hidden=\"true\">*<\/span>\r\n    <\/div>\r\n    <div class=\"frm_opt_container\" aria-labelledby=\"field_consentimento820b56c7f1_label\" role=\"group\">\t\t<div class=\"frm_checkbox\" id=\"frm_checkbox_67-0\">\t\t\t<label  for=\"field_consentimento820b56c7f1-0\">\n\t\t\t<input type=\"checkbox\" name=\"item_meta[67][]\" id=\"field_consentimento820b56c7f1-0\" value=\"Concordo com o armazenamento dos meus dados de acordo com a Pol\u00edtica de Privacidade\"  data-reqmsg=\"You must agree to the storage of your data in accordance with the Privacy Policy.\" data-invmsg=\"Consent is invalid\"   aria-required=\"true\"  \/> I agree to my personal data being stored in accordance with the terms of the <a href=\"https:\/\/www.fcfamalicao.pt\/en\/privacy-policy\/\" target=\"_blank\">Privacy Policy<\/a><\/label><\/div>\n<\/div>\r\n    \r\n    \r\n<\/div>\n<div id=\"frm_field_68_container\" class=\"frm_form_field  frm12 frm_html_container form-field\">\n<p>Cost of Membership Card - 5 euros<\/p>\n<\/div>\n<div id=\"frm_field_80_container\" class=\"frm_form_field form-field \">\n\t<div class=\"frm_submit\">\r\n\r\n<button class=\"frm_button_submit frm_final_submit\" type=\"submit\"   formnovalidate=\"formnovalidate\">Inscrever<\/button>\r\n\r\n<\/div>\n<\/div>\n\t<input type=\"hidden\" name=\"item_key\" value=\"\" \/>\n\t\t\t<div id=\"frm_field_84_container\">\n\t\t\t<label for=\"field_efogq\" >\n\t\t\t\tIf you are human, leave this field blank.\t\t\t<\/label>\n\t\t\t<input  id=\"field_efogq\" type=\"text\" class=\"frm_form_field form-field frm_verify\" name=\"item_meta[84]\" value=\"\"  \/>\n\t\t<\/div>\n\t\t<input name=\"frm_state\" type=\"hidden\" value=\"jABzVjIWIvEFp\/Jkt9YJojXstCSCK3X\/BRwy6BIO9SLgT+vKOutyr8+S1L3lG67A\" \/><\/div>\n<\/fieldset>\n<\/div>\n\n<\/form>\n<\/div>\n\n","protected":false},"excerpt":{"rendered":"Membership Name * Sex * SexMaleFemale Address * Post Code * Area * Phone no. * ID Card No. * Taxpayer No. * Email address * Date of birth * Type of Membership * Type of MembershipFree (under 16s)Jovem 3.50\u20ac\/M\u00eas (17 aos 22 anos)Senhoras 4\u20ac\/M\u00eas (23 aos 65 anos)Senhores 7\u20ac\/M\u00eas&hellip;","protected":false},"author":1,"featured_media":24262,"parent":18329,"menu_order":94,"comment_status":"closed","ping_status":"closed","template":"","meta":{"_acf_changed":false,"footnotes":""},"class_list":["post-18294","page","type-page","status-publish","has-post-thumbnail","hentry"],"acf":[],"yoast_head":"<!-- This site is optimized with the Yoast SEO plugin v27.1.1 - https:\/\/yoast.com\/product\/yoast-seo-wordpress\/ -->\n<title>Membership - FC Famalic\u00e3o<\/title>\n<meta name=\"robots\" content=\"index, follow, max-snippet:-1, max-image-preview:large, max-video-preview:-1\" \/>\n<link rel=\"canonical\" href=\"https:\/\/www.fcfamalicao.pt\/en\/members\/membership\/\" \/>\n<meta property=\"og:locale\" content=\"en_US\" \/>\n<meta property=\"og:type\" content=\"article\" \/>\n<meta property=\"og:title\" content=\"Membership - FC Famalic\u00e3o\" \/>\n<meta property=\"og:url\" content=\"https:\/\/www.fcfamalicao.pt\/en\/members\/membership\/\" \/>\n<meta property=\"og:site_name\" content=\"FC Famalic\u00e3o\" \/>\n<meta property=\"article:publisher\" content=\"https:\/\/www.facebook.com\/FCFamalicao\/\" \/>\n<meta property=\"article:modified_time\" content=\"2021-11-08T11:17:04+00:00\" \/>\n<meta property=\"og:image\" content=\"https:\/\/www.fcfamalicao.pt\/wp-content\/uploads\/2021\/11\/fcf-cover.jpg\" \/>\n\t<meta property=\"og:image:width\" content=\"1440\" \/>\n\t<meta property=\"og:image:height\" content=\"529\" \/>\n\t<meta property=\"og:image:type\" content=\"image\/jpeg\" \/>\n<meta name=\"twitter:card\" content=\"summary_large_image\" \/>\n<meta name=\"twitter:site\" content=\"@fcf1931_oficial\" \/>\n<script type=\"application\/ld+json\" class=\"yoast-schema-graph\">{\"@context\":\"https:\/\/schema.org\",\"@graph\":[{\"@type\":\"WebPage\",\"@id\":\"https:\/\/www.fcfamalicao.pt\/en\/members\/membership\/\",\"url\":\"https:\/\/www.fcfamalicao.pt\/en\/members\/membership\/\",\"name\":\"Membership - FC Famalic\u00e3o\",\"isPartOf\":{\"@id\":\"https:\/\/www.fcfamalicao.pt\/en\/#website\"},\"primaryImageOfPage\":{\"@id\":\"https:\/\/www.fcfamalicao.pt\/en\/members\/membership\/#primaryimage\"},\"image\":{\"@id\":\"https:\/\/www.fcfamalicao.pt\/en\/members\/membership\/#primaryimage\"},\"thumbnailUrl\":\"https:\/\/www.fcfamalicao.pt\/wp-content\/uploads\/2022\/10\/inscricao-socios.jpg\",\"datePublished\":\"2018-07-13T15:41:53+00:00\",\"dateModified\":\"2021-11-08T11:17:04+00:00\",\"breadcrumb\":{\"@id\":\"https:\/\/www.fcfamalicao.pt\/en\/members\/membership\/#breadcrumb\"},\"inLanguage\":\"en-US\",\"potentialAction\":[{\"@type\":\"ReadAction\",\"target\":[\"https:\/\/www.fcfamalicao.pt\/en\/members\/membership\/\"]}]},{\"@type\":\"ImageObject\",\"inLanguage\":\"en-US\",\"@id\":\"https:\/\/www.fcfamalicao.pt\/en\/members\/membership\/#primaryimage\",\"url\":\"https:\/\/www.fcfamalicao.pt\/wp-content\/uploads\/2022\/10\/inscricao-socios.jpg\",\"contentUrl\":\"https:\/\/www.fcfamalicao.pt\/wp-content\/uploads\/2022\/10\/inscricao-socios.jpg\",\"width\":1920,\"height\":887},{\"@type\":\"BreadcrumbList\",\"@id\":\"https:\/\/www.fcfamalicao.pt\/en\/members\/membership\/#breadcrumb\",\"itemListElement\":[{\"@type\":\"ListItem\",\"position\":1,\"name\":\"Home\",\"item\":\"https:\/\/www.fcfamalicao.pt\/en\/\"},{\"@type\":\"ListItem\",\"position\":2,\"name\":\"Members\",\"item\":\"https:\/\/www.fcfamalicao.pt\/en\/members\/\"},{\"@type\":\"ListItem\",\"position\":3,\"name\":\"Membership\"}]},{\"@type\":\"WebSite\",\"@id\":\"https:\/\/www.fcfamalicao.pt\/en\/#website\",\"url\":\"https:\/\/www.fcfamalicao.pt\/en\/\",\"name\":\"FC Famalic\u00e3o\",\"description\":\"Site oficial do Futebol Clube Famalic\u00e3o. #AMORDEPERDI\u00c7\u00c3O\",\"publisher\":{\"@id\":\"https:\/\/www.fcfamalicao.pt\/en\/#organization\"},\"potentialAction\":[{\"@type\":\"SearchAction\",\"target\":{\"@type\":\"EntryPoint\",\"urlTemplate\":\"https:\/\/www.fcfamalicao.pt\/en\/?s={search_term_string}\"},\"query-input\":{\"@type\":\"PropertyValueSpecification\",\"valueRequired\":true,\"valueName\":\"search_term_string\"}}],\"inLanguage\":\"en-US\"},{\"@type\":\"Organization\",\"@id\":\"https:\/\/www.fcfamalicao.pt\/en\/#organization\",\"name\":\"FC Famalic\u00e3o\",\"url\":\"https:\/\/www.fcfamalicao.pt\/en\/\",\"logo\":{\"@type\":\"ImageObject\",\"inLanguage\":\"en-US\",\"@id\":\"https:\/\/www.fcfamalicao.pt\/en\/#\/schema\/logo\/image\/\",\"url\":\"https:\/\/www.fcfamalicao.pt\/wp-content\/uploads\/2018\/11\/fcf-logo.png\",\"contentUrl\":\"https:\/\/www.fcfamalicao.pt\/wp-content\/uploads\/2018\/11\/fcf-logo.png\",\"width\":150,\"height\":143,\"caption\":\"FC Famalic\u00e3o\"},\"image\":{\"@id\":\"https:\/\/www.fcfamalicao.pt\/en\/#\/schema\/logo\/image\/\"},\"sameAs\":[\"https:\/\/www.facebook.com\/FCFamalicao\/\",\"https:\/\/x.com\/fcf1931_oficial\",\"https:\/\/www.instagram.com\/futebolclubefamalicao\/\",\"https:\/\/www.youtube.com\/FCFamalicao1931\"]}]}<\/script>\n<!-- \/ Yoast SEO plugin. -->","yoast_head_json":{"title":"Membership - FC Famalic\u00e3o","robots":{"index":"index","follow":"follow","max-snippet":"max-snippet:-1","max-image-preview":"max-image-preview:large","max-video-preview":"max-video-preview:-1"},"canonical":"https:\/\/www.fcfamalicao.pt\/en\/members\/membership\/","og_locale":"en_US","og_type":"article","og_title":"Membership - FC Famalic\u00e3o","og_url":"https:\/\/www.fcfamalicao.pt\/en\/members\/membership\/","og_site_name":"FC Famalic\u00e3o","article_publisher":"https:\/\/www.facebook.com\/FCFamalicao\/","article_modified_time":"2021-11-08T11:17:04+00:00","og_image":[{"width":1440,"height":529,"url":"https:\/\/www.fcfamalicao.pt\/wp-content\/uploads\/2021\/11\/fcf-cover.jpg","type":"image\/jpeg"}],"twitter_card":"summary_large_image","twitter_site":"@fcf1931_oficial","schema":{"@context":"https:\/\/schema.org","@graph":[{"@type":"WebPage","@id":"https:\/\/www.fcfamalicao.pt\/en\/members\/membership\/","url":"https:\/\/www.fcfamalicao.pt\/en\/members\/membership\/","name":"Membership - FC Famalic\u00e3o","isPartOf":{"@id":"https:\/\/www.fcfamalicao.pt\/en\/#website"},"primaryImageOfPage":{"@id":"https:\/\/www.fcfamalicao.pt\/en\/members\/membership\/#primaryimage"},"image":{"@id":"https:\/\/www.fcfamalicao.pt\/en\/members\/membership\/#primaryimage"},"thumbnailUrl":"https:\/\/www.fcfamalicao.pt\/wp-content\/uploads\/2022\/10\/inscricao-socios.jpg","datePublished":"2018-07-13T15:41:53+00:00","dateModified":"2021-11-08T11:17:04+00:00","breadcrumb":{"@id":"https:\/\/www.fcfamalicao.pt\/en\/members\/membership\/#breadcrumb"},"inLanguage":"en-US","potentialAction":[{"@type":"ReadAction","target":["https:\/\/www.fcfamalicao.pt\/en\/members\/membership\/"]}]},{"@type":"ImageObject","inLanguage":"en-US","@id":"https:\/\/www.fcfamalicao.pt\/en\/members\/membership\/#primaryimage","url":"https:\/\/www.fcfamalicao.pt\/wp-content\/uploads\/2022\/10\/inscricao-socios.jpg","contentUrl":"https:\/\/www.fcfamalicao.pt\/wp-content\/uploads\/2022\/10\/inscricao-socios.jpg","width":1920,"height":887},{"@type":"BreadcrumbList","@id":"https:\/\/www.fcfamalicao.pt\/en\/members\/membership\/#breadcrumb","itemListElement":[{"@type":"ListItem","position":1,"name":"Home","item":"https:\/\/www.fcfamalicao.pt\/en\/"},{"@type":"ListItem","position":2,"name":"Members","item":"https:\/\/www.fcfamalicao.pt\/en\/members\/"},{"@type":"ListItem","position":3,"name":"Membership"}]},{"@type":"WebSite","@id":"https:\/\/www.fcfamalicao.pt\/en\/#website","url":"https:\/\/www.fcfamalicao.pt\/en\/","name":"FC Famalic\u00e3o","description":"Site oficial do Futebol Clube Famalic\u00e3o. #AMORDEPERDI\u00c7\u00c3O","publisher":{"@id":"https:\/\/www.fcfamalicao.pt\/en\/#organization"},"potentialAction":[{"@type":"SearchAction","target":{"@type":"EntryPoint","urlTemplate":"https:\/\/www.fcfamalicao.pt\/en\/?s={search_term_string}"},"query-input":{"@type":"PropertyValueSpecification","valueRequired":true,"valueName":"search_term_string"}}],"inLanguage":"en-US"},{"@type":"Organization","@id":"https:\/\/www.fcfamalicao.pt\/en\/#organization","name":"FC Famalic\u00e3o","url":"https:\/\/www.fcfamalicao.pt\/en\/","logo":{"@type":"ImageObject","inLanguage":"en-US","@id":"https:\/\/www.fcfamalicao.pt\/en\/#\/schema\/logo\/image\/","url":"https:\/\/www.fcfamalicao.pt\/wp-content\/uploads\/2018\/11\/fcf-logo.png","contentUrl":"https:\/\/www.fcfamalicao.pt\/wp-content\/uploads\/2018\/11\/fcf-logo.png","width":150,"height":143,"caption":"FC Famalic\u00e3o"},"image":{"@id":"https:\/\/www.fcfamalicao.pt\/en\/#\/schema\/logo\/image\/"},"sameAs":["https:\/\/www.facebook.com\/FCFamalicao\/","https:\/\/x.com\/fcf1931_oficial","https:\/\/www.instagram.com\/futebolclubefamalicao\/","https:\/\/www.youtube.com\/FCFamalicao1931"]}]}},"_links":{"self":[{"href":"https:\/\/www.fcfamalicao.pt\/en\/wp-json\/wp\/v2\/pages\/18294","targetHints":{"allow":["GET"]}}],"collection":[{"href":"https:\/\/www.fcfamalicao.pt\/en\/wp-json\/wp\/v2\/pages"}],"about":[{"href":"https:\/\/www.fcfamalicao.pt\/en\/wp-json\/wp\/v2\/types\/page"}],"author":[{"embeddable":true,"href":"https:\/\/www.fcfamalicao.pt\/en\/wp-json\/wp\/v2\/users\/1"}],"replies":[{"embeddable":true,"href":"https:\/\/www.fcfamalicao.pt\/en\/wp-json\/wp\/v2\/comments?post=18294"}],"version-history":[{"count":0,"href":"https:\/\/www.fcfamalicao.pt\/en\/wp-json\/wp\/v2\/pages\/18294\/revisions"}],"up":[{"embeddable":true,"href":"https:\/\/www.fcfamalicao.pt\/en\/wp-json\/wp\/v2\/pages\/18329"}],"wp:featuredmedia":[{"embeddable":true,"href":"https:\/\/www.fcfamalicao.pt\/en\/wp-json\/wp\/v2\/media\/24262"}],"wp:attachment":[{"href":"https:\/\/www.fcfamalicao.pt\/en\/wp-json\/wp\/v2\/media?parent=18294"}],"curies":[{"name":"wp","href":"https:\/\/api.w.org\/{rel}","templated":true}]}}