{"id":18297,"date":"2018-07-13T15:43:23","date_gmt":"2018-07-13T15:43:23","guid":{"rendered":"https:\/\/www.fcfamalicao.pt\/lugares-anuais\/"},"modified":"2026-03-06T10:41:32","modified_gmt":"2026-03-06T10:41:32","slug":"lugares-anuais","status":"publish","type":"page","link":"https:\/\/www.fcfamalicao.pt\/en\/members\/lugares-anuais\/","title":{"rendered":"Lugares Anuais"},"content":{"rendered":"<p>O cap\u00edtulo 25\/26 ser\u00e1 escrito com muita ambi\u00e7\u00e3o de continuar a redigir p\u00e1ginas marcantes na nossa hist\u00f3ria. Para que a nossa equipa possa manter-se inspirada para protagonizar mais momentos inesquec\u00edveis na nossa narrativa, o Futebol Clube de Famalic\u00e3o deseja prosseguir com o vosso apoio no processo de escrita.<\/p>\n<p>A constru\u00e7\u00e3o deste cap\u00edtulo pressup\u00f5e a vossa presen\u00e7a nas bancadas do Est\u00e1dio Municipal e, para tal, iniciaremos, no dia 1 de julho, o processo de comercializa\u00e7\u00e3o de lugares anuais. Numa primeira fase \u2013 que decorre at\u00e9 ao dia 29 do presente m\u00eas \u2013 os s\u00f3cios que dispunham de lugar anual na \u00e9poca passada poder\u00e3o garantir a manuten\u00e7\u00e3o do mesmo, devendo proceder \u00e0 renova\u00e7\u00e3o na Loja Oficial ou atrav\u00e9s da plataforma online (<a href=\"https:\/\/smartfan.tickets\/fcfamalicao-login\">https:\/\/smartfan.tickets\/fcfamalicao-login)<\/a><\/p>\n<p>Entre os dias 30 de julho e 1 de agosto ser\u00e1 poss\u00edvel efetuar a troca de lugar anual, sendo necess\u00e1rio proceder, imperiosamente, \u00e0 renova\u00e7\u00e3o do mesmo at\u00e9 29 de julho.<\/p>\n<p>Caso ainda haja disponibilidade, a partir de 4 de agosto, ter\u00e1 in\u00edcio a venda de novos lugares, num processo exclusivo a s\u00f3cios do Futebol Clube de Famalic\u00e3o.<\/p>\n<p>O lugar anual ter\u00e1 um custo de 120 euros, com acesso a todos os jogos oficiais do Futebol Clube Famalic\u00e3o no Municipal de Famalic\u00e3o (exceto jogos da Ta\u00e7a de Portugal).<\/p>\n<p>Todos os lugares anuais s\u00e3o para a Bancada Poente (bancada coberta). Os s\u00f3cios detentores de lugar anual podem usufruir de 10% de desconto (n\u00e3o acumul\u00e1vel com outras promo\u00e7\u00f5es) em todos os produtos oficiais do Futebol Clube Famalic\u00e3o.<\/p>\n","protected":false},"excerpt":{"rendered":"<p>O cap\u00edtulo 25\/26 ser\u00e1 escrito com muita ambi\u00e7\u00e3o de continuar a redigir p\u00e1ginas marcantes na nossa hist\u00f3ria. Para que a nossa equipa possa manter-se inspirada para protagonizar mais momentos inesquec\u00edveis na nossa narrativa, o Futebol Clube de Famalic\u00e3o deseja prosseguir com o vosso apoio no processo de escrita. A constru\u00e7\u00e3o&hellip;<\/p>\n","protected":false},"author":1,"featured_media":50693,"parent":18329,"menu_order":92,"comment_status":"closed","ping_status":"closed","template":"","meta":{"_acf_changed":false,"footnotes":""},"class_list":["post-18297","page","type-page","status-publish","has-post-thumbnail","hentry"],"acf":[],"yoast_head":"<!-- This site is optimized with the Yoast SEO plugin v27.1.1 - https:\/\/yoast.com\/product\/yoast-seo-wordpress\/ -->\n<title>Lugares Anuais - FC Famalic\u00e3o<\/title>\n<meta name=\"robots\" content=\"index, follow, max-snippet:-1, max-image-preview:large, max-video-preview:-1\" \/>\n<link rel=\"canonical\" href=\"https:\/\/www.fcfamalicao.pt\/en\/members\/lugares-anuais\/\" \/>\n<meta property=\"og:locale\" content=\"en_US\" \/>\n<meta property=\"og:type\" content=\"article\" \/>\n<meta property=\"og:title\" content=\"Lugares Anuais - FC Famalic\u00e3o\" \/>\n<meta property=\"og:description\" content=\"O cap\u00edtulo 25\/26 ser\u00e1 escrito com muita ambi\u00e7\u00e3o de continuar a redigir p\u00e1ginas marcantes na nossa hist\u00f3ria. Para que a nossa equipa possa manter-se inspirada para protagonizar mais momentos inesquec\u00edveis na nossa narrativa, o Futebol Clube de Famalic\u00e3o deseja prosseguir com o vosso apoio no processo de escrita. A constru\u00e7\u00e3o&hellip;\" \/>\n<meta property=\"og:url\" content=\"https:\/\/www.fcfamalicao.pt\/en\/members\/lugares-anuais\/\" \/>\n<meta property=\"og:site_name\" content=\"FC Famalic\u00e3o\" \/>\n<meta property=\"article:publisher\" content=\"https:\/\/www.facebook.com\/FCFamalicao\/\" \/>\n<meta property=\"article:modified_time\" content=\"2026-03-06T10:41:32+00:00\" \/>\n<meta property=\"og:image\" content=\"https:\/\/www.fcfamalicao.pt\/wp-content\/uploads\/2025\/07\/20241207_190241610_iOS-scaled.jpg\" \/>\n\t<meta property=\"og:image:width\" content=\"2560\" \/>\n\t<meta property=\"og:image:height\" content=\"1707\" \/>\n\t<meta property=\"og:image:type\" content=\"image\/jpeg\" \/>\n<meta name=\"twitter:card\" content=\"summary_large_image\" \/>\n<meta name=\"twitter:site\" content=\"@fcf1931_oficial\" \/>\n<meta name=\"twitter:label1\" content=\"Est. reading time\" \/>\n\t<meta name=\"twitter:data1\" content=\"2 minutes\" \/>\n<script type=\"application\/ld+json\" class=\"yoast-schema-graph\">{\"@context\":\"https:\/\/schema.org\",\"@graph\":[{\"@type\":\"WebPage\",\"@id\":\"https:\/\/www.fcfamalicao.pt\/en\/members\/lugares-anuais\/\",\"url\":\"https:\/\/www.fcfamalicao.pt\/en\/members\/lugares-anuais\/\",\"name\":\"Lugares Anuais - FC Famalic\u00e3o\",\"isPartOf\":{\"@id\":\"https:\/\/www.fcfamalicao.pt\/en\/#website\"},\"primaryImageOfPage\":{\"@id\":\"https:\/\/www.fcfamalicao.pt\/en\/members\/lugares-anuais\/#primaryimage\"},\"image\":{\"@id\":\"https:\/\/www.fcfamalicao.pt\/en\/members\/lugares-anuais\/#primaryimage\"},\"thumbnailUrl\":\"https:\/\/www.fcfamalicao.pt\/wp-content\/uploads\/2025\/07\/20241207_190241610_iOS-scaled.jpg\",\"datePublished\":\"2018-07-13T15:43:23+00:00\",\"dateModified\":\"2026-03-06T10:41:32+00:00\",\"breadcrumb\":{\"@id\":\"https:\/\/www.fcfamalicao.pt\/en\/members\/lugares-anuais\/#breadcrumb\"},\"inLanguage\":\"en-US\",\"potentialAction\":[{\"@type\":\"ReadAction\",\"target\":[\"https:\/\/www.fcfamalicao.pt\/en\/members\/lugares-anuais\/\"]}]},{\"@type\":\"ImageObject\",\"inLanguage\":\"en-US\",\"@id\":\"https:\/\/www.fcfamalicao.pt\/en\/members\/lugares-anuais\/#primaryimage\",\"url\":\"https:\/\/www.fcfamalicao.pt\/wp-content\/uploads\/2025\/07\/20241207_190241610_iOS-scaled.jpg\",\"contentUrl\":\"https:\/\/www.fcfamalicao.pt\/wp-content\/uploads\/2025\/07\/20241207_190241610_iOS-scaled.jpg\",\"width\":2560,\"height\":1707},{\"@type\":\"BreadcrumbList\",\"@id\":\"https:\/\/www.fcfamalicao.pt\/en\/members\/lugares-anuais\/#breadcrumb\",\"itemListElement\":[{\"@type\":\"ListItem\",\"position\":1,\"name\":\"Home\",\"item\":\"https:\/\/www.fcfamalicao.pt\/en\/\"},{\"@type\":\"ListItem\",\"position\":2,\"name\":\"Members\",\"item\":\"https:\/\/www.fcfamalicao.pt\/en\/members\/\"},{\"@type\":\"ListItem\",\"position\":3,\"name\":\"Lugares Anuais\"}]},{\"@type\":\"WebSite\",\"@id\":\"https:\/\/www.fcfamalicao.pt\/en\/#website\",\"url\":\"https:\/\/www.fcfamalicao.pt\/en\/\",\"name\":\"FC Famalic\u00e3o\",\"description\":\"Site oficial do Futebol Clube Famalic\u00e3o. #AMORDEPERDI\u00c7\u00c3O\",\"publisher\":{\"@id\":\"https:\/\/www.fcfamalicao.pt\/en\/#organization\"},\"potentialAction\":[{\"@type\":\"SearchAction\",\"target\":{\"@type\":\"EntryPoint\",\"urlTemplate\":\"https:\/\/www.fcfamalicao.pt\/en\/?s={search_term_string}\"},\"query-input\":{\"@type\":\"PropertyValueSpecification\",\"valueRequired\":true,\"valueName\":\"search_term_string\"}}],\"inLanguage\":\"en-US\"},{\"@type\":\"Organization\",\"@id\":\"https:\/\/www.fcfamalicao.pt\/en\/#organization\",\"name\":\"FC Famalic\u00e3o\",\"url\":\"https:\/\/www.fcfamalicao.pt\/en\/\",\"logo\":{\"@type\":\"ImageObject\",\"inLanguage\":\"en-US\",\"@id\":\"https:\/\/www.fcfamalicao.pt\/en\/#\/schema\/logo\/image\/\",\"url\":\"https:\/\/www.fcfamalicao.pt\/wp-content\/uploads\/2018\/11\/fcf-logo.png\",\"contentUrl\":\"https:\/\/www.fcfamalicao.pt\/wp-content\/uploads\/2018\/11\/fcf-logo.png\",\"width\":150,\"height\":143,\"caption\":\"FC Famalic\u00e3o\"},\"image\":{\"@id\":\"https:\/\/www.fcfamalicao.pt\/en\/#\/schema\/logo\/image\/\"},\"sameAs\":[\"https:\/\/www.facebook.com\/FCFamalicao\/\",\"https:\/\/x.com\/fcf1931_oficial\",\"https:\/\/www.instagram.com\/futebolclubefamalicao\/\",\"https:\/\/www.youtube.com\/FCFamalicao1931\"]}]}<\/script>\n<!-- \/ Yoast SEO plugin. -->","yoast_head_json":{"title":"Lugares Anuais - FC Famalic\u00e3o","robots":{"index":"index","follow":"follow","max-snippet":"max-snippet:-1","max-image-preview":"max-image-preview:large","max-video-preview":"max-video-preview:-1"},"canonical":"https:\/\/www.fcfamalicao.pt\/en\/members\/lugares-anuais\/","og_locale":"en_US","og_type":"article","og_title":"Lugares Anuais - FC Famalic\u00e3o","og_description":"O cap\u00edtulo 25\/26 ser\u00e1 escrito com muita ambi\u00e7\u00e3o de continuar a redigir p\u00e1ginas marcantes na nossa hist\u00f3ria. Para que a nossa equipa possa manter-se inspirada para protagonizar mais momentos inesquec\u00edveis na nossa narrativa, o Futebol Clube de Famalic\u00e3o deseja prosseguir com o vosso apoio no processo de escrita. A constru\u00e7\u00e3o&hellip;","og_url":"https:\/\/www.fcfamalicao.pt\/en\/members\/lugares-anuais\/","og_site_name":"FC Famalic\u00e3o","article_publisher":"https:\/\/www.facebook.com\/FCFamalicao\/","article_modified_time":"2026-03-06T10:41:32+00:00","og_image":[{"width":2560,"height":1707,"url":"https:\/\/www.fcfamalicao.pt\/wp-content\/uploads\/2025\/07\/20241207_190241610_iOS-scaled.jpg","type":"image\/jpeg"}],"twitter_card":"summary_large_image","twitter_site":"@fcf1931_oficial","twitter_misc":{"Est. reading time":"2 minutes"},"schema":{"@context":"https:\/\/schema.org","@graph":[{"@type":"WebPage","@id":"https:\/\/www.fcfamalicao.pt\/en\/members\/lugares-anuais\/","url":"https:\/\/www.fcfamalicao.pt\/en\/members\/lugares-anuais\/","name":"Lugares Anuais - FC Famalic\u00e3o","isPartOf":{"@id":"https:\/\/www.fcfamalicao.pt\/en\/#website"},"primaryImageOfPage":{"@id":"https:\/\/www.fcfamalicao.pt\/en\/members\/lugares-anuais\/#primaryimage"},"image":{"@id":"https:\/\/www.fcfamalicao.pt\/en\/members\/lugares-anuais\/#primaryimage"},"thumbnailUrl":"https:\/\/www.fcfamalicao.pt\/wp-content\/uploads\/2025\/07\/20241207_190241610_iOS-scaled.jpg","datePublished":"2018-07-13T15:43:23+00:00","dateModified":"2026-03-06T10:41:32+00:00","breadcrumb":{"@id":"https:\/\/www.fcfamalicao.pt\/en\/members\/lugares-anuais\/#breadcrumb"},"inLanguage":"en-US","potentialAction":[{"@type":"ReadAction","target":["https:\/\/www.fcfamalicao.pt\/en\/members\/lugares-anuais\/"]}]},{"@type":"ImageObject","inLanguage":"en-US","@id":"https:\/\/www.fcfamalicao.pt\/en\/members\/lugares-anuais\/#primaryimage","url":"https:\/\/www.fcfamalicao.pt\/wp-content\/uploads\/2025\/07\/20241207_190241610_iOS-scaled.jpg","contentUrl":"https:\/\/www.fcfamalicao.pt\/wp-content\/uploads\/2025\/07\/20241207_190241610_iOS-scaled.jpg","width":2560,"height":1707},{"@type":"BreadcrumbList","@id":"https:\/\/www.fcfamalicao.pt\/en\/members\/lugares-anuais\/#breadcrumb","itemListElement":[{"@type":"ListItem","position":1,"name":"Home","item":"https:\/\/www.fcfamalicao.pt\/en\/"},{"@type":"ListItem","position":2,"name":"Members","item":"https:\/\/www.fcfamalicao.pt\/en\/members\/"},{"@type":"ListItem","position":3,"name":"Lugares Anuais"}]},{"@type":"WebSite","@id":"https:\/\/www.fcfamalicao.pt\/en\/#website","url":"https:\/\/www.fcfamalicao.pt\/en\/","name":"FC Famalic\u00e3o","description":"Site oficial do Futebol Clube Famalic\u00e3o. #AMORDEPERDI\u00c7\u00c3O","publisher":{"@id":"https:\/\/www.fcfamalicao.pt\/en\/#organization"},"potentialAction":[{"@type":"SearchAction","target":{"@type":"EntryPoint","urlTemplate":"https:\/\/www.fcfamalicao.pt\/en\/?s={search_term_string}"},"query-input":{"@type":"PropertyValueSpecification","valueRequired":true,"valueName":"search_term_string"}}],"inLanguage":"en-US"},{"@type":"Organization","@id":"https:\/\/www.fcfamalicao.pt\/en\/#organization","name":"FC Famalic\u00e3o","url":"https:\/\/www.fcfamalicao.pt\/en\/","logo":{"@type":"ImageObject","inLanguage":"en-US","@id":"https:\/\/www.fcfamalicao.pt\/en\/#\/schema\/logo\/image\/","url":"https:\/\/www.fcfamalicao.pt\/wp-content\/uploads\/2018\/11\/fcf-logo.png","contentUrl":"https:\/\/www.fcfamalicao.pt\/wp-content\/uploads\/2018\/11\/fcf-logo.png","width":150,"height":143,"caption":"FC Famalic\u00e3o"},"image":{"@id":"https:\/\/www.fcfamalicao.pt\/en\/#\/schema\/logo\/image\/"},"sameAs":["https:\/\/www.facebook.com\/FCFamalicao\/","https:\/\/x.com\/fcf1931_oficial","https:\/\/www.instagram.com\/futebolclubefamalicao\/","https:\/\/www.youtube.com\/FCFamalicao1931"]}]}},"_links":{"self":[{"href":"https:\/\/www.fcfamalicao.pt\/en\/wp-json\/wp\/v2\/pages\/18297","targetHints":{"allow":["GET"]}}],"collection":[{"href":"https:\/\/www.fcfamalicao.pt\/en\/wp-json\/wp\/v2\/pages"}],"about":[{"href":"https:\/\/www.fcfamalicao.pt\/en\/wp-json\/wp\/v2\/types\/page"}],"author":[{"embeddable":true,"href":"https:\/\/www.fcfamalicao.pt\/en\/wp-json\/wp\/v2\/users\/1"}],"replies":[{"embeddable":true,"href":"https:\/\/www.fcfamalicao.pt\/en\/wp-json\/wp\/v2\/comments?post=18297"}],"version-history":[{"count":1,"href":"https:\/\/www.fcfamalicao.pt\/en\/wp-json\/wp\/v2\/pages\/18297\/revisions"}],"predecessor-version":[{"id":55746,"href":"https:\/\/www.fcfamalicao.pt\/en\/wp-json\/wp\/v2\/pages\/18297\/revisions\/55746"}],"up":[{"embeddable":true,"href":"https:\/\/www.fcfamalicao.pt\/en\/wp-json\/wp\/v2\/pages\/18329"}],"wp:featuredmedia":[{"embeddable":true,"href":"https:\/\/www.fcfamalicao.pt\/en\/wp-json\/wp\/v2\/media\/50693"}],"wp:attachment":[{"href":"https:\/\/www.fcfamalicao.pt\/en\/wp-json\/wp\/v2\/media?parent=18297"}],"curies":[{"name":"wp","href":"https:\/\/api.w.org\/{rel}","templated":true}]}}