{"id":18298,"date":"2020-02-20T14:21:51","date_gmt":"2020-02-20T14:21:51","guid":{"rendered":"https:\/\/www.fcfamalicao.pt\/atualizacao-de-dados\/"},"modified":"2021-11-08T12:20:52","modified_gmt":"2021-11-08T12:20:52","slug":"update-your-information","status":"publish","type":"page","link":"https:\/\/www.fcfamalicao.pt\/en\/members\/update-your-information\/","title":{"rendered":"Update your information"},"content":{"rendered":"<div class=\"frm_forms  with_frm_style frm_style_formidable-style\" id=\"frm_form_5_container\" data-token=\"f81feee5285e4282802e9129a6ec2df1\">\n<form enctype=\"multipart\/form-data\" method=\"post\" class=\"frm-show-form  frm_js_validate  frm_ajax_submit  frm_pro_form \" id=\"form_atualizacao-de-dados\" data-token=\"f81feee5285e4282802e9129a6ec2df1\">\n<div class=\"frm_form_fields \">\n<fieldset>\n<legend class=\"frm_screen_reader\">Update your information<\/legend>\r\n\r\n<div class=\"frm_fields_container\">\n<input type=\"hidden\" name=\"frm_action\" value=\"create\" \/>\n<input type=\"hidden\" name=\"form_id\" value=\"5\" \/>\n<input type=\"hidden\" name=\"frm_hide_fields_5\" id=\"frm_hide_fields_5\" value=\"\" \/>\n<input type=\"hidden\" name=\"form_key\" value=\"atualizacao-de-dados\" \/>\n<input type=\"hidden\" name=\"item_meta[0]\" value=\"\" \/>\n<input type=\"hidden\" id=\"frm_submit_entry_5\" name=\"frm_submit_entry_5\" value=\"f45c2e4951\" \/><input type=\"hidden\" name=\"_wp_http_referer\" value=\"\/en\/wp-json\/wp\/v2\/pages\/18298\" \/><div id=\"frm_field_10_container\" class=\"frm_form_field form-field  frm_required_field frm_none_container frm_first frm_fourth\">\r\n    <label for=\"field_numero-de-socio\" id=\"field_numero-de-socio_label\" class=\"frm_primary_label\">Member number\r\n        <span class=\"frm_required\" aria-hidden=\"true\">*<\/span>\r\n    <\/label>\r\n    <input type=\"number\" id=\"field_numero-de-socio\" name=\"item_meta[10]\" value=\"\" placeholder=\"Member number\" data-reqmsg=\"Required field.\" aria-required=\"true\" data-invmsg=\"Invalid number\" aria-invalid=\"false\"   min=\"0\" max=\"9999999\" step=\"any\" \/>\r\n    \r\n    \r\n<\/div>\n<div id=\"frm_field_11_container\" class=\"frm_form_field form-field  frm_required_field frm_none_container frm_three_fourths\">\r\n    <label for=\"field_nome-completo\" id=\"field_nome-completo_label\" class=\"frm_primary_label\">Full name\r\n        <span class=\"frm_required\" aria-hidden=\"true\">*<\/span>\r\n    <\/label>\r\n    <input  type=\"text\" id=\"field_nome-completo\" name=\"item_meta[11]\" value=\"\"  placeholder=\"Full name\" data-reqmsg=\"Required field.\" aria-required=\"true\" data-invmsg=\"Text is invalid\" aria-invalid=\"false\"   \/>\r\n    \r\n    \r\n<\/div>\n<div id=\"frm_field_12_container\" class=\"frm_form_field form-field  frm_required_field frm_none_container frm_first frm_two_thirds\">\r\n    <label for=\"field_morada\" id=\"field_morada_label\" class=\"frm_primary_label\">Address\r\n        <span class=\"frm_required\" aria-hidden=\"true\">*<\/span>\r\n    <\/label>\r\n    <input  type=\"text\" id=\"field_morada\" name=\"item_meta[12]\" value=\"\"  placeholder=\"Address\" data-reqmsg=\"Required field.\" aria-required=\"true\" data-invmsg=\"Text is invalid\" aria-invalid=\"false\"   \/>\r\n    \r\n    \r\n<\/div>\n<div id=\"frm_field_13_container\" class=\"frm_form_field form-field  frm_required_field frm_none_container frm_third\">\r\n    <label for=\"field_codigo-postal\" id=\"field_codigo-postal_label\" class=\"frm_primary_label\">Post Code\r\n        <span class=\"frm_required\" aria-hidden=\"true\">*<\/span>\r\n    <\/label>\r\n    <input  type=\"text\" id=\"field_codigo-postal\" name=\"item_meta[13]\" value=\"\"  data-frmmask=\"0000-000\" placeholder=\"Post Code\" data-reqmsg=\"Required field.\" aria-required=\"true\" data-invmsg=\"Text is invalid\" aria-invalid=\"false\" pattern=\"\\d\\d\\d\\d-\\d\\d\\d$\"   \/>\r\n    \r\n    \r\n<\/div>\n<div id=\"frm_field_14_container\" class=\"frm_form_field form-field  frm_required_field frm_none_container frm_first frm_third\">\r\n    <label for=\"field_localidade\" id=\"field_localidade_label\" class=\"frm_primary_label\">Area\r\n        <span class=\"frm_required\" aria-hidden=\"true\">*<\/span>\r\n    <\/label>\r\n    <input  type=\"text\" id=\"field_localidade\" name=\"item_meta[14]\" value=\"\"  placeholder=\"Area\" data-reqmsg=\"Required field.\" aria-required=\"true\" data-invmsg=\"Text is invalid\" aria-invalid=\"false\"   \/>\r\n    \r\n    \r\n<\/div>\n<div id=\"frm_field_15_container\" class=\"frm_form_field form-field  frm_required_field frm_none_container frm_third\">\r\n    <label for=\"field_data-de-nascimento\" id=\"field_data-de-nascimento_label\" class=\"frm_primary_label\">Date of birth\r\n        <span class=\"frm_required\" aria-hidden=\"true\">*<\/span>\r\n    <\/label>\r\n    <input type=\"text\" id=\"field_data-de-nascimento\" name=\"item_meta[15]\" value=\"\"  maxlength=\"10\" placeholder=\"Date of birth\" data-reqmsg=\"Required field.\" aria-required=\"true\" data-invmsg=\"Invalid date\" class=\"frm_date\" aria-invalid=\"false\"  \/>\r\n    \r\n    \r\n<\/div>\n<div id=\"frm_field_16_container\" class=\"frm_form_field form-field  frm_required_field frm_none_container frm_third\">\r\n    <label for=\"field_email\" id=\"field_email_label\" class=\"frm_primary_label\">Email address\r\n        <span class=\"frm_required\" aria-hidden=\"true\">*<\/span>\r\n    <\/label>\r\n    <input type=\"email\" id=\"field_email\" name=\"item_meta[16]\" value=\"\"  placeholder=\"Email address\" data-reqmsg=\"Required field.\" aria-required=\"true\" data-invmsg=\"Invalid email\" aria-invalid=\"false\"  \/>\r\n    \r\n    \r\n<\/div>\n<div id=\"frm_field_17_container\" class=\"frm_form_field form-field  frm_required_field frm_none_container frm_first frm_third\">\r\n    <label for=\"field_numero-telemovel\" id=\"field_numero-telemovel_label\" class=\"frm_primary_label\">Mobile No.\r\n        <span class=\"frm_required\" aria-hidden=\"true\">*<\/span>\r\n    <\/label>\r\n    <input type=\"tel\" id=\"field_numero-telemovel\" name=\"item_meta[17]\" value=\"\"  placeholder=\"Mobile No.\" data-reqmsg=\"Required field.\" aria-required=\"true\" data-invmsg=\"Invalid phone number\" aria-invalid=\"false\" pattern=\"((\\+\\d{1,3}(-|.| )?\\(?\\d\\)?(-| |.)?\\d{1,5})|(\\(?\\d{2,6}\\)?))(-|.| )?(\\d{3,4})(-|.| )?(\\d{4})(( x| ext)\\d{1,5}){0,1}$\"  \/>\r\n    \r\n    \r\n<\/div>\n<div id=\"frm_field_18_container\" class=\"frm_form_field form-field  frm_required_field frm_none_container frm_third\">\r\n    <label for=\"field_cartao-cidadao\" id=\"field_cartao-cidadao_label\" class=\"frm_primary_label\">ID Card No.\r\n        <span class=\"frm_required\" aria-hidden=\"true\">*<\/span>\r\n    <\/label>\r\n    <input type=\"number\" id=\"field_cartao-cidadao\" name=\"item_meta[18]\" value=\"\" placeholder=\"ID Card No.\" data-reqmsg=\"Required field.\" aria-required=\"true\" data-invmsg=\"Invalid number\" aria-invalid=\"false\"   min=\"0\" max=\"99999999\" step=\"any\" \/>\r\n    \r\n    \r\n<\/div>\n<div id=\"frm_field_19_container\" class=\"frm_form_field form-field  frm_required_field frm_none_container frm_third\">\r\n    <label for=\"field_idenficacao-fiscal\" id=\"field_idenficacao-fiscal_label\" class=\"frm_primary_label\">Taxpayer No.\r\n        <span class=\"frm_required\" aria-hidden=\"true\">*<\/span>\r\n    <\/label>\r\n    <input type=\"number\" id=\"field_idenficacao-fiscal\" name=\"item_meta[19]\" value=\"\" placeholder=\"Taxpayer No.\" data-reqmsg=\"Required field.\" aria-required=\"true\" data-invmsg=\"Invalid number\" aria-invalid=\"false\"   min=\"0\" max=\"999999999\" step=\"any\" \/>\r\n    \r\n    \r\n<\/div>\n<div id=\"frm_field_20_container\" class=\"frm_form_field form-field  frm_required_field frm_none_container frm12 vertical_radio\">\r\n    <div  id=\"field_consentimento_label\" class=\"frm_primary_label\">Consent\r\n        <span class=\"frm_required\" aria-hidden=\"true\">*<\/span>\r\n    <\/div>\r\n    <div class=\"frm_opt_container\" aria-labelledby=\"field_consentimento_label\" role=\"group\">\t\t<div class=\"frm_checkbox\" id=\"frm_checkbox_20-0\">\t\t\t<label  for=\"field_consentimento-0\">\n\t\t\t<input type=\"checkbox\" name=\"item_meta[20][]\" id=\"field_consentimento-0\" value=\"Concordo com o armazenamento dos meus dados de acordo com a Pol\u00edtica de Privacidade\"  data-reqmsg=\"Please consent to your data being stored to proceed with sending the form.\" data-invmsg=\"Consent is invalid\"   aria-required=\"true\"  \/> I agree to my personal data being stored in accordance with the terms of the <a href=\"https:\/\/www.fcfamalicao.pt\/en\/privacy-policy\" target=\"_blank\">Privacy Policy<\/a><\/label><\/div>\n<\/div>\r\n    \r\n    \r\n<\/div>\n<div id=\"frm_field_83_container\" class=\"frm_form_field form-field \">\n\t<div class=\"frm_submit\">\r\n\r\n<button class=\"frm_button_submit frm_final_submit\" type=\"submit\"   formnovalidate=\"formnovalidate\">Enviar<\/button>\r\n\r\n<\/div>\n<\/div>\n\t<input type=\"hidden\" name=\"item_key\" value=\"\" \/>\n\t\t\t<div id=\"frm_field_84_container\">\n\t\t\t<label for=\"field_zrf81\" >\n\t\t\t\tIf you are human, leave this field blank.\t\t\t<\/label>\n\t\t\t<input  id=\"field_zrf81\" type=\"text\" class=\"frm_form_field form-field frm_verify\" name=\"item_meta[84]\" value=\"\"  \/>\n\t\t<\/div>\n\t\t<input name=\"frm_state\" type=\"hidden\" value=\"jABzVjIWIvEFp\/Jkt9YJop\/vV7yKvyXus9ma8YFxa+LgT+vKOutyr8+S1L3lG67A\" \/><\/div>\n<\/fieldset>\n<\/div>\n\n<\/form>\n<\/div>\n\n","protected":false},"excerpt":{"rendered":"Update your information Member number * Full name * Address * Post Code * Area * Date of birth * Email address * Mobile No. * ID Card No. * Taxpayer No. * Consent * I agree to my personal data being stored in accordance with the terms of the&hellip;","protected":false},"author":1,"featured_media":24303,"parent":18329,"menu_order":49,"comment_status":"closed","ping_status":"closed","template":"","meta":{"_acf_changed":false,"footnotes":""},"class_list":["post-18298","page","type-page","status-publish","has-post-thumbnail","hentry"],"acf":[],"yoast_head":"<!-- This site is optimized with the Yoast SEO plugin v27.1.1 - https:\/\/yoast.com\/product\/yoast-seo-wordpress\/ -->\n<title>Update your information - FC Famalic\u00e3o<\/title>\n<meta name=\"robots\" content=\"index, follow, max-snippet:-1, max-image-preview:large, max-video-preview:-1\" \/>\n<link rel=\"canonical\" href=\"https:\/\/www.fcfamalicao.pt\/en\/members\/update-your-information\/\" \/>\n<meta property=\"og:locale\" content=\"en_US\" \/>\n<meta property=\"og:type\" content=\"article\" \/>\n<meta property=\"og:title\" content=\"Update your information - FC Famalic\u00e3o\" \/>\n<meta property=\"og:url\" content=\"https:\/\/www.fcfamalicao.pt\/en\/members\/update-your-information\/\" \/>\n<meta property=\"og:site_name\" content=\"FC Famalic\u00e3o\" \/>\n<meta property=\"article:publisher\" content=\"https:\/\/www.facebook.com\/FCFamalicao\/\" \/>\n<meta property=\"article:modified_time\" content=\"2021-11-08T12:20:52+00:00\" \/>\n<meta property=\"og:image\" content=\"https:\/\/www.fcfamalicao.pt\/wp-content\/uploads\/2021\/11\/fcf-cover.jpg\" \/>\n\t<meta property=\"og:image:width\" content=\"1440\" \/>\n\t<meta property=\"og:image:height\" content=\"529\" \/>\n\t<meta property=\"og:image:type\" content=\"image\/jpeg\" \/>\n<meta name=\"twitter:card\" content=\"summary_large_image\" \/>\n<meta name=\"twitter:site\" content=\"@fcf1931_oficial\" \/>\n<script type=\"application\/ld+json\" class=\"yoast-schema-graph\">{\"@context\":\"https:\/\/schema.org\",\"@graph\":[{\"@type\":\"WebPage\",\"@id\":\"https:\/\/www.fcfamalicao.pt\/en\/members\/update-your-information\/\",\"url\":\"https:\/\/www.fcfamalicao.pt\/en\/members\/update-your-information\/\",\"name\":\"Update your information - FC Famalic\u00e3o\",\"isPartOf\":{\"@id\":\"https:\/\/www.fcfamalicao.pt\/en\/#website\"},\"primaryImageOfPage\":{\"@id\":\"https:\/\/www.fcfamalicao.pt\/en\/members\/update-your-information\/#primaryimage\"},\"image\":{\"@id\":\"https:\/\/www.fcfamalicao.pt\/en\/members\/update-your-information\/#primaryimage\"},\"thumbnailUrl\":\"https:\/\/www.fcfamalicao.pt\/wp-content\/uploads\/2022\/10\/atualizacao-socios-1.jpg\",\"datePublished\":\"2020-02-20T14:21:51+00:00\",\"dateModified\":\"2021-11-08T12:20:52+00:00\",\"breadcrumb\":{\"@id\":\"https:\/\/www.fcfamalicao.pt\/en\/members\/update-your-information\/#breadcrumb\"},\"inLanguage\":\"en-US\",\"potentialAction\":[{\"@type\":\"ReadAction\",\"target\":[\"https:\/\/www.fcfamalicao.pt\/en\/members\/update-your-information\/\"]}]},{\"@type\":\"ImageObject\",\"inLanguage\":\"en-US\",\"@id\":\"https:\/\/www.fcfamalicao.pt\/en\/members\/update-your-information\/#primaryimage\",\"url\":\"https:\/\/www.fcfamalicao.pt\/wp-content\/uploads\/2022\/10\/atualizacao-socios-1.jpg\",\"contentUrl\":\"https:\/\/www.fcfamalicao.pt\/wp-content\/uploads\/2022\/10\/atualizacao-socios-1.jpg\",\"width\":1920,\"height\":887},{\"@type\":\"BreadcrumbList\",\"@id\":\"https:\/\/www.fcfamalicao.pt\/en\/members\/update-your-information\/#breadcrumb\",\"itemListElement\":[{\"@type\":\"ListItem\",\"position\":1,\"name\":\"Home\",\"item\":\"https:\/\/www.fcfamalicao.pt\/en\/\"},{\"@type\":\"ListItem\",\"position\":2,\"name\":\"Members\",\"item\":\"https:\/\/www.fcfamalicao.pt\/en\/members\/\"},{\"@type\":\"ListItem\",\"position\":3,\"name\":\"Update your information\"}]},{\"@type\":\"WebSite\",\"@id\":\"https:\/\/www.fcfamalicao.pt\/en\/#website\",\"url\":\"https:\/\/www.fcfamalicao.pt\/en\/\",\"name\":\"FC Famalic\u00e3o\",\"description\":\"Site oficial do Futebol Clube Famalic\u00e3o. #AMORDEPERDI\u00c7\u00c3O\",\"publisher\":{\"@id\":\"https:\/\/www.fcfamalicao.pt\/en\/#organization\"},\"potentialAction\":[{\"@type\":\"SearchAction\",\"target\":{\"@type\":\"EntryPoint\",\"urlTemplate\":\"https:\/\/www.fcfamalicao.pt\/en\/?s={search_term_string}\"},\"query-input\":{\"@type\":\"PropertyValueSpecification\",\"valueRequired\":true,\"valueName\":\"search_term_string\"}}],\"inLanguage\":\"en-US\"},{\"@type\":\"Organization\",\"@id\":\"https:\/\/www.fcfamalicao.pt\/en\/#organization\",\"name\":\"FC Famalic\u00e3o\",\"url\":\"https:\/\/www.fcfamalicao.pt\/en\/\",\"logo\":{\"@type\":\"ImageObject\",\"inLanguage\":\"en-US\",\"@id\":\"https:\/\/www.fcfamalicao.pt\/en\/#\/schema\/logo\/image\/\",\"url\":\"https:\/\/www.fcfamalicao.pt\/wp-content\/uploads\/2018\/11\/fcf-logo.png\",\"contentUrl\":\"https:\/\/www.fcfamalicao.pt\/wp-content\/uploads\/2018\/11\/fcf-logo.png\",\"width\":150,\"height\":143,\"caption\":\"FC Famalic\u00e3o\"},\"image\":{\"@id\":\"https:\/\/www.fcfamalicao.pt\/en\/#\/schema\/logo\/image\/\"},\"sameAs\":[\"https:\/\/www.facebook.com\/FCFamalicao\/\",\"https:\/\/x.com\/fcf1931_oficial\",\"https:\/\/www.instagram.com\/futebolclubefamalicao\/\",\"https:\/\/www.youtube.com\/FCFamalicao1931\"]}]}<\/script>\n<!-- \/ Yoast SEO plugin. -->","yoast_head_json":{"title":"Update your information - FC Famalic\u00e3o","robots":{"index":"index","follow":"follow","max-snippet":"max-snippet:-1","max-image-preview":"max-image-preview:large","max-video-preview":"max-video-preview:-1"},"canonical":"https:\/\/www.fcfamalicao.pt\/en\/members\/update-your-information\/","og_locale":"en_US","og_type":"article","og_title":"Update your information - FC Famalic\u00e3o","og_url":"https:\/\/www.fcfamalicao.pt\/en\/members\/update-your-information\/","og_site_name":"FC Famalic\u00e3o","article_publisher":"https:\/\/www.facebook.com\/FCFamalicao\/","article_modified_time":"2021-11-08T12:20:52+00:00","og_image":[{"width":1440,"height":529,"url":"https:\/\/www.fcfamalicao.pt\/wp-content\/uploads\/2021\/11\/fcf-cover.jpg","type":"image\/jpeg"}],"twitter_card":"summary_large_image","twitter_site":"@fcf1931_oficial","schema":{"@context":"https:\/\/schema.org","@graph":[{"@type":"WebPage","@id":"https:\/\/www.fcfamalicao.pt\/en\/members\/update-your-information\/","url":"https:\/\/www.fcfamalicao.pt\/en\/members\/update-your-information\/","name":"Update your information - FC Famalic\u00e3o","isPartOf":{"@id":"https:\/\/www.fcfamalicao.pt\/en\/#website"},"primaryImageOfPage":{"@id":"https:\/\/www.fcfamalicao.pt\/en\/members\/update-your-information\/#primaryimage"},"image":{"@id":"https:\/\/www.fcfamalicao.pt\/en\/members\/update-your-information\/#primaryimage"},"thumbnailUrl":"https:\/\/www.fcfamalicao.pt\/wp-content\/uploads\/2022\/10\/atualizacao-socios-1.jpg","datePublished":"2020-02-20T14:21:51+00:00","dateModified":"2021-11-08T12:20:52+00:00","breadcrumb":{"@id":"https:\/\/www.fcfamalicao.pt\/en\/members\/update-your-information\/#breadcrumb"},"inLanguage":"en-US","potentialAction":[{"@type":"ReadAction","target":["https:\/\/www.fcfamalicao.pt\/en\/members\/update-your-information\/"]}]},{"@type":"ImageObject","inLanguage":"en-US","@id":"https:\/\/www.fcfamalicao.pt\/en\/members\/update-your-information\/#primaryimage","url":"https:\/\/www.fcfamalicao.pt\/wp-content\/uploads\/2022\/10\/atualizacao-socios-1.jpg","contentUrl":"https:\/\/www.fcfamalicao.pt\/wp-content\/uploads\/2022\/10\/atualizacao-socios-1.jpg","width":1920,"height":887},{"@type":"BreadcrumbList","@id":"https:\/\/www.fcfamalicao.pt\/en\/members\/update-your-information\/#breadcrumb","itemListElement":[{"@type":"ListItem","position":1,"name":"Home","item":"https:\/\/www.fcfamalicao.pt\/en\/"},{"@type":"ListItem","position":2,"name":"Members","item":"https:\/\/www.fcfamalicao.pt\/en\/members\/"},{"@type":"ListItem","position":3,"name":"Update your information"}]},{"@type":"WebSite","@id":"https:\/\/www.fcfamalicao.pt\/en\/#website","url":"https:\/\/www.fcfamalicao.pt\/en\/","name":"FC Famalic\u00e3o","description":"Site oficial do Futebol Clube Famalic\u00e3o. #AMORDEPERDI\u00c7\u00c3O","publisher":{"@id":"https:\/\/www.fcfamalicao.pt\/en\/#organization"},"potentialAction":[{"@type":"SearchAction","target":{"@type":"EntryPoint","urlTemplate":"https:\/\/www.fcfamalicao.pt\/en\/?s={search_term_string}"},"query-input":{"@type":"PropertyValueSpecification","valueRequired":true,"valueName":"search_term_string"}}],"inLanguage":"en-US"},{"@type":"Organization","@id":"https:\/\/www.fcfamalicao.pt\/en\/#organization","name":"FC Famalic\u00e3o","url":"https:\/\/www.fcfamalicao.pt\/en\/","logo":{"@type":"ImageObject","inLanguage":"en-US","@id":"https:\/\/www.fcfamalicao.pt\/en\/#\/schema\/logo\/image\/","url":"https:\/\/www.fcfamalicao.pt\/wp-content\/uploads\/2018\/11\/fcf-logo.png","contentUrl":"https:\/\/www.fcfamalicao.pt\/wp-content\/uploads\/2018\/11\/fcf-logo.png","width":150,"height":143,"caption":"FC Famalic\u00e3o"},"image":{"@id":"https:\/\/www.fcfamalicao.pt\/en\/#\/schema\/logo\/image\/"},"sameAs":["https:\/\/www.facebook.com\/FCFamalicao\/","https:\/\/x.com\/fcf1931_oficial","https:\/\/www.instagram.com\/futebolclubefamalicao\/","https:\/\/www.youtube.com\/FCFamalicao1931"]}]}},"_links":{"self":[{"href":"https:\/\/www.fcfamalicao.pt\/en\/wp-json\/wp\/v2\/pages\/18298","targetHints":{"allow":["GET"]}}],"collection":[{"href":"https:\/\/www.fcfamalicao.pt\/en\/wp-json\/wp\/v2\/pages"}],"about":[{"href":"https:\/\/www.fcfamalicao.pt\/en\/wp-json\/wp\/v2\/types\/page"}],"author":[{"embeddable":true,"href":"https:\/\/www.fcfamalicao.pt\/en\/wp-json\/wp\/v2\/users\/1"}],"replies":[{"embeddable":true,"href":"https:\/\/www.fcfamalicao.pt\/en\/wp-json\/wp\/v2\/comments?post=18298"}],"version-history":[{"count":0,"href":"https:\/\/www.fcfamalicao.pt\/en\/wp-json\/wp\/v2\/pages\/18298\/revisions"}],"up":[{"embeddable":true,"href":"https:\/\/www.fcfamalicao.pt\/en\/wp-json\/wp\/v2\/pages\/18329"}],"wp:featuredmedia":[{"embeddable":true,"href":"https:\/\/www.fcfamalicao.pt\/en\/wp-json\/wp\/v2\/media\/24303"}],"wp:attachment":[{"href":"https:\/\/www.fcfamalicao.pt\/en\/wp-json\/wp\/v2\/media?parent=18298"}],"curies":[{"name":"wp","href":"https:\/\/api.w.org\/{rel}","templated":true}]}}