{"id":18326,"date":"2018-07-13T16:27:13","date_gmt":"2018-07-13T16:27:13","guid":{"rendered":"https:\/\/www.fcfamalicao.pt\/paixao-nas-escolas\/"},"modified":"2023-02-03T13:00:47","modified_gmt":"2023-02-03T13:00:47","slug":"passion-in-schools","status":"publish","type":"page","link":"https:\/\/www.fcfamalicao.pt\/en\/social-responsability\/passion-in-schools\/","title":{"rendered":"Fama in Schools"},"content":{"rendered":"[vc_row][vc_column][vc_column_text]Fans of Futebol Clube de Famalic\u00e3o are with us from birth. Pride in being from Vila Nova is fostered from an early age. Supporting the city&#8217;s club and watching a first football match in the municipal stands is a defining moment that FC Famalic\u00e3o seeks to provide children from all over the municipality with through players visits to schools.<\/p>\n<p>The club&#8217;s growth comes down to the growth of its fan base, and events run with children and schools &#8211; which cradle our all-important future generation &#8211; are carried out frequently throughout the sporting season.<\/p>\n<p>\u201cO Fama nas escolas\u201d (Fama in schools) also seeks to teach the community about the largest club in the municipality, telling story of this symbol of Vila Nova de Famalic\u00e3o.<\/p>\n<p>Then comes seeing these very same children in the stadium wearing a scarf, waving a flag, and chanting in unison, \u201cI&#8217;m from Vila Nova\/filled with pride\/filled with love!\u201d<\/p>\n<p>For school bookings email us at: <a href=\"mailto:comunicacao@fcfamalicao.pt\">comunicacao@fcfamalicao.pt<\/a>[\/vc_column_text][vc_gallery type=&#8221;image_grid&#8221; images=&#8221;25687,25711,25709,25707,25705,25703,25701,25699,25697,25695,25693,25691,25689&#8243; img_size=&#8221;medium&#8221;][\/vc_column][\/vc_row]\n","protected":false},"excerpt":{"rendered":"<p>[vc_row][vc_column][vc_column_text]Fans of Futebol Clube de Famalic\u00e3o are with us from birth. Pride in being from Vila Nova is fostered from an early age. Supporting the city&#8217;s club and watching a first football match in the municipal stands is a defining moment that FC Famalic\u00e3o seeks to provide children from all&hellip;<\/p>\n","protected":false},"author":1,"featured_media":25658,"parent":18352,"menu_order":25,"comment_status":"closed","ping_status":"closed","template":"","meta":{"_acf_changed":false,"footnotes":""},"class_list":["post-18326","page","type-page","status-publish","has-post-thumbnail","hentry"],"acf":[],"yoast_head":"<!-- This site is optimized with the Yoast SEO plugin v27.1.1 - https:\/\/yoast.com\/product\/yoast-seo-wordpress\/ -->\n<title>Fama in Schools - FC Famalic\u00e3o<\/title>\n<meta name=\"robots\" content=\"index, follow, max-snippet:-1, max-image-preview:large, max-video-preview:-1\" \/>\n<link rel=\"canonical\" href=\"https:\/\/www.fcfamalicao.pt\/en\/social-responsability\/passion-in-schools\/\" \/>\n<meta property=\"og:locale\" content=\"en_US\" \/>\n<meta property=\"og:type\" content=\"article\" \/>\n<meta property=\"og:title\" content=\"Fama in Schools - FC Famalic\u00e3o\" \/>\n<meta property=\"og:description\" content=\"[vc_row][vc_column][vc_column_text]Fans of Futebol Clube de Famalic\u00e3o are with us from birth. Pride in being from Vila Nova is fostered from an early age. Supporting the city&#8217;s club and watching a first football match in the municipal stands is a defining moment that FC Famalic\u00e3o seeks to provide children from all&hellip;\" \/>\n<meta property=\"og:url\" content=\"https:\/\/www.fcfamalicao.pt\/en\/social-responsability\/passion-in-schools\/\" \/>\n<meta property=\"og:site_name\" content=\"FC Famalic\u00e3o\" \/>\n<meta property=\"article:publisher\" content=\"https:\/\/www.facebook.com\/FCFamalicao\/\" \/>\n<meta property=\"article:modified_time\" content=\"2023-02-03T13:00:47+00:00\" \/>\n<meta property=\"og:image\" content=\"https:\/\/www.fcfamalicao.pt\/wp-content\/uploads\/2023\/02\/Banner-o-Fama-na-Escola.jpg\" \/>\n\t<meta property=\"og:image:width\" content=\"1920\" \/>\n\t<meta property=\"og:image:height\" content=\"887\" \/>\n\t<meta property=\"og:image:type\" content=\"image\/jpeg\" \/>\n<meta name=\"twitter:card\" content=\"summary_large_image\" \/>\n<meta name=\"twitter:site\" content=\"@fcf1931_oficial\" \/>\n<meta name=\"twitter:label1\" content=\"Est. reading time\" \/>\n\t<meta name=\"twitter:data1\" content=\"1 minute\" \/>\n<script type=\"application\/ld+json\" class=\"yoast-schema-graph\">{\"@context\":\"https:\/\/schema.org\",\"@graph\":[{\"@type\":\"WebPage\",\"@id\":\"https:\/\/www.fcfamalicao.pt\/en\/social-responsability\/passion-in-schools\/\",\"url\":\"https:\/\/www.fcfamalicao.pt\/en\/social-responsability\/passion-in-schools\/\",\"name\":\"Fama in Schools - FC Famalic\u00e3o\",\"isPartOf\":{\"@id\":\"https:\/\/www.fcfamalicao.pt\/en\/#website\"},\"primaryImageOfPage\":{\"@id\":\"https:\/\/www.fcfamalicao.pt\/en\/social-responsability\/passion-in-schools\/#primaryimage\"},\"image\":{\"@id\":\"https:\/\/www.fcfamalicao.pt\/en\/social-responsability\/passion-in-schools\/#primaryimage\"},\"thumbnailUrl\":\"https:\/\/www.fcfamalicao.pt\/wp-content\/uploads\/2023\/02\/Banner-o-Fama-na-Escola.jpg\",\"datePublished\":\"2018-07-13T16:27:13+00:00\",\"dateModified\":\"2023-02-03T13:00:47+00:00\",\"breadcrumb\":{\"@id\":\"https:\/\/www.fcfamalicao.pt\/en\/social-responsability\/passion-in-schools\/#breadcrumb\"},\"inLanguage\":\"en-US\",\"potentialAction\":[{\"@type\":\"ReadAction\",\"target\":[\"https:\/\/www.fcfamalicao.pt\/en\/social-responsability\/passion-in-schools\/\"]}]},{\"@type\":\"ImageObject\",\"inLanguage\":\"en-US\",\"@id\":\"https:\/\/www.fcfamalicao.pt\/en\/social-responsability\/passion-in-schools\/#primaryimage\",\"url\":\"https:\/\/www.fcfamalicao.pt\/wp-content\/uploads\/2023\/02\/Banner-o-Fama-na-Escola.jpg\",\"contentUrl\":\"https:\/\/www.fcfamalicao.pt\/wp-content\/uploads\/2023\/02\/Banner-o-Fama-na-Escola.jpg\",\"width\":1920,\"height\":887},{\"@type\":\"BreadcrumbList\",\"@id\":\"https:\/\/www.fcfamalicao.pt\/en\/social-responsability\/passion-in-schools\/#breadcrumb\",\"itemListElement\":[{\"@type\":\"ListItem\",\"position\":1,\"name\":\"Home\",\"item\":\"https:\/\/www.fcfamalicao.pt\/en\/\"},{\"@type\":\"ListItem\",\"position\":2,\"name\":\"Social Responsability\",\"item\":\"https:\/\/www.fcfamalicao.pt\/en\/social-responsability\/\"},{\"@type\":\"ListItem\",\"position\":3,\"name\":\"Fama in Schools\"}]},{\"@type\":\"WebSite\",\"@id\":\"https:\/\/www.fcfamalicao.pt\/en\/#website\",\"url\":\"https:\/\/www.fcfamalicao.pt\/en\/\",\"name\":\"FC Famalic\u00e3o\",\"description\":\"Site oficial do Futebol Clube Famalic\u00e3o. #AMORDEPERDI\u00c7\u00c3O\",\"publisher\":{\"@id\":\"https:\/\/www.fcfamalicao.pt\/en\/#organization\"},\"potentialAction\":[{\"@type\":\"SearchAction\",\"target\":{\"@type\":\"EntryPoint\",\"urlTemplate\":\"https:\/\/www.fcfamalicao.pt\/en\/?s={search_term_string}\"},\"query-input\":{\"@type\":\"PropertyValueSpecification\",\"valueRequired\":true,\"valueName\":\"search_term_string\"}}],\"inLanguage\":\"en-US\"},{\"@type\":\"Organization\",\"@id\":\"https:\/\/www.fcfamalicao.pt\/en\/#organization\",\"name\":\"FC Famalic\u00e3o\",\"url\":\"https:\/\/www.fcfamalicao.pt\/en\/\",\"logo\":{\"@type\":\"ImageObject\",\"inLanguage\":\"en-US\",\"@id\":\"https:\/\/www.fcfamalicao.pt\/en\/#\/schema\/logo\/image\/\",\"url\":\"https:\/\/www.fcfamalicao.pt\/wp-content\/uploads\/2018\/11\/fcf-logo.png\",\"contentUrl\":\"https:\/\/www.fcfamalicao.pt\/wp-content\/uploads\/2018\/11\/fcf-logo.png\",\"width\":150,\"height\":143,\"caption\":\"FC Famalic\u00e3o\"},\"image\":{\"@id\":\"https:\/\/www.fcfamalicao.pt\/en\/#\/schema\/logo\/image\/\"},\"sameAs\":[\"https:\/\/www.facebook.com\/FCFamalicao\/\",\"https:\/\/x.com\/fcf1931_oficial\",\"https:\/\/www.instagram.com\/futebolclubefamalicao\/\",\"https:\/\/www.youtube.com\/FCFamalicao1931\"]}]}<\/script>\n<!-- \/ Yoast SEO plugin. -->","yoast_head_json":{"title":"Fama in Schools - FC Famalic\u00e3o","robots":{"index":"index","follow":"follow","max-snippet":"max-snippet:-1","max-image-preview":"max-image-preview:large","max-video-preview":"max-video-preview:-1"},"canonical":"https:\/\/www.fcfamalicao.pt\/en\/social-responsability\/passion-in-schools\/","og_locale":"en_US","og_type":"article","og_title":"Fama in Schools - FC Famalic\u00e3o","og_description":"[vc_row][vc_column][vc_column_text]Fans of Futebol Clube de Famalic\u00e3o are with us from birth. Pride in being from Vila Nova is fostered from an early age. Supporting the city&#8217;s club and watching a first football match in the municipal stands is a defining moment that FC Famalic\u00e3o seeks to provide children from all&hellip;","og_url":"https:\/\/www.fcfamalicao.pt\/en\/social-responsability\/passion-in-schools\/","og_site_name":"FC Famalic\u00e3o","article_publisher":"https:\/\/www.facebook.com\/FCFamalicao\/","article_modified_time":"2023-02-03T13:00:47+00:00","og_image":[{"width":1920,"height":887,"url":"https:\/\/www.fcfamalicao.pt\/wp-content\/uploads\/2023\/02\/Banner-o-Fama-na-Escola.jpg","type":"image\/jpeg"}],"twitter_card":"summary_large_image","twitter_site":"@fcf1931_oficial","twitter_misc":{"Est. reading time":"1 minute"},"schema":{"@context":"https:\/\/schema.org","@graph":[{"@type":"WebPage","@id":"https:\/\/www.fcfamalicao.pt\/en\/social-responsability\/passion-in-schools\/","url":"https:\/\/www.fcfamalicao.pt\/en\/social-responsability\/passion-in-schools\/","name":"Fama in Schools - FC Famalic\u00e3o","isPartOf":{"@id":"https:\/\/www.fcfamalicao.pt\/en\/#website"},"primaryImageOfPage":{"@id":"https:\/\/www.fcfamalicao.pt\/en\/social-responsability\/passion-in-schools\/#primaryimage"},"image":{"@id":"https:\/\/www.fcfamalicao.pt\/en\/social-responsability\/passion-in-schools\/#primaryimage"},"thumbnailUrl":"https:\/\/www.fcfamalicao.pt\/wp-content\/uploads\/2023\/02\/Banner-o-Fama-na-Escola.jpg","datePublished":"2018-07-13T16:27:13+00:00","dateModified":"2023-02-03T13:00:47+00:00","breadcrumb":{"@id":"https:\/\/www.fcfamalicao.pt\/en\/social-responsability\/passion-in-schools\/#breadcrumb"},"inLanguage":"en-US","potentialAction":[{"@type":"ReadAction","target":["https:\/\/www.fcfamalicao.pt\/en\/social-responsability\/passion-in-schools\/"]}]},{"@type":"ImageObject","inLanguage":"en-US","@id":"https:\/\/www.fcfamalicao.pt\/en\/social-responsability\/passion-in-schools\/#primaryimage","url":"https:\/\/www.fcfamalicao.pt\/wp-content\/uploads\/2023\/02\/Banner-o-Fama-na-Escola.jpg","contentUrl":"https:\/\/www.fcfamalicao.pt\/wp-content\/uploads\/2023\/02\/Banner-o-Fama-na-Escola.jpg","width":1920,"height":887},{"@type":"BreadcrumbList","@id":"https:\/\/www.fcfamalicao.pt\/en\/social-responsability\/passion-in-schools\/#breadcrumb","itemListElement":[{"@type":"ListItem","position":1,"name":"Home","item":"https:\/\/www.fcfamalicao.pt\/en\/"},{"@type":"ListItem","position":2,"name":"Social Responsability","item":"https:\/\/www.fcfamalicao.pt\/en\/social-responsability\/"},{"@type":"ListItem","position":3,"name":"Fama in Schools"}]},{"@type":"WebSite","@id":"https:\/\/www.fcfamalicao.pt\/en\/#website","url":"https:\/\/www.fcfamalicao.pt\/en\/","name":"FC Famalic\u00e3o","description":"Site oficial do Futebol Clube Famalic\u00e3o. #AMORDEPERDI\u00c7\u00c3O","publisher":{"@id":"https:\/\/www.fcfamalicao.pt\/en\/#organization"},"potentialAction":[{"@type":"SearchAction","target":{"@type":"EntryPoint","urlTemplate":"https:\/\/www.fcfamalicao.pt\/en\/?s={search_term_string}"},"query-input":{"@type":"PropertyValueSpecification","valueRequired":true,"valueName":"search_term_string"}}],"inLanguage":"en-US"},{"@type":"Organization","@id":"https:\/\/www.fcfamalicao.pt\/en\/#organization","name":"FC Famalic\u00e3o","url":"https:\/\/www.fcfamalicao.pt\/en\/","logo":{"@type":"ImageObject","inLanguage":"en-US","@id":"https:\/\/www.fcfamalicao.pt\/en\/#\/schema\/logo\/image\/","url":"https:\/\/www.fcfamalicao.pt\/wp-content\/uploads\/2018\/11\/fcf-logo.png","contentUrl":"https:\/\/www.fcfamalicao.pt\/wp-content\/uploads\/2018\/11\/fcf-logo.png","width":150,"height":143,"caption":"FC Famalic\u00e3o"},"image":{"@id":"https:\/\/www.fcfamalicao.pt\/en\/#\/schema\/logo\/image\/"},"sameAs":["https:\/\/www.facebook.com\/FCFamalicao\/","https:\/\/x.com\/fcf1931_oficial","https:\/\/www.instagram.com\/futebolclubefamalicao\/","https:\/\/www.youtube.com\/FCFamalicao1931"]}]}},"_links":{"self":[{"href":"https:\/\/www.fcfamalicao.pt\/en\/wp-json\/wp\/v2\/pages\/18326","targetHints":{"allow":["GET"]}}],"collection":[{"href":"https:\/\/www.fcfamalicao.pt\/en\/wp-json\/wp\/v2\/pages"}],"about":[{"href":"https:\/\/www.fcfamalicao.pt\/en\/wp-json\/wp\/v2\/types\/page"}],"author":[{"embeddable":true,"href":"https:\/\/www.fcfamalicao.pt\/en\/wp-json\/wp\/v2\/users\/1"}],"replies":[{"embeddable":true,"href":"https:\/\/www.fcfamalicao.pt\/en\/wp-json\/wp\/v2\/comments?post=18326"}],"version-history":[{"count":0,"href":"https:\/\/www.fcfamalicao.pt\/en\/wp-json\/wp\/v2\/pages\/18326\/revisions"}],"up":[{"embeddable":true,"href":"https:\/\/www.fcfamalicao.pt\/en\/wp-json\/wp\/v2\/pages\/18352"}],"wp:featuredmedia":[{"embeddable":true,"href":"https:\/\/www.fcfamalicao.pt\/en\/wp-json\/wp\/v2\/media\/25658"}],"wp:attachment":[{"href":"https:\/\/www.fcfamalicao.pt\/en\/wp-json\/wp\/v2\/media?parent=18326"}],"curies":[{"name":"wp","href":"https:\/\/api.w.org\/{rel}","templated":true}]}}