{"id":18334,"date":"2018-07-13T16:21:33","date_gmt":"2018-07-13T16:21:33","guid":{"rendered":"https:\/\/www.fcfamalicao.pt\/imprensa\/"},"modified":"2021-11-08T17:13:22","modified_gmt":"2021-11-08T17:13:22","slug":"press","status":"publish","type":"page","link":"https:\/\/www.fcfamalicao.pt\/en\/press\/","title":{"rendered":"Press"},"content":{"rendered":"<p>This press area has been designed for the Media and media professionals.<\/p>\n<p>By registering, you gain access to exclusive news and content about Futebol Clube de Famalic\u00e3o&#8217;s professional football activities.<\/p>\n<p>Our press area is also where you may request accreditation for sporting events run by Futebol Clube de Famalic\u00e3o.<\/p>\n<p>To request accreditation, you must fill in the form.<\/p>\n<div class=\"frm_forms  with_frm_style frm_style_formidable-style\" id=\"frm_form_8_container\" data-token=\"f276d3848f2525a8baf5fc44dde61e01\">\n<form enctype=\"multipart\/form-data\" method=\"post\" class=\"frm-show-form  frm_js_validate  frm_ajax_submit  frm_pro_form \" id=\"form_press-fc-famalico\" data-token=\"f276d3848f2525a8baf5fc44dde61e01\">\n<div class=\"frm_form_fields \">\n<fieldset>\n<legend class=\"frm_screen_reader\">Press FC Famalic\u00e3o<\/legend>\r\n\r\n<div class=\"frm_fields_container\">\n<input type=\"hidden\" name=\"frm_action\" value=\"create\" \/>\n<input type=\"hidden\" name=\"form_id\" value=\"8\" \/>\n<input type=\"hidden\" name=\"frm_hide_fields_8\" id=\"frm_hide_fields_8\" value=\"\" \/>\n<input type=\"hidden\" name=\"form_key\" value=\"press-fc-famalico\" \/>\n<input type=\"hidden\" name=\"item_meta[0]\" value=\"\" \/>\n<input type=\"hidden\" id=\"frm_submit_entry_8\" name=\"frm_submit_entry_8\" value=\"0ba8351b44\" \/><input type=\"hidden\" name=\"_wp_http_referer\" value=\"\/en\/wp-json\/wp\/v2\/pages\/18334\" \/><div id=\"frm_field_37_container\" class=\"frm_form_field form-field  frm_required_field frm_none_container\">\r\n    <label for=\"field_jogo\" id=\"field_jogo_label\" class=\"frm_primary_label\">Match: FC Famalic\u00e3o vs [Team]\r\n        <span class=\"frm_required\" aria-hidden=\"true\">*<\/span>\r\n    <\/label>\r\n    <input  type=\"text\" id=\"field_jogo\" name=\"item_meta[37]\" value=\"\"  placeholder=\"Match: FC Famalic\u00e3o vs [Team]\" data-reqmsg=\"Required field.\" aria-required=\"true\" data-invmsg=\"Text is invalid\" aria-invalid=\"false\"   \/>\r\n    \r\n    \r\n<\/div>\n<div id=\"frm_field_38_container\" class=\"frm_form_field form-field  frm_required_field frm_none_container frm_first frm_third\">\r\n    <label for=\"field_nome7c05c0b566\" id=\"field_nome7c05c0b566_label\" class=\"frm_primary_label\">Name\r\n        <span class=\"frm_required\" aria-hidden=\"true\">*<\/span>\r\n    <\/label>\r\n    <input  type=\"text\" id=\"field_nome7c05c0b566\" name=\"item_meta[38]\" value=\"\"  placeholder=\"Name\" data-reqmsg=\"Required field.\" aria-required=\"true\" data-invmsg=\"Text is invalid\" aria-invalid=\"false\"   \/>\r\n    \r\n    \r\n<\/div>\n<div id=\"frm_field_39_container\" class=\"frm_form_field form-field  frm_required_field frm_none_container frm_third\">\r\n    <label for=\"field_emailbbbf69e280\" id=\"field_emailbbbf69e280_label\" class=\"frm_primary_label\">Email address\r\n        <span class=\"frm_required\" aria-hidden=\"true\">*<\/span>\r\n    <\/label>\r\n    <input type=\"email\" id=\"field_emailbbbf69e280\" name=\"item_meta[39]\" value=\"\"  placeholder=\"Email address\" data-reqmsg=\"Required field.\" aria-required=\"true\" data-invmsg=\"Invalid email\" aria-invalid=\"false\"  \/>\r\n    \r\n    \r\n<\/div>\n<div id=\"frm_field_40_container\" class=\"frm_form_field form-field  frm_required_field frm_none_container frm_third\">\r\n    <label for=\"field_telemovel67058eab3c\" id=\"field_telemovel67058eab3c_label\" class=\"frm_primary_label\">Phone no.\r\n        <span class=\"frm_required\" aria-hidden=\"true\">*<\/span>\r\n    <\/label>\r\n    <input type=\"tel\" id=\"field_telemovel67058eab3c\" name=\"item_meta[40]\" value=\"\"  placeholder=\"Phone no.\" data-reqmsg=\"Required field.\" aria-required=\"true\" data-invmsg=\"Invalid number\" aria-invalid=\"false\" pattern=\"((\\+\\d{1,3}(-|.| )?\\(?\\d\\)?(-| |.)?\\d{1,5})|(\\(?\\d{2,6}\\)?))(-|.| )?(\\d{3,4})(-|.| )?(\\d{4})(( x| ext)\\d{1,5}){0,1}$\"  \/>\r\n    \r\n    \r\n<\/div>\n<div id=\"frm_field_41_container\" class=\"frm_form_field form-field  frm_required_field frm_none_container frm_first frm_third\">\r\n    <label for=\"field_orgao-de-comunicacao\" id=\"field_orgao-de-comunicacao_label\" class=\"frm_primary_label\">Media Organisation\r\n        <span class=\"frm_required\" aria-hidden=\"true\">*<\/span>\r\n    <\/label>\r\n    <input  type=\"text\" id=\"field_orgao-de-comunicacao\" name=\"item_meta[41]\" value=\"\"  placeholder=\"Media Organisation\" data-reqmsg=\"Required field.\" aria-required=\"true\" data-invmsg=\"Text is invalid\" aria-invalid=\"false\"   \/>\r\n    \r\n    \r\n<\/div>\n<div id=\"frm_field_42_container\" class=\"frm_form_field form-field  frm_required_field frm_none_container frm_third\">\r\n    <label for=\"field_carteira-profissional\" id=\"field_carteira-profissional_label\" class=\"frm_primary_label\">Portuguese Sport Journalists\u00a0Association or AIPS Member number\r\n        <span class=\"frm_required\" aria-hidden=\"true\">*<\/span>\r\n    <\/label>\r\n    <input  type=\"text\" id=\"field_carteira-profissional\" name=\"item_meta[42]\" value=\"\"  placeholder=\"Portuguese Sport Journalists\u00a0Association or AIPS Member number\" data-reqmsg=\"Required field.\" aria-required=\"true\" data-invmsg=\"Text is invalid\" aria-invalid=\"false\"   \/>\r\n    \r\n    \r\n<\/div>\n<div id=\"frm_field_43_container\" class=\"frm_form_field form-field  frm_none_container frm_third\">\r\n    <label for=\"field_numero-colete\" id=\"field_numero-colete_label\" class=\"frm_primary_label\">Vest No.\r\n        <span class=\"frm_required\" aria-hidden=\"true\"><\/span>\r\n    <\/label>\r\n    <input type=\"number\" id=\"field_numero-colete\" name=\"item_meta[43]\" value=\"\" placeholder=\"Vest No.\" data-invmsg=\"Invalid number.\" aria-invalid=\"false\"   min=\"0\" max=\"9999999\" step=\"any\" \/>\r\n    \r\n    \r\n<\/div>\n<div id=\"frm_field_44_container\" class=\"frm_form_field form-field  frm_required_field frm_top_container frm_first frm_third horizontal_radio\">\r\n    <div  id=\"field_zonas-de-acesso_label\" class=\"frm_primary_label\">Access Areas\r\n        <span class=\"frm_required\" aria-hidden=\"true\">*<\/span>\r\n    <\/div>\r\n    <div class=\"frm_opt_container\" aria-labelledby=\"field_zonas-de-acesso_label\" role=\"group\">\t\t<div class=\"frm_checkbox\" id=\"frm_checkbox_44-0\">\t\t\t<label  for=\"field_zonas-de-acesso-0\">\n\t\t\t<input type=\"checkbox\" name=\"item_meta[44][]\" id=\"field_zonas-de-acesso-0\" value=\"Bancada Imprensa\"  data-reqmsg=\"Required field.\" data-invmsg=\"Access Areas is invalid\"   aria-required=\"true\"  \/> Pressbox<\/label><\/div>\n\t\t<div class=\"frm_checkbox\" id=\"frm_checkbox_44-1\">\t\t\t<label  for=\"field_zonas-de-acesso-1\">\n\t\t\t<input type=\"checkbox\" name=\"item_meta[44][]\" id=\"field_zonas-de-acesso-1\" value=\"Sala Imprensa\"  data-reqmsg=\"Required field.\" data-invmsg=\"Access Areas is invalid\"   \/> Press Room<\/label><\/div>\n\t\t<div class=\"frm_checkbox\" id=\"frm_checkbox_44-2\">\t\t\t<label  for=\"field_zonas-de-acesso-2\">\n\t\t\t<input type=\"checkbox\" name=\"item_meta[44][]\" id=\"field_zonas-de-acesso-2\" value=\"Relvado\"  data-reqmsg=\"Required field.\" data-invmsg=\"Access Areas is invalid\"   \/> Pitch<\/label><\/div>\n\t\t<div class=\"frm_checkbox\" id=\"frm_checkbox_44-3\">\t\t\t<label  for=\"field_zonas-de-acesso-3\">\n\t\t\t<input type=\"checkbox\" name=\"item_meta[44][]\" id=\"field_zonas-de-acesso-3\" value=\"Zona Filmagem\"  data-reqmsg=\"Required field.\" data-invmsg=\"Access Areas is invalid\"   \/> Filming Area<\/label><\/div>\n<\/div>\r\n    <div class=\"frm_description\" id=\"frm_desc_field_zonas-de-acesso\">Select the Areas you want to access<\/div>\r\n    \r\n<\/div>\n<div id=\"frm_field_45_container\" class=\"frm_form_field form-field  frm_required_field frm_top_container frm_third horizontal_radio\">\r\n    <div  id=\"field_relvado_label\" class=\"frm_primary_label\">Will you be going onto the pitch?\r\n        <span class=\"frm_required\" aria-hidden=\"true\">*<\/span>\r\n    <\/div>\r\n    <div class=\"frm_opt_container\" aria-labelledby=\"field_relvado_label\" role=\"radiogroup\" aria-required=\"true\">\t\t<div class=\"frm_radio\" id=\"frm_radio_45-0\">\t\t\t<label  for=\"field_relvado-0\">\n\t\t\t\t\t<input type=\"radio\" name=\"item_meta[45]\" id=\"field_relvado-0\" value=\"Sim\"\n\t\t data-reqmsg=\"Required field.\" data-invmsg=\"Will you be going onto the pitch? is invalid\"   \/> Yes<\/label><\/div>\n\t\t<div class=\"frm_radio\" id=\"frm_radio_45-1\">\t\t\t<label  for=\"field_relvado-1\">\n\t\t\t\t\t<input type=\"radio\" name=\"item_meta[45]\" id=\"field_relvado-1\" value=\"N\u00e3o\"\n\t\t data-reqmsg=\"Required field.\" data-invmsg=\"Will you be going onto the pitch? is invalid\"   \/> No<\/label><\/div>\n<\/div>\r\n    \r\n    \r\n<\/div>\n<div id=\"frm_field_46_container\" class=\"frm_form_field form-field  frm_required_field frm_top_container frm_third horizontal_radio\">\r\n    <div  id=\"field_estacionamento_label\" class=\"frm_primary_label\">Car Park\r\n        <span class=\"frm_required\" aria-hidden=\"true\">*<\/span>\r\n    <\/div>\r\n    <div class=\"frm_opt_container\" aria-labelledby=\"field_estacionamento_label\" role=\"radiogroup\" aria-required=\"true\">\t\t<div class=\"frm_radio\" id=\"frm_radio_46-0\">\t\t\t<label  for=\"field_estacionamento-0\">\n\t\t\t\t\t<input type=\"radio\" name=\"item_meta[46]\" id=\"field_estacionamento-0\" value=\"Sim\"\n\t\t data-reqmsg=\"Required field.\" data-invmsg=\"Car Park is invalid\"   \/> Yes<\/label><\/div>\n\t\t<div class=\"frm_radio\" id=\"frm_radio_46-1\">\t\t\t<label  for=\"field_estacionamento-1\">\n\t\t\t\t\t<input type=\"radio\" name=\"item_meta[46]\" id=\"field_estacionamento-1\" value=\"N\u00e3o\"\n\t\t data-reqmsg=\"Required field.\" data-invmsg=\"Car Park is invalid\"   \/> No<\/label><\/div>\n<\/div>\r\n    \r\n    \r\n<\/div>\n<div id=\"frm_field_47_container\" class=\"frm_form_field form-field  frm_required_field frm_none_container vertical_radio\">\r\n    <div  id=\"field_55oxe_label\" class=\"frm_primary_label\">Termos e Condi\u00e7\u00f5es\r\n        <span class=\"frm_required\" aria-hidden=\"true\">*<\/span>\r\n    <\/div>\r\n    <div class=\"frm_opt_container\" aria-labelledby=\"field_55oxe_label\" role=\"group\">\t\t<div class=\"frm_checkbox\" id=\"frm_checkbox_47-0\">\t\t\t<label  for=\"field_55oxe-0\">\n\t\t\t<input type=\"checkbox\" name=\"item_meta[47][]\" id=\"field_55oxe-0\" value=\"Li e aceito os Termos e condi\u00e7\u00f5es do processo de acredita\u00e7\u00e3o\"  data-reqmsg=\"Necessita de ler e aceitar os termos e condi\u00e7\u00f5es do processo de acredita\u00e7\u00e3o\" data-invmsg=\"Termos e Condi\u00e7\u00f5es is invalid\"   aria-required=\"true\"  \/> I have read and accept the accreditation terms and conditions<\/label><\/div>\n<\/div>\r\n    \r\n    \r\n<\/div>\n\t<input type=\"hidden\" name=\"item_key\" value=\"\" \/>\n\t\t\t<div id=\"frm_field_84_container\">\n\t\t\t<label for=\"field_yexfn\" >\n\t\t\t\tIf you are human, leave this field blank.\t\t\t<\/label>\n\t\t\t<input  id=\"field_yexfn\" type=\"text\" class=\"frm_form_field form-field frm_verify\" name=\"item_meta[84]\" value=\"\"  \/>\n\t\t<\/div>\n\t\t<input name=\"frm_state\" type=\"hidden\" value=\"jABzVjIWIvEFp\/Jkt9YJorlfJWw9gKERfLstpb3LmevgT+vKOutyr8+S1L3lG67A\" \/><div class=\"frm_submit\">\r\n\r\n<button class=\"frm_button_submit frm_final_submit\" type=\"submit\"   formnovalidate=\"formnovalidate\">Send<\/button>\r\n\r\n<\/div><\/div>\n<\/fieldset>\n<\/div>\n\n<\/form>\n<\/div>\n\n<h2>Accreditation Terms and Conditions<\/h2>\n<p>Requests for accreditation can be made up to 36 hours before any match (on weekdays).<\/p>\n<p>Futebol Clube de Famalic\u00e3o informs all media professionals\/organisations that the accreditation process is based on regulations applicable to all Portuguese Professional Football League competitions. (see article 64 RC LPFP)<\/p>\n<p>1-Journalists\/media professionals must carry ID that states their job title and role and\/or appointment to cover the game.<\/p>\n<p>2- Media organisations and\/or professionals shall be classed as &#8220;no-shows&#8221; if they do not attend a match after requesting accreditation, should they fail to provide valid justification or inform FCF of their absence in advance. Futebol Clube de Famalic\u00e3o reserves the right not to issue accreditation to Media organisations and\/or professionals that have registered three \u201cno-shows\u201d.<\/p>\n<p>3-Media organisations and\/or professionals that have requested accreditation but are unable to attend a match must notify the FCF of their absence via e-mail up to 12 hours before the start of the match (comunicacao@fcfamalicao.pt ).<\/p>\n<p>4-Media organisations and\/or professionals must inform FCF of any alterations to Professionals assigned to the match up to 12 hours before the start of the match in question.<\/p>\n<p>5- Futebol Clube de Famalic\u00e3o reserves the right to close any accreditation period(s) before the deadline(s) stated, if necessary, by posting a notice on its official website.<\/p>\n<p>6-Requests for accreditation may be denied, even if submitted within the specified deadline.<\/p>\n<p>7-The personal data provided during the accreditation process will be solely and exclusively used by Futebol Clube de Famalic\u00e3o for the purpose of accreditation.<\/p>\n<p>8-Accreditation requests shall be responded to once the period for applications has come to an end.<\/p>\n<p>9-Photo journalists who want to cover any match must wear an identification vest required by the Portuguese Professional Football League\/Portuguese Football Federation<\/p>\n<p>10-Only certified Television Stations or Media Organisations may have film cameras in the Press Stand\/Filming Area.<\/p>\n<p>Any circumstances not covered in these rules shall be resolved in compliance with the Portuguese Press Law by the Futebol Clube Famalic\u00e3o Communications Manager.<\/p>\n","protected":false},"excerpt":{"rendered":"<p>This press area has been designed for the Media and media professionals. By registering, you gain access to exclusive news and content about Futebol Clube de Famalic\u00e3o&#8217;s professional football activities. Our press area is also where you may request accreditation for sporting events run by Futebol Clube de Famalic\u00e3o. To&hellip;<\/p>\n","protected":false},"author":1,"featured_media":24258,"parent":0,"menu_order":71,"comment_status":"closed","ping_status":"closed","template":"","meta":{"_acf_changed":false,"footnotes":""},"class_list":["post-18334","page","type-page","status-publish","has-post-thumbnail","hentry"],"acf":[],"yoast_head":"<!-- This site is optimized with the Yoast SEO plugin v27.1.1 - https:\/\/yoast.com\/product\/yoast-seo-wordpress\/ -->\n<title>Press - FC Famalic\u00e3o<\/title>\n<meta name=\"robots\" content=\"index, follow, max-snippet:-1, max-image-preview:large, max-video-preview:-1\" \/>\n<link rel=\"canonical\" href=\"https:\/\/www.fcfamalicao.pt\/en\/press\/\" \/>\n<meta property=\"og:locale\" content=\"en_US\" \/>\n<meta property=\"og:type\" content=\"article\" \/>\n<meta property=\"og:title\" content=\"Press - FC Famalic\u00e3o\" \/>\n<meta property=\"og:description\" content=\"This press area has been designed for the Media and media professionals. By registering, you gain access to exclusive news and content about Futebol Clube de Famalic\u00e3o&#8217;s professional football activities. Our press area is also where you may request accreditation for sporting events run by Futebol Clube de Famalic\u00e3o. To&hellip;\" \/>\n<meta property=\"og:url\" content=\"https:\/\/www.fcfamalicao.pt\/en\/press\/\" \/>\n<meta property=\"og:site_name\" content=\"FC Famalic\u00e3o\" \/>\n<meta property=\"article:publisher\" content=\"https:\/\/www.facebook.com\/FCFamalicao\/\" \/>\n<meta property=\"article:modified_time\" content=\"2021-11-08T17:13:22+00:00\" \/>\n<meta property=\"og:image\" content=\"https:\/\/www.fcfamalicao.pt\/wp-content\/uploads\/2021\/11\/fcf-cover.jpg\" \/>\n\t<meta property=\"og:image:width\" content=\"1440\" \/>\n\t<meta property=\"og:image:height\" content=\"529\" \/>\n\t<meta property=\"og:image:type\" content=\"image\/jpeg\" \/>\n<meta name=\"twitter:card\" content=\"summary_large_image\" \/>\n<meta name=\"twitter:site\" content=\"@fcf1931_oficial\" \/>\n<meta name=\"twitter:label1\" content=\"Est. reading time\" \/>\n\t<meta name=\"twitter:data1\" content=\"2 minutes\" \/>\n<script type=\"application\/ld+json\" class=\"yoast-schema-graph\">{\"@context\":\"https:\/\/schema.org\",\"@graph\":[{\"@type\":\"WebPage\",\"@id\":\"https:\/\/www.fcfamalicao.pt\/en\/press\/\",\"url\":\"https:\/\/www.fcfamalicao.pt\/en\/press\/\",\"name\":\"Press - FC Famalic\u00e3o\",\"isPartOf\":{\"@id\":\"https:\/\/www.fcfamalicao.pt\/en\/#website\"},\"primaryImageOfPage\":{\"@id\":\"https:\/\/www.fcfamalicao.pt\/en\/press\/#primaryimage\"},\"image\":{\"@id\":\"https:\/\/www.fcfamalicao.pt\/en\/press\/#primaryimage\"},\"thumbnailUrl\":\"https:\/\/www.fcfamalicao.pt\/wp-content\/uploads\/2022\/10\/imprensa.jpg\",\"datePublished\":\"2018-07-13T16:21:33+00:00\",\"dateModified\":\"2021-11-08T17:13:22+00:00\",\"breadcrumb\":{\"@id\":\"https:\/\/www.fcfamalicao.pt\/en\/press\/#breadcrumb\"},\"inLanguage\":\"en-US\",\"potentialAction\":[{\"@type\":\"ReadAction\",\"target\":[\"https:\/\/www.fcfamalicao.pt\/en\/press\/\"]}]},{\"@type\":\"ImageObject\",\"inLanguage\":\"en-US\",\"@id\":\"https:\/\/www.fcfamalicao.pt\/en\/press\/#primaryimage\",\"url\":\"https:\/\/www.fcfamalicao.pt\/wp-content\/uploads\/2022\/10\/imprensa.jpg\",\"contentUrl\":\"https:\/\/www.fcfamalicao.pt\/wp-content\/uploads\/2022\/10\/imprensa.jpg\",\"width\":1920,\"height\":887},{\"@type\":\"BreadcrumbList\",\"@id\":\"https:\/\/www.fcfamalicao.pt\/en\/press\/#breadcrumb\",\"itemListElement\":[{\"@type\":\"ListItem\",\"position\":1,\"name\":\"Home\",\"item\":\"https:\/\/www.fcfamalicao.pt\/en\/\"},{\"@type\":\"ListItem\",\"position\":2,\"name\":\"Press\"}]},{\"@type\":\"WebSite\",\"@id\":\"https:\/\/www.fcfamalicao.pt\/en\/#website\",\"url\":\"https:\/\/www.fcfamalicao.pt\/en\/\",\"name\":\"FC Famalic\u00e3o\",\"description\":\"Site oficial do Futebol Clube Famalic\u00e3o. #AMORDEPERDI\u00c7\u00c3O\",\"publisher\":{\"@id\":\"https:\/\/www.fcfamalicao.pt\/en\/#organization\"},\"potentialAction\":[{\"@type\":\"SearchAction\",\"target\":{\"@type\":\"EntryPoint\",\"urlTemplate\":\"https:\/\/www.fcfamalicao.pt\/en\/?s={search_term_string}\"},\"query-input\":{\"@type\":\"PropertyValueSpecification\",\"valueRequired\":true,\"valueName\":\"search_term_string\"}}],\"inLanguage\":\"en-US\"},{\"@type\":\"Organization\",\"@id\":\"https:\/\/www.fcfamalicao.pt\/en\/#organization\",\"name\":\"FC Famalic\u00e3o\",\"url\":\"https:\/\/www.fcfamalicao.pt\/en\/\",\"logo\":{\"@type\":\"ImageObject\",\"inLanguage\":\"en-US\",\"@id\":\"https:\/\/www.fcfamalicao.pt\/en\/#\/schema\/logo\/image\/\",\"url\":\"https:\/\/www.fcfamalicao.pt\/wp-content\/uploads\/2018\/11\/fcf-logo.png\",\"contentUrl\":\"https:\/\/www.fcfamalicao.pt\/wp-content\/uploads\/2018\/11\/fcf-logo.png\",\"width\":150,\"height\":143,\"caption\":\"FC Famalic\u00e3o\"},\"image\":{\"@id\":\"https:\/\/www.fcfamalicao.pt\/en\/#\/schema\/logo\/image\/\"},\"sameAs\":[\"https:\/\/www.facebook.com\/FCFamalicao\/\",\"https:\/\/x.com\/fcf1931_oficial\",\"https:\/\/www.instagram.com\/futebolclubefamalicao\/\",\"https:\/\/www.youtube.com\/FCFamalicao1931\"]}]}<\/script>\n<!-- \/ Yoast SEO plugin. -->","yoast_head_json":{"title":"Press - FC Famalic\u00e3o","robots":{"index":"index","follow":"follow","max-snippet":"max-snippet:-1","max-image-preview":"max-image-preview:large","max-video-preview":"max-video-preview:-1"},"canonical":"https:\/\/www.fcfamalicao.pt\/en\/press\/","og_locale":"en_US","og_type":"article","og_title":"Press - FC Famalic\u00e3o","og_description":"This press area has been designed for the Media and media professionals. By registering, you gain access to exclusive news and content about Futebol Clube de Famalic\u00e3o&#8217;s professional football activities. Our press area is also where you may request accreditation for sporting events run by Futebol Clube de Famalic\u00e3o. To&hellip;","og_url":"https:\/\/www.fcfamalicao.pt\/en\/press\/","og_site_name":"FC Famalic\u00e3o","article_publisher":"https:\/\/www.facebook.com\/FCFamalicao\/","article_modified_time":"2021-11-08T17:13:22+00:00","og_image":[{"width":1440,"height":529,"url":"https:\/\/www.fcfamalicao.pt\/wp-content\/uploads\/2021\/11\/fcf-cover.jpg","type":"image\/jpeg"}],"twitter_card":"summary_large_image","twitter_site":"@fcf1931_oficial","twitter_misc":{"Est. reading time":"2 minutes"},"schema":{"@context":"https:\/\/schema.org","@graph":[{"@type":"WebPage","@id":"https:\/\/www.fcfamalicao.pt\/en\/press\/","url":"https:\/\/www.fcfamalicao.pt\/en\/press\/","name":"Press - FC Famalic\u00e3o","isPartOf":{"@id":"https:\/\/www.fcfamalicao.pt\/en\/#website"},"primaryImageOfPage":{"@id":"https:\/\/www.fcfamalicao.pt\/en\/press\/#primaryimage"},"image":{"@id":"https:\/\/www.fcfamalicao.pt\/en\/press\/#primaryimage"},"thumbnailUrl":"https:\/\/www.fcfamalicao.pt\/wp-content\/uploads\/2022\/10\/imprensa.jpg","datePublished":"2018-07-13T16:21:33+00:00","dateModified":"2021-11-08T17:13:22+00:00","breadcrumb":{"@id":"https:\/\/www.fcfamalicao.pt\/en\/press\/#breadcrumb"},"inLanguage":"en-US","potentialAction":[{"@type":"ReadAction","target":["https:\/\/www.fcfamalicao.pt\/en\/press\/"]}]},{"@type":"ImageObject","inLanguage":"en-US","@id":"https:\/\/www.fcfamalicao.pt\/en\/press\/#primaryimage","url":"https:\/\/www.fcfamalicao.pt\/wp-content\/uploads\/2022\/10\/imprensa.jpg","contentUrl":"https:\/\/www.fcfamalicao.pt\/wp-content\/uploads\/2022\/10\/imprensa.jpg","width":1920,"height":887},{"@type":"BreadcrumbList","@id":"https:\/\/www.fcfamalicao.pt\/en\/press\/#breadcrumb","itemListElement":[{"@type":"ListItem","position":1,"name":"Home","item":"https:\/\/www.fcfamalicao.pt\/en\/"},{"@type":"ListItem","position":2,"name":"Press"}]},{"@type":"WebSite","@id":"https:\/\/www.fcfamalicao.pt\/en\/#website","url":"https:\/\/www.fcfamalicao.pt\/en\/","name":"FC Famalic\u00e3o","description":"Site oficial do Futebol Clube Famalic\u00e3o. #AMORDEPERDI\u00c7\u00c3O","publisher":{"@id":"https:\/\/www.fcfamalicao.pt\/en\/#organization"},"potentialAction":[{"@type":"SearchAction","target":{"@type":"EntryPoint","urlTemplate":"https:\/\/www.fcfamalicao.pt\/en\/?s={search_term_string}"},"query-input":{"@type":"PropertyValueSpecification","valueRequired":true,"valueName":"search_term_string"}}],"inLanguage":"en-US"},{"@type":"Organization","@id":"https:\/\/www.fcfamalicao.pt\/en\/#organization","name":"FC Famalic\u00e3o","url":"https:\/\/www.fcfamalicao.pt\/en\/","logo":{"@type":"ImageObject","inLanguage":"en-US","@id":"https:\/\/www.fcfamalicao.pt\/en\/#\/schema\/logo\/image\/","url":"https:\/\/www.fcfamalicao.pt\/wp-content\/uploads\/2018\/11\/fcf-logo.png","contentUrl":"https:\/\/www.fcfamalicao.pt\/wp-content\/uploads\/2018\/11\/fcf-logo.png","width":150,"height":143,"caption":"FC Famalic\u00e3o"},"image":{"@id":"https:\/\/www.fcfamalicao.pt\/en\/#\/schema\/logo\/image\/"},"sameAs":["https:\/\/www.facebook.com\/FCFamalicao\/","https:\/\/x.com\/fcf1931_oficial","https:\/\/www.instagram.com\/futebolclubefamalicao\/","https:\/\/www.youtube.com\/FCFamalicao1931"]}]}},"_links":{"self":[{"href":"https:\/\/www.fcfamalicao.pt\/en\/wp-json\/wp\/v2\/pages\/18334","targetHints":{"allow":["GET"]}}],"collection":[{"href":"https:\/\/www.fcfamalicao.pt\/en\/wp-json\/wp\/v2\/pages"}],"about":[{"href":"https:\/\/www.fcfamalicao.pt\/en\/wp-json\/wp\/v2\/types\/page"}],"author":[{"embeddable":true,"href":"https:\/\/www.fcfamalicao.pt\/en\/wp-json\/wp\/v2\/users\/1"}],"replies":[{"embeddable":true,"href":"https:\/\/www.fcfamalicao.pt\/en\/wp-json\/wp\/v2\/comments?post=18334"}],"version-history":[{"count":0,"href":"https:\/\/www.fcfamalicao.pt\/en\/wp-json\/wp\/v2\/pages\/18334\/revisions"}],"wp:featuredmedia":[{"embeddable":true,"href":"https:\/\/www.fcfamalicao.pt\/en\/wp-json\/wp\/v2\/media\/24258"}],"wp:attachment":[{"href":"https:\/\/www.fcfamalicao.pt\/en\/wp-json\/wp\/v2\/media?parent=18334"}],"curies":[{"name":"wp","href":"https:\/\/api.w.org\/{rel}","templated":true}]}}