{"id":19352,"date":"2018-07-26T14:06:25","date_gmt":"2018-07-26T14:06:25","guid":{"rendered":"https:\/\/www.fcfamalicao.pt\/acreditacoes\/"},"modified":"2021-11-19T17:24:40","modified_gmt":"2021-11-19T17:24:40","slug":"acreditacoes","status":"publish","type":"page","link":"https:\/\/www.fcfamalicao.pt\/en\/acreditacoes\/","title":{"rendered":"Acredita\u00e7\u00f5es"},"content":{"rendered":"<p>Este espa\u00e7o de imprensa destina-se aos \u00d3rg\u00e3os de Comunica\u00e7\u00e3o Social e seus profissionais.<\/p>\n<p>O registo permite a acesso a not\u00edcias e conte\u00fados exclusivos sobre a atividade do futebol profissional do Futebol Clube de Famalic\u00e3o.<\/p>\n<p>O espa\u00e7o reservado \u00e0 imprensa \u00e9 ainda para solicita\u00e7\u00e3o em exclusivo de credencia\u00e7\u00e3o para os eventos desportivos organizados pelo Futebol Clube de Famalic\u00e3o.<\/p>\n<p>O preenchimento do formul\u00e1rio de acesso \u00e9 obrigat\u00f3rio.<\/p>\n<div class=\"frm_forms  with_frm_style frm_style_formidable-style\" id=\"frm_form_8_container\" data-token=\"8326e207620aa9b5d1b9e41f69ef198c\">\n<form enctype=\"multipart\/form-data\" method=\"post\" class=\"frm-show-form  frm_js_validate  frm_ajax_submit  frm_pro_form \" id=\"form_press-fc-famalico\" data-token=\"8326e207620aa9b5d1b9e41f69ef198c\">\n<div class=\"frm_form_fields \">\n<fieldset>\n<legend class=\"frm_screen_reader\">Press FC Famalic\u00e3o<\/legend>\r\n\r\n<div class=\"frm_fields_container\">\n<input type=\"hidden\" name=\"frm_action\" value=\"create\" \/>\n<input type=\"hidden\" name=\"form_id\" value=\"8\" \/>\n<input type=\"hidden\" name=\"frm_hide_fields_8\" id=\"frm_hide_fields_8\" value=\"\" \/>\n<input type=\"hidden\" name=\"form_key\" value=\"press-fc-famalico\" \/>\n<input type=\"hidden\" name=\"item_meta[0]\" value=\"\" \/>\n<input type=\"hidden\" id=\"frm_submit_entry_8\" name=\"frm_submit_entry_8\" value=\"17af81afa2\" \/><input type=\"hidden\" name=\"_wp_http_referer\" value=\"\/en\/wp-json\/wp\/v2\/pages\/19352\" \/><div id=\"frm_field_37_container\" class=\"frm_form_field form-field  frm_required_field frm_none_container\">\r\n    <label for=\"field_jogo\" id=\"field_jogo_label\" class=\"frm_primary_label\">Match: FC Famalic\u00e3o vs [Team]\r\n        <span class=\"frm_required\" aria-hidden=\"true\">*<\/span>\r\n    <\/label>\r\n    <input  type=\"text\" id=\"field_jogo\" name=\"item_meta[37]\" value=\"\"  placeholder=\"Match: FC Famalic\u00e3o vs [Team]\" data-reqmsg=\"Required field.\" aria-required=\"true\" data-invmsg=\"Text is invalid\" aria-invalid=\"false\"   \/>\r\n    \r\n    \r\n<\/div>\n<div id=\"frm_field_38_container\" class=\"frm_form_field form-field  frm_required_field frm_none_container frm_first frm_third\">\r\n    <label for=\"field_nome7c05c0b566\" id=\"field_nome7c05c0b566_label\" class=\"frm_primary_label\">Name\r\n        <span class=\"frm_required\" aria-hidden=\"true\">*<\/span>\r\n    <\/label>\r\n    <input  type=\"text\" id=\"field_nome7c05c0b566\" name=\"item_meta[38]\" value=\"\"  placeholder=\"Name\" data-reqmsg=\"Required field.\" aria-required=\"true\" data-invmsg=\"Text is invalid\" aria-invalid=\"false\"   \/>\r\n    \r\n    \r\n<\/div>\n<div id=\"frm_field_39_container\" class=\"frm_form_field form-field  frm_required_field frm_none_container frm_third\">\r\n    <label for=\"field_emailbbbf69e280\" id=\"field_emailbbbf69e280_label\" class=\"frm_primary_label\">Email address\r\n        <span class=\"frm_required\" aria-hidden=\"true\">*<\/span>\r\n    <\/label>\r\n    <input type=\"email\" id=\"field_emailbbbf69e280\" name=\"item_meta[39]\" value=\"\"  placeholder=\"Email address\" data-reqmsg=\"Required field.\" aria-required=\"true\" data-invmsg=\"Invalid email\" aria-invalid=\"false\"  \/>\r\n    \r\n    \r\n<\/div>\n<div id=\"frm_field_40_container\" class=\"frm_form_field form-field  frm_required_field frm_none_container frm_third\">\r\n    <label for=\"field_telemovel67058eab3c\" id=\"field_telemovel67058eab3c_label\" class=\"frm_primary_label\">Phone no.\r\n        <span class=\"frm_required\" aria-hidden=\"true\">*<\/span>\r\n    <\/label>\r\n    <input type=\"tel\" id=\"field_telemovel67058eab3c\" name=\"item_meta[40]\" value=\"\"  placeholder=\"Phone no.\" data-reqmsg=\"Required field.\" aria-required=\"true\" data-invmsg=\"Invalid number\" aria-invalid=\"false\" pattern=\"((\\+\\d{1,3}(-|.| )?\\(?\\d\\)?(-| |.)?\\d{1,5})|(\\(?\\d{2,6}\\)?))(-|.| )?(\\d{3,4})(-|.| )?(\\d{4})(( x| ext)\\d{1,5}){0,1}$\"  \/>\r\n    \r\n    \r\n<\/div>\n<div id=\"frm_field_41_container\" class=\"frm_form_field form-field  frm_required_field frm_none_container frm_first frm_third\">\r\n    <label for=\"field_orgao-de-comunicacao\" id=\"field_orgao-de-comunicacao_label\" class=\"frm_primary_label\">Media Organisation\r\n        <span class=\"frm_required\" aria-hidden=\"true\">*<\/span>\r\n    <\/label>\r\n    <input  type=\"text\" id=\"field_orgao-de-comunicacao\" name=\"item_meta[41]\" value=\"\"  placeholder=\"Media Organisation\" data-reqmsg=\"Required field.\" aria-required=\"true\" data-invmsg=\"Text is invalid\" aria-invalid=\"false\"   \/>\r\n    \r\n    \r\n<\/div>\n<div id=\"frm_field_42_container\" class=\"frm_form_field form-field  frm_required_field frm_none_container frm_third\">\r\n    <label for=\"field_carteira-profissional\" id=\"field_carteira-profissional_label\" class=\"frm_primary_label\">Portuguese Sport Journalists\u00a0Association or AIPS Member number\r\n        <span class=\"frm_required\" aria-hidden=\"true\">*<\/span>\r\n    <\/label>\r\n    <input  type=\"text\" id=\"field_carteira-profissional\" name=\"item_meta[42]\" value=\"\"  placeholder=\"Portuguese Sport Journalists\u00a0Association or AIPS Member number\" data-reqmsg=\"Required field.\" aria-required=\"true\" data-invmsg=\"Text is invalid\" aria-invalid=\"false\"   \/>\r\n    \r\n    \r\n<\/div>\n<div id=\"frm_field_43_container\" class=\"frm_form_field form-field  frm_none_container frm_third\">\r\n    <label for=\"field_numero-colete\" id=\"field_numero-colete_label\" class=\"frm_primary_label\">Vest No.\r\n        <span class=\"frm_required\" aria-hidden=\"true\"><\/span>\r\n    <\/label>\r\n    <input type=\"number\" id=\"field_numero-colete\" name=\"item_meta[43]\" value=\"\" placeholder=\"Vest No.\" data-invmsg=\"Invalid number.\" aria-invalid=\"false\"   min=\"0\" max=\"9999999\" step=\"any\" \/>\r\n    \r\n    \r\n<\/div>\n<div id=\"frm_field_44_container\" class=\"frm_form_field form-field  frm_required_field frm_top_container frm_first frm_third horizontal_radio\">\r\n    <div  id=\"field_zonas-de-acesso_label\" class=\"frm_primary_label\">Access Areas\r\n        <span class=\"frm_required\" aria-hidden=\"true\">*<\/span>\r\n    <\/div>\r\n    <div class=\"frm_opt_container\" aria-labelledby=\"field_zonas-de-acesso_label\" role=\"group\">\t\t<div class=\"frm_checkbox\" id=\"frm_checkbox_44-0\">\t\t\t<label  for=\"field_zonas-de-acesso-0\">\n\t\t\t<input type=\"checkbox\" name=\"item_meta[44][]\" id=\"field_zonas-de-acesso-0\" value=\"Bancada Imprensa\"  data-reqmsg=\"Required field.\" data-invmsg=\"Access Areas is invalid\"   aria-required=\"true\"  \/> Pressbox<\/label><\/div>\n\t\t<div class=\"frm_checkbox\" id=\"frm_checkbox_44-1\">\t\t\t<label  for=\"field_zonas-de-acesso-1\">\n\t\t\t<input type=\"checkbox\" name=\"item_meta[44][]\" id=\"field_zonas-de-acesso-1\" value=\"Sala Imprensa\"  data-reqmsg=\"Required field.\" data-invmsg=\"Access Areas is invalid\"   \/> Press Room<\/label><\/div>\n\t\t<div class=\"frm_checkbox\" id=\"frm_checkbox_44-2\">\t\t\t<label  for=\"field_zonas-de-acesso-2\">\n\t\t\t<input type=\"checkbox\" name=\"item_meta[44][]\" id=\"field_zonas-de-acesso-2\" value=\"Relvado\"  data-reqmsg=\"Required field.\" data-invmsg=\"Access Areas is invalid\"   \/> Pitch<\/label><\/div>\n\t\t<div class=\"frm_checkbox\" id=\"frm_checkbox_44-3\">\t\t\t<label  for=\"field_zonas-de-acesso-3\">\n\t\t\t<input type=\"checkbox\" name=\"item_meta[44][]\" id=\"field_zonas-de-acesso-3\" value=\"Zona Filmagem\"  data-reqmsg=\"Required field.\" data-invmsg=\"Access Areas is invalid\"   \/> Filming Area<\/label><\/div>\n<\/div>\r\n    <div class=\"frm_description\" id=\"frm_desc_field_zonas-de-acesso\">Select the Areas you want to access<\/div>\r\n    \r\n<\/div>\n<div id=\"frm_field_45_container\" class=\"frm_form_field form-field  frm_required_field frm_top_container frm_third horizontal_radio\">\r\n    <div  id=\"field_relvado_label\" class=\"frm_primary_label\">Will you be going onto the pitch?\r\n        <span class=\"frm_required\" aria-hidden=\"true\">*<\/span>\r\n    <\/div>\r\n    <div class=\"frm_opt_container\" aria-labelledby=\"field_relvado_label\" role=\"radiogroup\" aria-required=\"true\">\t\t<div class=\"frm_radio\" id=\"frm_radio_45-0\">\t\t\t<label  for=\"field_relvado-0\">\n\t\t\t\t\t<input type=\"radio\" name=\"item_meta[45]\" id=\"field_relvado-0\" value=\"Sim\"\n\t\t data-reqmsg=\"Required field.\" data-invmsg=\"Will you be going onto the pitch? is invalid\"   \/> Yes<\/label><\/div>\n\t\t<div class=\"frm_radio\" id=\"frm_radio_45-1\">\t\t\t<label  for=\"field_relvado-1\">\n\t\t\t\t\t<input type=\"radio\" name=\"item_meta[45]\" id=\"field_relvado-1\" value=\"N\u00e3o\"\n\t\t data-reqmsg=\"Required field.\" data-invmsg=\"Will you be going onto the pitch? is invalid\"   \/> No<\/label><\/div>\n<\/div>\r\n    \r\n    \r\n<\/div>\n<div id=\"frm_field_46_container\" class=\"frm_form_field form-field  frm_required_field frm_top_container frm_third horizontal_radio\">\r\n    <div  id=\"field_estacionamento_label\" class=\"frm_primary_label\">Car Park\r\n        <span class=\"frm_required\" aria-hidden=\"true\">*<\/span>\r\n    <\/div>\r\n    <div class=\"frm_opt_container\" aria-labelledby=\"field_estacionamento_label\" role=\"radiogroup\" aria-required=\"true\">\t\t<div class=\"frm_radio\" id=\"frm_radio_46-0\">\t\t\t<label  for=\"field_estacionamento-0\">\n\t\t\t\t\t<input type=\"radio\" name=\"item_meta[46]\" id=\"field_estacionamento-0\" value=\"Sim\"\n\t\t data-reqmsg=\"Required field.\" data-invmsg=\"Car Park is invalid\"   \/> Yes<\/label><\/div>\n\t\t<div class=\"frm_radio\" id=\"frm_radio_46-1\">\t\t\t<label  for=\"field_estacionamento-1\">\n\t\t\t\t\t<input type=\"radio\" name=\"item_meta[46]\" id=\"field_estacionamento-1\" value=\"N\u00e3o\"\n\t\t data-reqmsg=\"Required field.\" data-invmsg=\"Car Park is invalid\"   \/> No<\/label><\/div>\n<\/div>\r\n    \r\n    \r\n<\/div>\n<div id=\"frm_field_47_container\" class=\"frm_form_field form-field  frm_required_field frm_none_container vertical_radio\">\r\n    <div  id=\"field_55oxe_label\" class=\"frm_primary_label\">Termos e Condi\u00e7\u00f5es\r\n        <span class=\"frm_required\" aria-hidden=\"true\">*<\/span>\r\n    <\/div>\r\n    <div class=\"frm_opt_container\" aria-labelledby=\"field_55oxe_label\" role=\"group\">\t\t<div class=\"frm_checkbox\" id=\"frm_checkbox_47-0\">\t\t\t<label  for=\"field_55oxe-0\">\n\t\t\t<input type=\"checkbox\" name=\"item_meta[47][]\" id=\"field_55oxe-0\" value=\"Li e aceito os Termos e condi\u00e7\u00f5es do processo de acredita\u00e7\u00e3o\"  data-reqmsg=\"Necessita de ler e aceitar os termos e condi\u00e7\u00f5es do processo de acredita\u00e7\u00e3o\" data-invmsg=\"Termos e Condi\u00e7\u00f5es is invalid\"   aria-required=\"true\"  \/> I have read and accept the accreditation terms and conditions<\/label><\/div>\n<\/div>\r\n    \r\n    \r\n<\/div>\n\t<input type=\"hidden\" name=\"item_key\" value=\"\" \/>\n\t\t\t<div id=\"frm_field_84_container\">\n\t\t\t<label for=\"field_hl0sg\" >\n\t\t\t\tIf you are human, leave this field blank.\t\t\t<\/label>\n\t\t\t<input  id=\"field_hl0sg\" type=\"text\" class=\"frm_form_field form-field frm_verify\" name=\"item_meta[84]\" value=\"\"  \/>\n\t\t<\/div>\n\t\t<input name=\"frm_state\" type=\"hidden\" value=\"jABzVjIWIvEFp\/Jkt9YJontavqhHtD4bkGPway6fQo3gT+vKOutyr8+S1L3lG67A\" \/><div class=\"frm_submit\">\r\n\r\n<button class=\"frm_button_submit frm_final_submit\" type=\"submit\"   formnovalidate=\"formnovalidate\">Send<\/button>\r\n\r\n<\/div><\/div>\n<\/fieldset>\n<\/div>\n\n<\/form>\n<\/div>\n\n<h2>Termos e condi\u00e7\u00f5es do processo de acredita\u00e7\u00e3o<\/h2>\n<p>Podem ser efectuados pedidos de acredita\u00e7\u00e3o at\u00e9 36 horas antes do jogo (dias \u00fateis).<\/p>\n<p>O Futebol Clube de Famalic\u00e3o informa todos os \u00d3rg\u00e3os e\/ou profissionais da Comunica\u00e7\u00e3o que o processo de acredita\u00e7\u00e3o tem por base o regulamento das competi\u00e7\u00f5es da Liga Portuguesa de Futebol Profissional. (ver art\u00ba64 RC LPFP)<\/p>\n<ol>\n<li>Os jornalistas\/profissionais da Comunica\u00e7\u00e3o Social devem apresentar identifica\u00e7\u00e3o que ateste a fun\u00e7\u00e3o e\/ou indigita\u00e7\u00e3o para cobertura do jogo.<\/li>\n<li>S\u00e3o consideradas como &#8220;faltas de compar\u00eancia&#8221; situa\u00e7\u00f5es em que os \u00d3rg\u00e3os de Comunica\u00e7\u00e3o Social e\/ou profissionais da Comunica\u00e7\u00e3o Social, ap\u00f3s solicitarem a acredita\u00e7\u00e3o para uma competi\u00e7\u00e3o, n\u00e3o compare\u00e7am \u00e0 mesma, sem que seja apresentada qualquer justifica\u00e7\u00e3o v\u00e1lida ou antecipadamente informado o FCF para a sua aus\u00eancia. O Futebol Clube de Famalic\u00e3o reserva-se o direito de n\u00e3o emitir acredita\u00e7\u00e3o para o \u00d3rg\u00e3o e\/ou profissionais da Comunica\u00e7\u00e3o que tenha j\u00e1 registado tr\u00eas &#8220;faltas de compar\u00eancia&#8221; injustificadas.<\/li>\n<li>Os \u00d3rg\u00e3os e\/ou profissionais da Comunica\u00e7\u00e3o Social que, ap\u00f3s solicitarem acredita\u00e7\u00e3o, n\u00e3o possam comparecer no jogo\/evento devem comunicar ao FCF a sua aus\u00eancia, via e-mail at\u00e9 12 horas antes do inicio do jogo (comunicacao@fcfamalicao.pt).<\/li>\n<li>Os \u00d3rg\u00e3os e\/ou profissionais da Comunica\u00e7\u00e3o Social devem informar at\u00e9 12 horas antes do referido jogo qualquer altera\u00e7\u00e3o dos Profissionais destacados para a partida.<\/li>\n<li>O Futebol Clube de Famalic\u00e3o reserva-se no direito de encerrar o(s) per\u00edodo(s) de acredita\u00e7\u00e3o antes do(s) prazo(s) estabelecido(s), caso se revele necess\u00e1rio, atrav\u00e9s de publica\u00e7\u00e3o no site oficial do clube.<\/li>\n<li>Pedidos de acredita\u00e7\u00e3o, mesmo que efectuados dentro do prazo estabelecido, n\u00e3o obrigam \u00e0 acredita\u00e7\u00e3o.<\/li>\n<li>Os dados pessoais facultados durante o processo de acredita\u00e7\u00e3o ser\u00e3o \u00fanica e exclusivamente usados pelo Futebol Clube de Famalic\u00e3o no \u00e2mbito do processo de acredita\u00e7\u00e3o.<\/li>\n<li>A resposta ao pedido de acredita\u00e7\u00e3o ser\u00e1 efectuada ap\u00f3s o encerramento do processo.<\/li>\n<li>Os rep\u00f3rteres fotogr\u00e1ficos interessados em fazer cobertura do jogo dever\u00e3o ser portadores de colete de identifica\u00e7\u00e3o requerido junto da Liga Portuguesa de Futebol Profissional\/Federa\u00e7\u00e3o Portuguesa de Futebol<\/li>\n<li>Apenas as Esta\u00e7\u00f5es de Televis\u00e3o ou \u00d3rg\u00e3os de Comunica\u00e7\u00e3o Social devidamente certificados poder\u00e3o ter c\u00e2maras de filmar na Bancada de Imprensa\/Zona de Filmagem.<\/li>\n<\/ol>\n<p>Qualquer situa\u00e7\u00e3o omissa neste conjunto de normas \u00e9 resolvida no respeito da Lei de Imprensa e pelo Diretor de Comunica\u00e7\u00e3o do Futebol Clube Famalic\u00e3o.<\/p>\n","protected":false},"excerpt":{"rendered":"<p>Este espa\u00e7o de imprensa destina-se aos \u00d3rg\u00e3os de Comunica\u00e7\u00e3o Social e seus profissionais. O registo permite a acesso a not\u00edcias e conte\u00fados exclusivos sobre a atividade do futebol profissional do Futebol Clube de Famalic\u00e3o. O espa\u00e7o reservado \u00e0 imprensa \u00e9 ainda para solicita\u00e7\u00e3o em exclusivo de credencia\u00e7\u00e3o para os eventos&hellip;<\/p>\n","protected":false},"author":1,"featured_media":18021,"parent":0,"menu_order":21,"comment_status":"closed","ping_status":"closed","template":"","meta":{"_acf_changed":false,"footnotes":""},"class_list":["post-19352","page","type-page","status-publish","has-post-thumbnail","hentry"],"acf":[],"yoast_head":"<!-- This site is optimized with the Yoast SEO plugin v27.1.1 - https:\/\/yoast.com\/product\/yoast-seo-wordpress\/ -->\n<title>Acredita\u00e7\u00f5es - FC Famalic\u00e3o<\/title>\n<meta name=\"robots\" content=\"index, follow, max-snippet:-1, max-image-preview:large, max-video-preview:-1\" \/>\n<link rel=\"canonical\" href=\"https:\/\/www.fcfamalicao.pt\/en\/acreditacoes\/\" \/>\n<meta property=\"og:locale\" content=\"en_US\" \/>\n<meta property=\"og:type\" content=\"article\" \/>\n<meta property=\"og:title\" content=\"Acredita\u00e7\u00f5es - FC Famalic\u00e3o\" \/>\n<meta property=\"og:description\" content=\"Este espa\u00e7o de imprensa destina-se aos \u00d3rg\u00e3os de Comunica\u00e7\u00e3o Social e seus profissionais. O registo permite a acesso a not\u00edcias e conte\u00fados exclusivos sobre a atividade do futebol profissional do Futebol Clube de Famalic\u00e3o. O espa\u00e7o reservado \u00e0 imprensa \u00e9 ainda para solicita\u00e7\u00e3o em exclusivo de credencia\u00e7\u00e3o para os eventos&hellip;\" \/>\n<meta property=\"og:url\" content=\"https:\/\/www.fcfamalicao.pt\/en\/acreditacoes\/\" \/>\n<meta property=\"og:site_name\" content=\"FC Famalic\u00e3o\" \/>\n<meta property=\"article:publisher\" content=\"https:\/\/www.facebook.com\/FCFamalicao\/\" \/>\n<meta property=\"article:modified_time\" content=\"2021-11-19T17:24:40+00:00\" \/>\n<meta property=\"og:image\" content=\"https:\/\/www.fcfamalicao.pt\/wp-content\/uploads\/2021\/11\/fcf-cover.jpg\" \/>\n\t<meta property=\"og:image:width\" content=\"1440\" \/>\n\t<meta property=\"og:image:height\" content=\"529\" \/>\n\t<meta property=\"og:image:type\" content=\"image\/jpeg\" \/>\n<meta name=\"twitter:card\" content=\"summary_large_image\" \/>\n<meta name=\"twitter:site\" content=\"@fcf1931_oficial\" \/>\n<meta name=\"twitter:label1\" content=\"Est. reading time\" \/>\n\t<meta name=\"twitter:data1\" content=\"3 minutes\" \/>\n<script type=\"application\/ld+json\" class=\"yoast-schema-graph\">{\"@context\":\"https:\/\/schema.org\",\"@graph\":[{\"@type\":\"WebPage\",\"@id\":\"https:\/\/www.fcfamalicao.pt\/en\/acreditacoes\/\",\"url\":\"https:\/\/www.fcfamalicao.pt\/en\/acreditacoes\/\",\"name\":\"Acredita\u00e7\u00f5es - FC Famalic\u00e3o\",\"isPartOf\":{\"@id\":\"https:\/\/www.fcfamalicao.pt\/en\/#website\"},\"primaryImageOfPage\":{\"@id\":\"https:\/\/www.fcfamalicao.pt\/en\/acreditacoes\/#primaryimage\"},\"image\":{\"@id\":\"https:\/\/www.fcfamalicao.pt\/en\/acreditacoes\/#primaryimage\"},\"thumbnailUrl\":\"https:\/\/www.fcfamalicao.pt\/wp-content\/uploads\/2021\/11\/fcf-cover.jpg\",\"datePublished\":\"2018-07-26T14:06:25+00:00\",\"dateModified\":\"2021-11-19T17:24:40+00:00\",\"breadcrumb\":{\"@id\":\"https:\/\/www.fcfamalicao.pt\/en\/acreditacoes\/#breadcrumb\"},\"inLanguage\":\"en-US\",\"potentialAction\":[{\"@type\":\"ReadAction\",\"target\":[\"https:\/\/www.fcfamalicao.pt\/en\/acreditacoes\/\"]}]},{\"@type\":\"ImageObject\",\"inLanguage\":\"en-US\",\"@id\":\"https:\/\/www.fcfamalicao.pt\/en\/acreditacoes\/#primaryimage\",\"url\":\"https:\/\/www.fcfamalicao.pt\/wp-content\/uploads\/2021\/11\/fcf-cover.jpg\",\"contentUrl\":\"https:\/\/www.fcfamalicao.pt\/wp-content\/uploads\/2021\/11\/fcf-cover.jpg\",\"width\":1440,\"height\":529},{\"@type\":\"BreadcrumbList\",\"@id\":\"https:\/\/www.fcfamalicao.pt\/en\/acreditacoes\/#breadcrumb\",\"itemListElement\":[{\"@type\":\"ListItem\",\"position\":1,\"name\":\"Home\",\"item\":\"https:\/\/www.fcfamalicao.pt\/en\/\"},{\"@type\":\"ListItem\",\"position\":2,\"name\":\"Acredita\u00e7\u00f5es\"}]},{\"@type\":\"WebSite\",\"@id\":\"https:\/\/www.fcfamalicao.pt\/en\/#website\",\"url\":\"https:\/\/www.fcfamalicao.pt\/en\/\",\"name\":\"FC Famalic\u00e3o\",\"description\":\"Site oficial do Futebol Clube Famalic\u00e3o. #AMORDEPERDI\u00c7\u00c3O\",\"publisher\":{\"@id\":\"https:\/\/www.fcfamalicao.pt\/en\/#organization\"},\"potentialAction\":[{\"@type\":\"SearchAction\",\"target\":{\"@type\":\"EntryPoint\",\"urlTemplate\":\"https:\/\/www.fcfamalicao.pt\/en\/?s={search_term_string}\"},\"query-input\":{\"@type\":\"PropertyValueSpecification\",\"valueRequired\":true,\"valueName\":\"search_term_string\"}}],\"inLanguage\":\"en-US\"},{\"@type\":\"Organization\",\"@id\":\"https:\/\/www.fcfamalicao.pt\/en\/#organization\",\"name\":\"FC Famalic\u00e3o\",\"url\":\"https:\/\/www.fcfamalicao.pt\/en\/\",\"logo\":{\"@type\":\"ImageObject\",\"inLanguage\":\"en-US\",\"@id\":\"https:\/\/www.fcfamalicao.pt\/en\/#\/schema\/logo\/image\/\",\"url\":\"https:\/\/www.fcfamalicao.pt\/wp-content\/uploads\/2018\/11\/fcf-logo.png\",\"contentUrl\":\"https:\/\/www.fcfamalicao.pt\/wp-content\/uploads\/2018\/11\/fcf-logo.png\",\"width\":150,\"height\":143,\"caption\":\"FC Famalic\u00e3o\"},\"image\":{\"@id\":\"https:\/\/www.fcfamalicao.pt\/en\/#\/schema\/logo\/image\/\"},\"sameAs\":[\"https:\/\/www.facebook.com\/FCFamalicao\/\",\"https:\/\/x.com\/fcf1931_oficial\",\"https:\/\/www.instagram.com\/futebolclubefamalicao\/\",\"https:\/\/www.youtube.com\/FCFamalicao1931\"]}]}<\/script>\n<!-- \/ Yoast SEO plugin. -->","yoast_head_json":{"title":"Acredita\u00e7\u00f5es - FC Famalic\u00e3o","robots":{"index":"index","follow":"follow","max-snippet":"max-snippet:-1","max-image-preview":"max-image-preview:large","max-video-preview":"max-video-preview:-1"},"canonical":"https:\/\/www.fcfamalicao.pt\/en\/acreditacoes\/","og_locale":"en_US","og_type":"article","og_title":"Acredita\u00e7\u00f5es - FC Famalic\u00e3o","og_description":"Este espa\u00e7o de imprensa destina-se aos \u00d3rg\u00e3os de Comunica\u00e7\u00e3o Social e seus profissionais. O registo permite a acesso a not\u00edcias e conte\u00fados exclusivos sobre a atividade do futebol profissional do Futebol Clube de Famalic\u00e3o. O espa\u00e7o reservado \u00e0 imprensa \u00e9 ainda para solicita\u00e7\u00e3o em exclusivo de credencia\u00e7\u00e3o para os eventos&hellip;","og_url":"https:\/\/www.fcfamalicao.pt\/en\/acreditacoes\/","og_site_name":"FC Famalic\u00e3o","article_publisher":"https:\/\/www.facebook.com\/FCFamalicao\/","article_modified_time":"2021-11-19T17:24:40+00:00","og_image":[{"width":1440,"height":529,"url":"https:\/\/www.fcfamalicao.pt\/wp-content\/uploads\/2021\/11\/fcf-cover.jpg","type":"image\/jpeg"}],"twitter_card":"summary_large_image","twitter_site":"@fcf1931_oficial","twitter_misc":{"Est. reading time":"3 minutes"},"schema":{"@context":"https:\/\/schema.org","@graph":[{"@type":"WebPage","@id":"https:\/\/www.fcfamalicao.pt\/en\/acreditacoes\/","url":"https:\/\/www.fcfamalicao.pt\/en\/acreditacoes\/","name":"Acredita\u00e7\u00f5es - FC Famalic\u00e3o","isPartOf":{"@id":"https:\/\/www.fcfamalicao.pt\/en\/#website"},"primaryImageOfPage":{"@id":"https:\/\/www.fcfamalicao.pt\/en\/acreditacoes\/#primaryimage"},"image":{"@id":"https:\/\/www.fcfamalicao.pt\/en\/acreditacoes\/#primaryimage"},"thumbnailUrl":"https:\/\/www.fcfamalicao.pt\/wp-content\/uploads\/2021\/11\/fcf-cover.jpg","datePublished":"2018-07-26T14:06:25+00:00","dateModified":"2021-11-19T17:24:40+00:00","breadcrumb":{"@id":"https:\/\/www.fcfamalicao.pt\/en\/acreditacoes\/#breadcrumb"},"inLanguage":"en-US","potentialAction":[{"@type":"ReadAction","target":["https:\/\/www.fcfamalicao.pt\/en\/acreditacoes\/"]}]},{"@type":"ImageObject","inLanguage":"en-US","@id":"https:\/\/www.fcfamalicao.pt\/en\/acreditacoes\/#primaryimage","url":"https:\/\/www.fcfamalicao.pt\/wp-content\/uploads\/2021\/11\/fcf-cover.jpg","contentUrl":"https:\/\/www.fcfamalicao.pt\/wp-content\/uploads\/2021\/11\/fcf-cover.jpg","width":1440,"height":529},{"@type":"BreadcrumbList","@id":"https:\/\/www.fcfamalicao.pt\/en\/acreditacoes\/#breadcrumb","itemListElement":[{"@type":"ListItem","position":1,"name":"Home","item":"https:\/\/www.fcfamalicao.pt\/en\/"},{"@type":"ListItem","position":2,"name":"Acredita\u00e7\u00f5es"}]},{"@type":"WebSite","@id":"https:\/\/www.fcfamalicao.pt\/en\/#website","url":"https:\/\/www.fcfamalicao.pt\/en\/","name":"FC Famalic\u00e3o","description":"Site oficial do Futebol Clube Famalic\u00e3o. #AMORDEPERDI\u00c7\u00c3O","publisher":{"@id":"https:\/\/www.fcfamalicao.pt\/en\/#organization"},"potentialAction":[{"@type":"SearchAction","target":{"@type":"EntryPoint","urlTemplate":"https:\/\/www.fcfamalicao.pt\/en\/?s={search_term_string}"},"query-input":{"@type":"PropertyValueSpecification","valueRequired":true,"valueName":"search_term_string"}}],"inLanguage":"en-US"},{"@type":"Organization","@id":"https:\/\/www.fcfamalicao.pt\/en\/#organization","name":"FC Famalic\u00e3o","url":"https:\/\/www.fcfamalicao.pt\/en\/","logo":{"@type":"ImageObject","inLanguage":"en-US","@id":"https:\/\/www.fcfamalicao.pt\/en\/#\/schema\/logo\/image\/","url":"https:\/\/www.fcfamalicao.pt\/wp-content\/uploads\/2018\/11\/fcf-logo.png","contentUrl":"https:\/\/www.fcfamalicao.pt\/wp-content\/uploads\/2018\/11\/fcf-logo.png","width":150,"height":143,"caption":"FC Famalic\u00e3o"},"image":{"@id":"https:\/\/www.fcfamalicao.pt\/en\/#\/schema\/logo\/image\/"},"sameAs":["https:\/\/www.facebook.com\/FCFamalicao\/","https:\/\/x.com\/fcf1931_oficial","https:\/\/www.instagram.com\/futebolclubefamalicao\/","https:\/\/www.youtube.com\/FCFamalicao1931"]}]}},"_links":{"self":[{"href":"https:\/\/www.fcfamalicao.pt\/en\/wp-json\/wp\/v2\/pages\/19352","targetHints":{"allow":["GET"]}}],"collection":[{"href":"https:\/\/www.fcfamalicao.pt\/en\/wp-json\/wp\/v2\/pages"}],"about":[{"href":"https:\/\/www.fcfamalicao.pt\/en\/wp-json\/wp\/v2\/types\/page"}],"author":[{"embeddable":true,"href":"https:\/\/www.fcfamalicao.pt\/en\/wp-json\/wp\/v2\/users\/1"}],"replies":[{"embeddable":true,"href":"https:\/\/www.fcfamalicao.pt\/en\/wp-json\/wp\/v2\/comments?post=19352"}],"version-history":[{"count":0,"href":"https:\/\/www.fcfamalicao.pt\/en\/wp-json\/wp\/v2\/pages\/19352\/revisions"}],"wp:featuredmedia":[{"embeddable":true,"href":"https:\/\/www.fcfamalicao.pt\/en\/wp-json\/wp\/v2\/media\/18021"}],"wp:attachment":[{"href":"https:\/\/www.fcfamalicao.pt\/en\/wp-json\/wp\/v2\/media?parent=19352"}],"curies":[{"name":"wp","href":"https:\/\/api.w.org\/{rel}","templated":true}]}}