{"id":19644,"date":"2021-12-02T15:31:25","date_gmt":"2021-12-02T15:31:25","guid":{"rendered":"https:\/\/www.fcfamalicao.pt\/goal-of-the-month\/"},"modified":"2021-12-06T09:57:01","modified_gmt":"2021-12-06T09:57:01","slug":"goal-of-the-month","status":"publish","type":"page","link":"https:\/\/www.fcfamalicao.pt\/en\/goal-of-the-month\/","title":{"rendered":"Goal of the month"},"content":{"rendered":"[vc_row][vc_column][vc_raw_html]JTNDYnV0dG9uJTIwc3R5bGUlM0QlMjJiYWNrZ3JvdW5kLWNvbG9yJTNBJTIwJTIzZWVlJTNCJTIwY29sb3IlM0ElMjAlMjM0NDQlM0IlMEElMDklMDljdXJzb3IlM0ElMjBwb2ludGVyJTNCJTBBJTA5JTA5cGFkZGluZyUzQSUyMDE4cHglM0IlMEElMDklMDl3aWR0aCUzQSUyMDEwMCUyNSUzQiUwQSUwOSUwOWJvcmRlciUzQSUyMG5vbmUlM0IlMEElMDklMDl0ZXh0LWFsaWduJTNBJTIwY2VudGVyJTNCJTBBJTA5JTA5b3V0bGluZSUzQSUyMG5vbmUlM0IlMEElMDklMDlmb250LXNpemUlM0ElMjAxNXB4JTNCJTBBJTA5JTA5dHJhbnNpdGlvbiUzQSUyMDAuNHMlM0IlMjIlMjBvbmNsaWNrJTNEJTIydG9nZ2xlVmlkZW8lMjglMjklMjIlMjBpZCUzRCUyMnZpZGVvQnV0dG9uJTIyJTNFSGlkZSUyMHZpZGVvcyUzQyUyRmJ1dHRvbiUzRQ==[\/vc_raw_html][vc_raw_js]JTNDc2NyaXB0JTNFJTIwZnVuY3Rpb24lMjB0b2dnbGVWaWRlbyUyOCUyOSUyMCU3QiUwQSUyMCUyMCUyMCUyMHZhciUyMG15VmlkZW8lMjAlM0QlMjBkb2N1bWVudC5nZXRFbGVtZW50QnlJZCUyOCUyN1ZpZGVvJTI3JTI5JTNCJTBBJTIwJTIwJTIwJTIwdmFyJTIwZGlzcGxheVNldHRpbmclMjAlM0QlMjBteVZpZGVvLnN0eWxlLmRpc3BsYXklM0IlMEElMjAlMjAlMjAlMjB2YXIlMjB2aWRlb0J1dHRvbiUyMCUzRCUyMGRvY3VtZW50LmdldEVsZW1lbnRCeUlkJTI4JTI3dmlkZW9CdXR0b24lMjclMjklM0IlMEElMjAlMjAlMjAlMjBpZiUyMCUyOGRpc3BsYXlTZXR0aW5nJTIwJTNEJTNEJTIwJTI3YmxvY2slMjclMjklMjAlN0IlMEElMjAlMjAlMjAlMjAlMjAlMjBteVZpZGVvLnN0eWxlLmRpc3BsYXklMjAlM0QlMjAlMjdub25lJTI3JTNCJTBBJTIwJTIwJTIwJTIwJTIwJTIwdmlkZW9CdXR0b24uaW5uZXJIVE1MJTIwJTNEJTIwJTI3U2hvdyUyMHZpZGVvcyUyNyUzQiUwQSUyMCUyMCUyMCUyMCU3RCUwQSUyMCUyMCUyMCUyMGVsc2UlMjAlN0IlMEElMjAlMjAlMjAlMjAlMjAlMjBteVZpZGVvLnN0eWxlLmRpc3BsYXklMjAlM0QlMjAlMjdibG9jayUyNyUzQiUwQSUyMCUyMCUyMCUyMCUyMCUyMHZpZGVvQnV0dG9uLmlubmVySFRNTCUyMCUzRCUyMCUyN0hpZGUlMjB2aWRlb3MlMjclM0IlMEElMjAlMjAlMjAlMjAlN0QlMEElMjAlMjAlN0QlM0MlMkZzY3JpcHQlM0U=[\/vc_raw_js][\/vc_column][\/vc_row][vc_row et_column_align=&#8221;align-center&#8221; css=&#8221;.vc_custom_1638528588308{padding-top: 100px !important;padding-bottom: 100px !important;}&#8221; el_id=&#8221;Video&#8221;][vc_column]\t<div id=\"et-content-carousel-160\" class=\"row et-content-carousel slick slick-slider regular-padding  \" data-center=\"\" data-columns=\"3\" data-autoplay=\"true\" data-fade=\"false\" data-autoplay-speed=\"3000\" data-pause=\"\" data-navigation=\"true\" data-pagination=\"true\" data-infinite=\"\">\n\t\t[vc_video link=&#8221;https:\/\/www.youtube.com\/watch?v=uVr-T1zsN8U&#8221; align=&#8221;center&#8221; title=&#8221;1 \u2013 Pedro Braz\u00e3o (Boavista FC x FC Famalic\u00e3o)&#8221;][vc_video link=&#8221;https:\/\/www.youtube.com\/watch?v=XL-1gDJQZUs&#8221; align=&#8221;center&#8221; title=&#8221;2 \u2013 Simon Banza (Boavista FC x FC Famalic\u00e3o)&#8221;][vc_video link=&#8221;https:\/\/www.youtube.com\/watch?v=ju0Ykay5okA&#8221; title=&#8221;3 \u2013 Alexandre Penetra (Boavista FC x FC Famalic\u00e3o)&#8221;][vc_video link=&#8221;https:\/\/www.youtube.com\/watch?v=q8rQZeBykek&#8221; title=&#8221;4 \u2013 Simon Banza (Boavista FC x FC Famalic\u00e3o)&#8221;][vc_video link=&#8221;https:\/\/www.youtube.com\/watch?v=Ha7eKuBdF9U&#8221; title=&#8221;5 \u2013 P\u00eap\u00ea Rodrigues (Boavista FC x FC Famalic\u00e3o)&#8221;][vc_video link=&#8221;https:\/\/www.youtube.com\/watch?v=6Z243qNQcpQ&#8221; title=&#8221;6 \u2013 Pedro Braz\u00e3o (FC Alverca x FC Famalic\u00e3o)&#8221;][vc_video link=&#8221;https:\/\/www.youtube.com\/watch?v=nHwbDpo_aiE&#8221; title=&#8221;7 \u2013 Simon Banza (FC Alverca x FC Famalic\u00e3o)&#8221;]\t<\/div>\n\t\t\n\t[\/vc_column][\/vc_row][vc_row et_column_align=&#8221;align-center&#8221;][vc_column][vc_column_text]<p>This form is closed for voting.<\/p>[\/vc_column_text][\/vc_column][\/vc_row]\n","protected":false},"excerpt":{"rendered":"<p>[vc_row][vc_column][vc_raw_html]JTNDYnV0dG9uJTIwc3R5bGUlM0QlMjJiYWNrZ3JvdW5kLWNvbG9yJTNBJTIwJTIzZWVlJTNCJTIwY29sb3IlM0ElMjAlMjM0NDQlM0IlMEElMDklMDljdXJzb3IlM0ElMjBwb2ludGVyJTNCJTBBJTA5JTA5cGFkZGluZyUzQSUyMDE4cHglM0IlMEElMDklMDl3aWR0aCUzQSUyMDEwMCUyNSUzQiUwQSUwOSUwOWJvcmRlciUzQSUyMG5vbmUlM0IlMEElMDklMDl0ZXh0LWFsaWduJTNBJTIwY2VudGVyJTNCJTBBJTA5JTA5b3V0bGluZSUzQSUyMG5vbmUlM0IlMEElMDklMDlmb250LXNpemUlM0ElMjAxNXB4JTNCJTBBJTA5JTA5dHJhbnNpdGlvbiUzQSUyMDAuNHMlM0IlMjIlMjBvbmNsaWNrJTNEJTIydG9nZ2xlVmlkZW8lMjglMjklMjIlMjBpZCUzRCUyMnZpZGVvQnV0dG9uJTIyJTNFSGlkZSUyMHZpZGVvcyUzQyUyRmJ1dHRvbiUzRQ==[\/vc_raw_html][vc_raw_js]JTNDc2NyaXB0JTNFJTIwZnVuY3Rpb24lMjB0b2dnbGVWaWRlbyUyOCUyOSUyMCU3QiUwQSUyMCUyMCUyMCUyMHZhciUyMG15VmlkZW8lMjAlM0QlMjBkb2N1bWVudC5nZXRFbGVtZW50QnlJZCUyOCUyN1ZpZGVvJTI3JTI5JTNCJTBBJTIwJTIwJTIwJTIwdmFyJTIwZGlzcGxheVNldHRpbmclMjAlM0QlMjBteVZpZGVvLnN0eWxlLmRpc3BsYXklM0IlMEElMjAlMjAlMjAlMjB2YXIlMjB2aWRlb0J1dHRvbiUyMCUzRCUyMGRvY3VtZW50LmdldEVsZW1lbnRCeUlkJTI4JTI3dmlkZW9CdXR0b24lMjclMjklM0IlMEElMjAlMjAlMjAlMjBpZiUyMCUyOGRpc3BsYXlTZXR0aW5nJTIwJTNEJTNEJTIwJTI3YmxvY2slMjclMjklMjAlN0IlMEElMjAlMjAlMjAlMjAlMjAlMjBteVZpZGVvLnN0eWxlLmRpc3BsYXklMjAlM0QlMjAlMjdub25lJTI3JTNCJTBBJTIwJTIwJTIwJTIwJTIwJTIwdmlkZW9CdXR0b24uaW5uZXJIVE1MJTIwJTNEJTIwJTI3U2hvdyUyMHZpZGVvcyUyNyUzQiUwQSUyMCUyMCUyMCUyMCU3RCUwQSUyMCUyMCUyMCUyMGVsc2UlMjAlN0IlMEElMjAlMjAlMjAlMjAlMjAlMjBteVZpZGVvLnN0eWxlLmRpc3BsYXklMjAlM0QlMjAlMjdibG9jayUyNyUzQiUwQSUyMCUyMCUyMCUyMCUyMCUyMHZpZGVvQnV0dG9uLmlubmVySFRNTCUyMCUzRCUyMCUyN0hpZGUlMjB2aWRlb3MlMjclM0IlMEElMjAlMjAlMjAlMjAlN0QlMEElMjAlMjAlN0QlM0MlMkZzY3JpcHQlM0U=[\/vc_raw_js][\/vc_column][\/vc_row][vc_row et_column_align=&#8221;align-center&#8221; css=&#8221;.vc_custom_1638528588308{padding-top: 100px !important;padding-bottom: 100px !important;}&#8221; el_id=&#8221;Video&#8221;][vc_column][\/vc_column][\/vc_row][vc_row et_column_align=&#8221;align-center&#8221;][vc_column][vc_column_text][\/vc_column_text][\/vc_column][\/vc_row]<\/p>\n","protected":false},"author":1,"featured_media":49030,"parent":0,"menu_order":9,"comment_status":"closed","ping_status":"closed","template":"","meta":{"_acf_changed":false,"footnotes":""},"class_list":["post-19644","page","type-page","status-publish","has-post-thumbnail","hentry"],"acf":[],"yoast_head":"<!-- This site is optimized with the Yoast SEO plugin v27.1.1 - https:\/\/yoast.com\/product\/yoast-seo-wordpress\/ -->\n<title>Goal of the month - FC Famalic\u00e3o<\/title>\n<meta name=\"robots\" content=\"index, follow, max-snippet:-1, max-image-preview:large, max-video-preview:-1\" \/>\n<link rel=\"canonical\" href=\"https:\/\/www.fcfamalicao.pt\/en\/goal-of-the-month\/\" \/>\n<meta property=\"og:locale\" content=\"en_US\" \/>\n<meta property=\"og:type\" content=\"article\" \/>\n<meta property=\"og:title\" content=\"Goal of the month - FC Famalic\u00e3o\" \/>\n<meta property=\"og:description\" content=\"[vc_row][vc_column][vc_raw_html]JTNDYnV0dG9uJTIwc3R5bGUlM0QlMjJiYWNrZ3JvdW5kLWNvbG9yJTNBJTIwJTIzZWVlJTNCJTIwY29sb3IlM0ElMjAlMjM0NDQlM0IlMEElMDklMDljdXJzb3IlM0ElMjBwb2ludGVyJTNCJTBBJTA5JTA5cGFkZGluZyUzQSUyMDE4cHglM0IlMEElMDklMDl3aWR0aCUzQSUyMDEwMCUyNSUzQiUwQSUwOSUwOWJvcmRlciUzQSUyMG5vbmUlM0IlMEElMDklMDl0ZXh0LWFsaWduJTNBJTIwY2VudGVyJTNCJTBBJTA5JTA5b3V0bGluZSUzQSUyMG5vbmUlM0IlMEElMDklMDlmb250LXNpemUlM0ElMjAxNXB4JTNCJTBBJTA5JTA5dHJhbnNpdGlvbiUzQSUyMDAuNHMlM0IlMjIlMjBvbmNsaWNrJTNEJTIydG9nZ2xlVmlkZW8lMjglMjklMjIlMjBpZCUzRCUyMnZpZGVvQnV0dG9uJTIyJTNFSGlkZSUyMHZpZGVvcyUzQyUyRmJ1dHRvbiUzRQ==[\/vc_raw_html][vc_raw_js]JTNDc2NyaXB0JTNFJTIwZnVuY3Rpb24lMjB0b2dnbGVWaWRlbyUyOCUyOSUyMCU3QiUwQSUyMCUyMCUyMCUyMHZhciUyMG15VmlkZW8lMjAlM0QlMjBkb2N1bWVudC5nZXRFbGVtZW50QnlJZCUyOCUyN1ZpZGVvJTI3JTI5JTNCJTBBJTIwJTIwJTIwJTIwdmFyJTIwZGlzcGxheVNldHRpbmclMjAlM0QlMjBteVZpZGVvLnN0eWxlLmRpc3BsYXklM0IlMEElMjAlMjAlMjAlMjB2YXIlMjB2aWRlb0J1dHRvbiUyMCUzRCUyMGRvY3VtZW50LmdldEVsZW1lbnRCeUlkJTI4JTI3dmlkZW9CdXR0b24lMjclMjklM0IlMEElMjAlMjAlMjAlMjBpZiUyMCUyOGRpc3BsYXlTZXR0aW5nJTIwJTNEJTNEJTIwJTI3YmxvY2slMjclMjklMjAlN0IlMEElMjAlMjAlMjAlMjAlMjAlMjBteVZpZGVvLnN0eWxlLmRpc3BsYXklMjAlM0QlMjAlMjdub25lJTI3JTNCJTBBJTIwJTIwJTIwJTIwJTIwJTIwdmlkZW9CdXR0b24uaW5uZXJIVE1MJTIwJTNEJTIwJTI3U2hvdyUyMHZpZGVvcyUyNyUzQiUwQSUyMCUyMCUyMCUyMCU3RCUwQSUyMCUyMCUyMCUyMGVsc2UlMjAlN0IlMEElMjAlMjAlMjAlMjAlMjAlMjBteVZpZGVvLnN0eWxlLmRpc3BsYXklMjAlM0QlMjAlMjdibG9jayUyNyUzQiUwQSUyMCUyMCUyMCUyMCUyMCUyMHZpZGVvQnV0dG9uLmlubmVySFRNTCUyMCUzRCUyMCUyN0hpZGUlMjB2aWRlb3MlMjclM0IlMEElMjAlMjAlMjAlMjAlN0QlMEElMjAlMjAlN0QlM0MlMkZzY3JpcHQlM0U=[\/vc_raw_js][\/vc_column][\/vc_row][vc_row et_column_align=&#8221;align-center&#8221; css=&#8221;.vc_custom_1638528588308{padding-top: 100px !important;padding-bottom: 100px !important;}&#8221; el_id=&#8221;Video&#8221;][vc_column][\/vc_column][\/vc_row][vc_row et_column_align=&#8221;align-center&#8221;][vc_column][vc_column_text][\/vc_column_text][\/vc_column][\/vc_row]\" \/>\n<meta property=\"og:url\" content=\"https:\/\/www.fcfamalicao.pt\/en\/goal-of-the-month\/\" \/>\n<meta property=\"og:site_name\" content=\"FC Famalic\u00e3o\" \/>\n<meta property=\"article:publisher\" content=\"https:\/\/www.facebook.com\/FCFamalicao\/\" \/>\n<meta property=\"article:modified_time\" content=\"2021-12-06T09:57:01+00:00\" \/>\n<meta property=\"og:image\" content=\"https:\/\/www.fcfamalicao.pt\/wp-content\/uploads\/2021\/11\/fcf-cover.jpg\" \/>\n\t<meta property=\"og:image:width\" content=\"1440\" \/>\n\t<meta property=\"og:image:height\" content=\"529\" \/>\n\t<meta property=\"og:image:type\" content=\"image\/jpeg\" \/>\n<meta name=\"twitter:card\" content=\"summary_large_image\" \/>\n<meta name=\"twitter:site\" content=\"@fcf1931_oficial\" \/>\n<meta name=\"twitter:label1\" content=\"Est. reading time\" \/>\n\t<meta name=\"twitter:data1\" content=\"1 minute\" \/>\n<script type=\"application\/ld+json\" class=\"yoast-schema-graph\">{\"@context\":\"https:\/\/schema.org\",\"@graph\":[{\"@type\":\"WebPage\",\"@id\":\"https:\/\/www.fcfamalicao.pt\/en\/goal-of-the-month\/\",\"url\":\"https:\/\/www.fcfamalicao.pt\/en\/goal-of-the-month\/\",\"name\":\"Goal of the month - FC Famalic\u00e3o\",\"isPartOf\":{\"@id\":\"https:\/\/www.fcfamalicao.pt\/en\/#website\"},\"primaryImageOfPage\":{\"@id\":\"https:\/\/www.fcfamalicao.pt\/en\/goal-of-the-month\/#primaryimage\"},\"image\":{\"@id\":\"https:\/\/www.fcfamalicao.pt\/en\/goal-of-the-month\/#primaryimage\"},\"thumbnailUrl\":\"https:\/\/www.fcfamalicao.pt\/wp-content\/uploads\/2025\/02\/banner-golo-do-mes.jpg\",\"datePublished\":\"2021-12-02T15:31:25+00:00\",\"dateModified\":\"2021-12-06T09:57:01+00:00\",\"breadcrumb\":{\"@id\":\"https:\/\/www.fcfamalicao.pt\/en\/goal-of-the-month\/#breadcrumb\"},\"inLanguage\":\"en-US\",\"potentialAction\":[{\"@type\":\"ReadAction\",\"target\":[\"https:\/\/www.fcfamalicao.pt\/en\/goal-of-the-month\/\"]}]},{\"@type\":\"ImageObject\",\"inLanguage\":\"en-US\",\"@id\":\"https:\/\/www.fcfamalicao.pt\/en\/goal-of-the-month\/#primaryimage\",\"url\":\"https:\/\/www.fcfamalicao.pt\/wp-content\/uploads\/2025\/02\/banner-golo-do-mes.jpg\",\"contentUrl\":\"https:\/\/www.fcfamalicao.pt\/wp-content\/uploads\/2025\/02\/banner-golo-do-mes.jpg\",\"width\":1920,\"height\":887},{\"@type\":\"BreadcrumbList\",\"@id\":\"https:\/\/www.fcfamalicao.pt\/en\/goal-of-the-month\/#breadcrumb\",\"itemListElement\":[{\"@type\":\"ListItem\",\"position\":1,\"name\":\"Home\",\"item\":\"https:\/\/www.fcfamalicao.pt\/en\/\"},{\"@type\":\"ListItem\",\"position\":2,\"name\":\"Goal of the month\"}]},{\"@type\":\"WebSite\",\"@id\":\"https:\/\/www.fcfamalicao.pt\/en\/#website\",\"url\":\"https:\/\/www.fcfamalicao.pt\/en\/\",\"name\":\"FC Famalic\u00e3o\",\"description\":\"Site oficial do Futebol Clube Famalic\u00e3o. #AMORDEPERDI\u00c7\u00c3O\",\"publisher\":{\"@id\":\"https:\/\/www.fcfamalicao.pt\/en\/#organization\"},\"potentialAction\":[{\"@type\":\"SearchAction\",\"target\":{\"@type\":\"EntryPoint\",\"urlTemplate\":\"https:\/\/www.fcfamalicao.pt\/en\/?s={search_term_string}\"},\"query-input\":{\"@type\":\"PropertyValueSpecification\",\"valueRequired\":true,\"valueName\":\"search_term_string\"}}],\"inLanguage\":\"en-US\"},{\"@type\":\"Organization\",\"@id\":\"https:\/\/www.fcfamalicao.pt\/en\/#organization\",\"name\":\"FC Famalic\u00e3o\",\"url\":\"https:\/\/www.fcfamalicao.pt\/en\/\",\"logo\":{\"@type\":\"ImageObject\",\"inLanguage\":\"en-US\",\"@id\":\"https:\/\/www.fcfamalicao.pt\/en\/#\/schema\/logo\/image\/\",\"url\":\"https:\/\/www.fcfamalicao.pt\/wp-content\/uploads\/2018\/11\/fcf-logo.png\",\"contentUrl\":\"https:\/\/www.fcfamalicao.pt\/wp-content\/uploads\/2018\/11\/fcf-logo.png\",\"width\":150,\"height\":143,\"caption\":\"FC Famalic\u00e3o\"},\"image\":{\"@id\":\"https:\/\/www.fcfamalicao.pt\/en\/#\/schema\/logo\/image\/\"},\"sameAs\":[\"https:\/\/www.facebook.com\/FCFamalicao\/\",\"https:\/\/x.com\/fcf1931_oficial\",\"https:\/\/www.instagram.com\/futebolclubefamalicao\/\",\"https:\/\/www.youtube.com\/FCFamalicao1931\"]}]}<\/script>\n<!-- \/ Yoast SEO plugin. -->","yoast_head_json":{"title":"Goal of the month - FC Famalic\u00e3o","robots":{"index":"index","follow":"follow","max-snippet":"max-snippet:-1","max-image-preview":"max-image-preview:large","max-video-preview":"max-video-preview:-1"},"canonical":"https:\/\/www.fcfamalicao.pt\/en\/goal-of-the-month\/","og_locale":"en_US","og_type":"article","og_title":"Goal of the month - FC Famalic\u00e3o","og_description":"[vc_row][vc_column][vc_raw_html]JTNDYnV0dG9uJTIwc3R5bGUlM0QlMjJiYWNrZ3JvdW5kLWNvbG9yJTNBJTIwJTIzZWVlJTNCJTIwY29sb3IlM0ElMjAlMjM0NDQlM0IlMEElMDklMDljdXJzb3IlM0ElMjBwb2ludGVyJTNCJTBBJTA5JTA5cGFkZGluZyUzQSUyMDE4cHglM0IlMEElMDklMDl3aWR0aCUzQSUyMDEwMCUyNSUzQiUwQSUwOSUwOWJvcmRlciUzQSUyMG5vbmUlM0IlMEElMDklMDl0ZXh0LWFsaWduJTNBJTIwY2VudGVyJTNCJTBBJTA5JTA5b3V0bGluZSUzQSUyMG5vbmUlM0IlMEElMDklMDlmb250LXNpemUlM0ElMjAxNXB4JTNCJTBBJTA5JTA5dHJhbnNpdGlvbiUzQSUyMDAuNHMlM0IlMjIlMjBvbmNsaWNrJTNEJTIydG9nZ2xlVmlkZW8lMjglMjklMjIlMjBpZCUzRCUyMnZpZGVvQnV0dG9uJTIyJTNFSGlkZSUyMHZpZGVvcyUzQyUyRmJ1dHRvbiUzRQ==[\/vc_raw_html][vc_raw_js]JTNDc2NyaXB0JTNFJTIwZnVuY3Rpb24lMjB0b2dnbGVWaWRlbyUyOCUyOSUyMCU3QiUwQSUyMCUyMCUyMCUyMHZhciUyMG15VmlkZW8lMjAlM0QlMjBkb2N1bWVudC5nZXRFbGVtZW50QnlJZCUyOCUyN1ZpZGVvJTI3JTI5JTNCJTBBJTIwJTIwJTIwJTIwdmFyJTIwZGlzcGxheVNldHRpbmclMjAlM0QlMjBteVZpZGVvLnN0eWxlLmRpc3BsYXklM0IlMEElMjAlMjAlMjAlMjB2YXIlMjB2aWRlb0J1dHRvbiUyMCUzRCUyMGRvY3VtZW50LmdldEVsZW1lbnRCeUlkJTI4JTI3dmlkZW9CdXR0b24lMjclMjklM0IlMEElMjAlMjAlMjAlMjBpZiUyMCUyOGRpc3BsYXlTZXR0aW5nJTIwJTNEJTNEJTIwJTI3YmxvY2slMjclMjklMjAlN0IlMEElMjAlMjAlMjAlMjAlMjAlMjBteVZpZGVvLnN0eWxlLmRpc3BsYXklMjAlM0QlMjAlMjdub25lJTI3JTNCJTBBJTIwJTIwJTIwJTIwJTIwJTIwdmlkZW9CdXR0b24uaW5uZXJIVE1MJTIwJTNEJTIwJTI3U2hvdyUyMHZpZGVvcyUyNyUzQiUwQSUyMCUyMCUyMCUyMCU3RCUwQSUyMCUyMCUyMCUyMGVsc2UlMjAlN0IlMEElMjAlMjAlMjAlMjAlMjAlMjBteVZpZGVvLnN0eWxlLmRpc3BsYXklMjAlM0QlMjAlMjdibG9jayUyNyUzQiUwQSUyMCUyMCUyMCUyMCUyMCUyMHZpZGVvQnV0dG9uLmlubmVySFRNTCUyMCUzRCUyMCUyN0hpZGUlMjB2aWRlb3MlMjclM0IlMEElMjAlMjAlMjAlMjAlN0QlMEElMjAlMjAlN0QlM0MlMkZzY3JpcHQlM0U=[\/vc_raw_js][\/vc_column][\/vc_row][vc_row et_column_align=&#8221;align-center&#8221; css=&#8221;.vc_custom_1638528588308{padding-top: 100px !important;padding-bottom: 100px !important;}&#8221; el_id=&#8221;Video&#8221;][vc_column][\/vc_column][\/vc_row][vc_row et_column_align=&#8221;align-center&#8221;][vc_column][vc_column_text][\/vc_column_text][\/vc_column][\/vc_row]","og_url":"https:\/\/www.fcfamalicao.pt\/en\/goal-of-the-month\/","og_site_name":"FC Famalic\u00e3o","article_publisher":"https:\/\/www.facebook.com\/FCFamalicao\/","article_modified_time":"2021-12-06T09:57:01+00:00","og_image":[{"width":1440,"height":529,"url":"https:\/\/www.fcfamalicao.pt\/wp-content\/uploads\/2021\/11\/fcf-cover.jpg","type":"image\/jpeg"}],"twitter_card":"summary_large_image","twitter_site":"@fcf1931_oficial","twitter_misc":{"Est. reading time":"1 minute"},"schema":{"@context":"https:\/\/schema.org","@graph":[{"@type":"WebPage","@id":"https:\/\/www.fcfamalicao.pt\/en\/goal-of-the-month\/","url":"https:\/\/www.fcfamalicao.pt\/en\/goal-of-the-month\/","name":"Goal of the month - FC Famalic\u00e3o","isPartOf":{"@id":"https:\/\/www.fcfamalicao.pt\/en\/#website"},"primaryImageOfPage":{"@id":"https:\/\/www.fcfamalicao.pt\/en\/goal-of-the-month\/#primaryimage"},"image":{"@id":"https:\/\/www.fcfamalicao.pt\/en\/goal-of-the-month\/#primaryimage"},"thumbnailUrl":"https:\/\/www.fcfamalicao.pt\/wp-content\/uploads\/2025\/02\/banner-golo-do-mes.jpg","datePublished":"2021-12-02T15:31:25+00:00","dateModified":"2021-12-06T09:57:01+00:00","breadcrumb":{"@id":"https:\/\/www.fcfamalicao.pt\/en\/goal-of-the-month\/#breadcrumb"},"inLanguage":"en-US","potentialAction":[{"@type":"ReadAction","target":["https:\/\/www.fcfamalicao.pt\/en\/goal-of-the-month\/"]}]},{"@type":"ImageObject","inLanguage":"en-US","@id":"https:\/\/www.fcfamalicao.pt\/en\/goal-of-the-month\/#primaryimage","url":"https:\/\/www.fcfamalicao.pt\/wp-content\/uploads\/2025\/02\/banner-golo-do-mes.jpg","contentUrl":"https:\/\/www.fcfamalicao.pt\/wp-content\/uploads\/2025\/02\/banner-golo-do-mes.jpg","width":1920,"height":887},{"@type":"BreadcrumbList","@id":"https:\/\/www.fcfamalicao.pt\/en\/goal-of-the-month\/#breadcrumb","itemListElement":[{"@type":"ListItem","position":1,"name":"Home","item":"https:\/\/www.fcfamalicao.pt\/en\/"},{"@type":"ListItem","position":2,"name":"Goal of the month"}]},{"@type":"WebSite","@id":"https:\/\/www.fcfamalicao.pt\/en\/#website","url":"https:\/\/www.fcfamalicao.pt\/en\/","name":"FC Famalic\u00e3o","description":"Site oficial do Futebol Clube Famalic\u00e3o. #AMORDEPERDI\u00c7\u00c3O","publisher":{"@id":"https:\/\/www.fcfamalicao.pt\/en\/#organization"},"potentialAction":[{"@type":"SearchAction","target":{"@type":"EntryPoint","urlTemplate":"https:\/\/www.fcfamalicao.pt\/en\/?s={search_term_string}"},"query-input":{"@type":"PropertyValueSpecification","valueRequired":true,"valueName":"search_term_string"}}],"inLanguage":"en-US"},{"@type":"Organization","@id":"https:\/\/www.fcfamalicao.pt\/en\/#organization","name":"FC Famalic\u00e3o","url":"https:\/\/www.fcfamalicao.pt\/en\/","logo":{"@type":"ImageObject","inLanguage":"en-US","@id":"https:\/\/www.fcfamalicao.pt\/en\/#\/schema\/logo\/image\/","url":"https:\/\/www.fcfamalicao.pt\/wp-content\/uploads\/2018\/11\/fcf-logo.png","contentUrl":"https:\/\/www.fcfamalicao.pt\/wp-content\/uploads\/2018\/11\/fcf-logo.png","width":150,"height":143,"caption":"FC Famalic\u00e3o"},"image":{"@id":"https:\/\/www.fcfamalicao.pt\/en\/#\/schema\/logo\/image\/"},"sameAs":["https:\/\/www.facebook.com\/FCFamalicao\/","https:\/\/x.com\/fcf1931_oficial","https:\/\/www.instagram.com\/futebolclubefamalicao\/","https:\/\/www.youtube.com\/FCFamalicao1931"]}]}},"_links":{"self":[{"href":"https:\/\/www.fcfamalicao.pt\/en\/wp-json\/wp\/v2\/pages\/19644","targetHints":{"allow":["GET"]}}],"collection":[{"href":"https:\/\/www.fcfamalicao.pt\/en\/wp-json\/wp\/v2\/pages"}],"about":[{"href":"https:\/\/www.fcfamalicao.pt\/en\/wp-json\/wp\/v2\/types\/page"}],"author":[{"embeddable":true,"href":"https:\/\/www.fcfamalicao.pt\/en\/wp-json\/wp\/v2\/users\/1"}],"replies":[{"embeddable":true,"href":"https:\/\/www.fcfamalicao.pt\/en\/wp-json\/wp\/v2\/comments?post=19644"}],"version-history":[{"count":0,"href":"https:\/\/www.fcfamalicao.pt\/en\/wp-json\/wp\/v2\/pages\/19644\/revisions"}],"wp:featuredmedia":[{"embeddable":true,"href":"https:\/\/www.fcfamalicao.pt\/en\/wp-json\/wp\/v2\/media\/49030"}],"wp:attachment":[{"href":"https:\/\/www.fcfamalicao.pt\/en\/wp-json\/wp\/v2\/media?parent=19644"}],"curies":[{"name":"wp","href":"https:\/\/api.w.org\/{rel}","templated":true}]}}