{"id":55659,"date":"2023-02-06T14:42:07","date_gmt":"2023-02-06T14:42:07","guid":{"rendered":"https:\/\/www.fcfamalicao.pt\/condicoes-gerais-de-venda\/"},"modified":"2026-03-05T16:35:06","modified_gmt":"2026-03-05T16:35:06","slug":"condicoes-gerais-de-venda","status":"publish","type":"page","link":"https:\/\/www.fcfamalicao.pt\/en\/condicoes-gerais-de-venda\/","title":{"rendered":"Condi\u00e7\u00f5es Gerais de Venda"},"content":{"rendered":"<h2>M\u00e9todos de pagamento<\/h2>\n<p>Tem ao seu dispor os seguintes meios de pagamento: Multibanco, MB Way e Transfer\u00eancia Banc\u00e1ria.<\/p>\n<h3>1. Multibanco<\/h3>\n<p>\u00c9 enviado para o seu e-mail uma entidade, uma refer\u00eancia e o valor da encomenda que poder\u00e1 liquidar em qualquer caixa ATM (ou Homebanking), ao selecionar a opera\u00e7\u00e3o Pagamentos\/Pagamentos de compras.<\/p>\n<h3>2. MB Way<\/h3>\n<p>Logo ap\u00f3s a encomenda, \u00e9 enviado por email os dados para a respetiva transfer\u00eancia banc\u00e1ria. Deve indicar o n.\u00ba da encomenda como refer\u00eancia da transfer\u00eancia. A sua encomenda n\u00e3o ser\u00e1 enviada at\u00e9 confirma\u00e7\u00e3o do montante na nossa conta.<\/p>\n<h3>3. Transfer\u00eancia Banc\u00e1ria<\/h3>\n<p>Logo ap\u00f3s a encomenda, \u00e9 enviado por email os dados para a respetiva transfer\u00eancia banc\u00e1ria. Deve indicar o n.\u00ba da encomenda como refer\u00eancia da transfer\u00eancia. A sua encomenda n\u00e3o ser\u00e1 enviada at\u00e9 confirma\u00e7\u00e3o do montante na nossa conta.<\/p>\n<p>&nbsp;<\/p>\n<h2>M\u00e9todos de envio<\/h2>\n<p>As encomendas s\u00e3o enviadas atrav\u00e9s de correio registado CTT ou por transportadora (Fema). Pode acompanhar permanentemente os objetos atrav\u00e9s de um c\u00f3digo.<\/p>\n<p>&nbsp;<\/p>\n<h2>Portes de envio<\/h2>\n<p>Nacional \u2013 5\u20ac<br \/>\nEuropa (Zona Euro) \u2013 12\u20ac<br \/>\nResto do Mundo \u2013 18\u20ac<\/p>\n<p>&nbsp;<\/p>\n<h2 id=\"condicoes-gerais-de-venda\">Trocas e devolu\u00e7\u00f5es<\/h2>\n<p>Disp\u00f5e de 14 dias, ap\u00f3s a rece\u00e7\u00e3o da sua compra, para trocar ou devolver os artigos adquirido online. Deve enviar um email para <a href=\"mailto:marketing@fcfamalicao.pt\">marketing@fcfamalicao.pt<\/a> com a inten\u00e7\u00e3o da troca, posteriormente ser\u00e1 agendado a recolha pela transportadora. A troca ou devolu\u00e7\u00e3o tamb\u00e9m pode ser efetuada diretamente na nossa Loja Oficial.<br \/>\nOs custos com portes de envio s\u00e3o suportados pelo cliente. Os artigos dever\u00e3o estar em perfeitas condi\u00e7\u00f5es, com as etiquetas originais e entregues com a fatura original de compra.<\/p>\n<p>&nbsp;<\/p>\n<h2 id=\"condicoes-gerais-de-venda\">Reembolso<\/h2>\n<p>O reembolso ser\u00e1 processado ap\u00f3s a rece\u00e7\u00e3o dos artigos devolvidos. O reembolso do montante \u00e9 efetuado atrav\u00e9s do mesmo m\u00e9todo de pagamento utilizado aquando da compra.<\/p>\n<p>&nbsp;<\/p>\n<h2 id=\"condicoes-gerais-de-venda\">Pol\u00edtica de pre\u00e7os<\/h2>\n<p>Os pre\u00e7os apresentados incluem IVA \u00e0 taxa legal em vigor. O FC Famalic\u00e3o \u2013 Futebol SAD reserva-se ao direito de altera\u00e7\u00e3o de pre\u00e7os sem aviso pr\u00e9vio. Todos os artigos sujeitam-se \u00e0 disponibilidade de stock.<\/p>\n","protected":false},"excerpt":{"rendered":"<p>M\u00e9todos de pagamento Tem ao seu dispor os seguintes meios de pagamento: Multibanco, MB Way e Transfer\u00eancia Banc\u00e1ria. 1. Multibanco \u00c9 enviado para o seu e-mail uma entidade, uma refer\u00eancia e o valor da encomenda que poder\u00e1 liquidar em qualquer caixa ATM (ou Homebanking), ao selecionar a opera\u00e7\u00e3o Pagamentos\/Pagamentos de&hellip;<\/p>\n","protected":false},"author":1,"featured_media":18021,"parent":0,"menu_order":0,"comment_status":"closed","ping_status":"closed","template":"","meta":{"_acf_changed":false,"footnotes":""},"class_list":["post-55659","page","type-page","status-publish","has-post-thumbnail","hentry"],"acf":[],"yoast_head":"<!-- This site is optimized with the Yoast SEO plugin v27.1.1 - https:\/\/yoast.com\/product\/yoast-seo-wordpress\/ -->\n<title>Condi\u00e7\u00f5es Gerais de Venda - FC Famalic\u00e3o<\/title>\n<meta name=\"robots\" content=\"index, follow, max-snippet:-1, max-image-preview:large, max-video-preview:-1\" \/>\n<link rel=\"canonical\" href=\"https:\/\/www.fcfamalicao.pt\/en\/condicoes-gerais-de-venda\/\" \/>\n<meta property=\"og:locale\" content=\"en_US\" \/>\n<meta property=\"og:type\" content=\"article\" \/>\n<meta property=\"og:title\" content=\"Condi\u00e7\u00f5es Gerais de Venda - FC Famalic\u00e3o\" \/>\n<meta property=\"og:description\" content=\"M\u00e9todos de pagamento Tem ao seu dispor os seguintes meios de pagamento: Multibanco, MB Way e Transfer\u00eancia Banc\u00e1ria. 1. Multibanco \u00c9 enviado para o seu e-mail uma entidade, uma refer\u00eancia e o valor da encomenda que poder\u00e1 liquidar em qualquer caixa ATM (ou Homebanking), ao selecionar a opera\u00e7\u00e3o Pagamentos\/Pagamentos de&hellip;\" \/>\n<meta property=\"og:url\" content=\"https:\/\/www.fcfamalicao.pt\/en\/condicoes-gerais-de-venda\/\" \/>\n<meta property=\"og:site_name\" content=\"FC Famalic\u00e3o\" \/>\n<meta property=\"article:publisher\" content=\"https:\/\/www.facebook.com\/FCFamalicao\/\" \/>\n<meta property=\"article:modified_time\" content=\"2026-03-05T16:35:06+00:00\" \/>\n<meta property=\"og:image\" content=\"https:\/\/www.fcfamalicao.pt\/wp-content\/uploads\/2021\/11\/fcf-cover.jpg\" \/>\n\t<meta property=\"og:image:width\" content=\"1440\" \/>\n\t<meta property=\"og:image:height\" content=\"529\" \/>\n\t<meta property=\"og:image:type\" content=\"image\/jpeg\" \/>\n<meta name=\"twitter:card\" content=\"summary_large_image\" \/>\n<meta name=\"twitter:site\" content=\"@fcf1931_oficial\" \/>\n<meta name=\"twitter:label1\" content=\"Est. reading time\" \/>\n\t<meta name=\"twitter:data1\" content=\"2 minutes\" \/>\n<script type=\"application\/ld+json\" class=\"yoast-schema-graph\">{\"@context\":\"https:\/\/schema.org\",\"@graph\":[{\"@type\":\"WebPage\",\"@id\":\"https:\/\/www.fcfamalicao.pt\/en\/condicoes-gerais-de-venda\/\",\"url\":\"https:\/\/www.fcfamalicao.pt\/en\/condicoes-gerais-de-venda\/\",\"name\":\"Condi\u00e7\u00f5es Gerais de Venda - FC Famalic\u00e3o\",\"isPartOf\":{\"@id\":\"https:\/\/www.fcfamalicao.pt\/en\/#website\"},\"primaryImageOfPage\":{\"@id\":\"https:\/\/www.fcfamalicao.pt\/en\/condicoes-gerais-de-venda\/#primaryimage\"},\"image\":{\"@id\":\"https:\/\/www.fcfamalicao.pt\/en\/condicoes-gerais-de-venda\/#primaryimage\"},\"thumbnailUrl\":\"https:\/\/www.fcfamalicao.pt\/wp-content\/uploads\/2021\/11\/fcf-cover.jpg\",\"datePublished\":\"2023-02-06T14:42:07+00:00\",\"dateModified\":\"2026-03-05T16:35:06+00:00\",\"breadcrumb\":{\"@id\":\"https:\/\/www.fcfamalicao.pt\/en\/condicoes-gerais-de-venda\/#breadcrumb\"},\"inLanguage\":\"en-US\",\"potentialAction\":[{\"@type\":\"ReadAction\",\"target\":[\"https:\/\/www.fcfamalicao.pt\/en\/condicoes-gerais-de-venda\/\"]}]},{\"@type\":\"ImageObject\",\"inLanguage\":\"en-US\",\"@id\":\"https:\/\/www.fcfamalicao.pt\/en\/condicoes-gerais-de-venda\/#primaryimage\",\"url\":\"https:\/\/www.fcfamalicao.pt\/wp-content\/uploads\/2021\/11\/fcf-cover.jpg\",\"contentUrl\":\"https:\/\/www.fcfamalicao.pt\/wp-content\/uploads\/2021\/11\/fcf-cover.jpg\",\"width\":1440,\"height\":529},{\"@type\":\"BreadcrumbList\",\"@id\":\"https:\/\/www.fcfamalicao.pt\/en\/condicoes-gerais-de-venda\/#breadcrumb\",\"itemListElement\":[{\"@type\":\"ListItem\",\"position\":1,\"name\":\"Home\",\"item\":\"https:\/\/www.fcfamalicao.pt\/en\/\"},{\"@type\":\"ListItem\",\"position\":2,\"name\":\"Condi\u00e7\u00f5es Gerais de Venda\"}]},{\"@type\":\"WebSite\",\"@id\":\"https:\/\/www.fcfamalicao.pt\/en\/#website\",\"url\":\"https:\/\/www.fcfamalicao.pt\/en\/\",\"name\":\"FC Famalic\u00e3o\",\"description\":\"Site oficial do Futebol Clube Famalic\u00e3o. #AMORDEPERDI\u00c7\u00c3O\",\"publisher\":{\"@id\":\"https:\/\/www.fcfamalicao.pt\/en\/#organization\"},\"potentialAction\":[{\"@type\":\"SearchAction\",\"target\":{\"@type\":\"EntryPoint\",\"urlTemplate\":\"https:\/\/www.fcfamalicao.pt\/en\/?s={search_term_string}\"},\"query-input\":{\"@type\":\"PropertyValueSpecification\",\"valueRequired\":true,\"valueName\":\"search_term_string\"}}],\"inLanguage\":\"en-US\"},{\"@type\":\"Organization\",\"@id\":\"https:\/\/www.fcfamalicao.pt\/en\/#organization\",\"name\":\"FC Famalic\u00e3o\",\"url\":\"https:\/\/www.fcfamalicao.pt\/en\/\",\"logo\":{\"@type\":\"ImageObject\",\"inLanguage\":\"en-US\",\"@id\":\"https:\/\/www.fcfamalicao.pt\/en\/#\/schema\/logo\/image\/\",\"url\":\"https:\/\/www.fcfamalicao.pt\/wp-content\/uploads\/2018\/11\/fcf-logo.png\",\"contentUrl\":\"https:\/\/www.fcfamalicao.pt\/wp-content\/uploads\/2018\/11\/fcf-logo.png\",\"width\":150,\"height\":143,\"caption\":\"FC Famalic\u00e3o\"},\"image\":{\"@id\":\"https:\/\/www.fcfamalicao.pt\/en\/#\/schema\/logo\/image\/\"},\"sameAs\":[\"https:\/\/www.facebook.com\/FCFamalicao\/\",\"https:\/\/x.com\/fcf1931_oficial\",\"https:\/\/www.instagram.com\/futebolclubefamalicao\/\",\"https:\/\/www.youtube.com\/FCFamalicao1931\"]}]}<\/script>\n<!-- \/ Yoast SEO plugin. -->","yoast_head_json":{"title":"Condi\u00e7\u00f5es Gerais de Venda - FC Famalic\u00e3o","robots":{"index":"index","follow":"follow","max-snippet":"max-snippet:-1","max-image-preview":"max-image-preview:large","max-video-preview":"max-video-preview:-1"},"canonical":"https:\/\/www.fcfamalicao.pt\/en\/condicoes-gerais-de-venda\/","og_locale":"en_US","og_type":"article","og_title":"Condi\u00e7\u00f5es Gerais de Venda - FC Famalic\u00e3o","og_description":"M\u00e9todos de pagamento Tem ao seu dispor os seguintes meios de pagamento: Multibanco, MB Way e Transfer\u00eancia Banc\u00e1ria. 1. Multibanco \u00c9 enviado para o seu e-mail uma entidade, uma refer\u00eancia e o valor da encomenda que poder\u00e1 liquidar em qualquer caixa ATM (ou Homebanking), ao selecionar a opera\u00e7\u00e3o Pagamentos\/Pagamentos de&hellip;","og_url":"https:\/\/www.fcfamalicao.pt\/en\/condicoes-gerais-de-venda\/","og_site_name":"FC Famalic\u00e3o","article_publisher":"https:\/\/www.facebook.com\/FCFamalicao\/","article_modified_time":"2026-03-05T16:35:06+00:00","og_image":[{"width":1440,"height":529,"url":"https:\/\/www.fcfamalicao.pt\/wp-content\/uploads\/2021\/11\/fcf-cover.jpg","type":"image\/jpeg"}],"twitter_card":"summary_large_image","twitter_site":"@fcf1931_oficial","twitter_misc":{"Est. reading time":"2 minutes"},"schema":{"@context":"https:\/\/schema.org","@graph":[{"@type":"WebPage","@id":"https:\/\/www.fcfamalicao.pt\/en\/condicoes-gerais-de-venda\/","url":"https:\/\/www.fcfamalicao.pt\/en\/condicoes-gerais-de-venda\/","name":"Condi\u00e7\u00f5es Gerais de Venda - FC Famalic\u00e3o","isPartOf":{"@id":"https:\/\/www.fcfamalicao.pt\/en\/#website"},"primaryImageOfPage":{"@id":"https:\/\/www.fcfamalicao.pt\/en\/condicoes-gerais-de-venda\/#primaryimage"},"image":{"@id":"https:\/\/www.fcfamalicao.pt\/en\/condicoes-gerais-de-venda\/#primaryimage"},"thumbnailUrl":"https:\/\/www.fcfamalicao.pt\/wp-content\/uploads\/2021\/11\/fcf-cover.jpg","datePublished":"2023-02-06T14:42:07+00:00","dateModified":"2026-03-05T16:35:06+00:00","breadcrumb":{"@id":"https:\/\/www.fcfamalicao.pt\/en\/condicoes-gerais-de-venda\/#breadcrumb"},"inLanguage":"en-US","potentialAction":[{"@type":"ReadAction","target":["https:\/\/www.fcfamalicao.pt\/en\/condicoes-gerais-de-venda\/"]}]},{"@type":"ImageObject","inLanguage":"en-US","@id":"https:\/\/www.fcfamalicao.pt\/en\/condicoes-gerais-de-venda\/#primaryimage","url":"https:\/\/www.fcfamalicao.pt\/wp-content\/uploads\/2021\/11\/fcf-cover.jpg","contentUrl":"https:\/\/www.fcfamalicao.pt\/wp-content\/uploads\/2021\/11\/fcf-cover.jpg","width":1440,"height":529},{"@type":"BreadcrumbList","@id":"https:\/\/www.fcfamalicao.pt\/en\/condicoes-gerais-de-venda\/#breadcrumb","itemListElement":[{"@type":"ListItem","position":1,"name":"Home","item":"https:\/\/www.fcfamalicao.pt\/en\/"},{"@type":"ListItem","position":2,"name":"Condi\u00e7\u00f5es Gerais de Venda"}]},{"@type":"WebSite","@id":"https:\/\/www.fcfamalicao.pt\/en\/#website","url":"https:\/\/www.fcfamalicao.pt\/en\/","name":"FC Famalic\u00e3o","description":"Site oficial do Futebol Clube Famalic\u00e3o. #AMORDEPERDI\u00c7\u00c3O","publisher":{"@id":"https:\/\/www.fcfamalicao.pt\/en\/#organization"},"potentialAction":[{"@type":"SearchAction","target":{"@type":"EntryPoint","urlTemplate":"https:\/\/www.fcfamalicao.pt\/en\/?s={search_term_string}"},"query-input":{"@type":"PropertyValueSpecification","valueRequired":true,"valueName":"search_term_string"}}],"inLanguage":"en-US"},{"@type":"Organization","@id":"https:\/\/www.fcfamalicao.pt\/en\/#organization","name":"FC Famalic\u00e3o","url":"https:\/\/www.fcfamalicao.pt\/en\/","logo":{"@type":"ImageObject","inLanguage":"en-US","@id":"https:\/\/www.fcfamalicao.pt\/en\/#\/schema\/logo\/image\/","url":"https:\/\/www.fcfamalicao.pt\/wp-content\/uploads\/2018\/11\/fcf-logo.png","contentUrl":"https:\/\/www.fcfamalicao.pt\/wp-content\/uploads\/2018\/11\/fcf-logo.png","width":150,"height":143,"caption":"FC Famalic\u00e3o"},"image":{"@id":"https:\/\/www.fcfamalicao.pt\/en\/#\/schema\/logo\/image\/"},"sameAs":["https:\/\/www.facebook.com\/FCFamalicao\/","https:\/\/x.com\/fcf1931_oficial","https:\/\/www.instagram.com\/futebolclubefamalicao\/","https:\/\/www.youtube.com\/FCFamalicao1931"]}]}},"_links":{"self":[{"href":"https:\/\/www.fcfamalicao.pt\/en\/wp-json\/wp\/v2\/pages\/55659","targetHints":{"allow":["GET"]}}],"collection":[{"href":"https:\/\/www.fcfamalicao.pt\/en\/wp-json\/wp\/v2\/pages"}],"about":[{"href":"https:\/\/www.fcfamalicao.pt\/en\/wp-json\/wp\/v2\/types\/page"}],"author":[{"embeddable":true,"href":"https:\/\/www.fcfamalicao.pt\/en\/wp-json\/wp\/v2\/users\/1"}],"replies":[{"embeddable":true,"href":"https:\/\/www.fcfamalicao.pt\/en\/wp-json\/wp\/v2\/comments?post=55659"}],"version-history":[{"count":1,"href":"https:\/\/www.fcfamalicao.pt\/en\/wp-json\/wp\/v2\/pages\/55659\/revisions"}],"predecessor-version":[{"id":55660,"href":"https:\/\/www.fcfamalicao.pt\/en\/wp-json\/wp\/v2\/pages\/55659\/revisions\/55660"}],"wp:featuredmedia":[{"embeddable":true,"href":"https:\/\/www.fcfamalicao.pt\/en\/wp-json\/wp\/v2\/media\/18021"}],"wp:attachment":[{"href":"https:\/\/www.fcfamalicao.pt\/en\/wp-json\/wp\/v2\/media?parent=55659"}],"curies":[{"name":"wp","href":"https:\/\/api.w.org\/{rel}","templated":true}]}}