{"id":55661,"date":"2023-09-29T10:32:56","date_gmt":"2023-09-29T09:32:56","guid":{"rendered":"https:\/\/www.fcfamalicao.pt\/dia-do-vila-nova\/"},"modified":"2026-03-06T09:49:51","modified_gmt":"2026-03-06T09:49:51","slug":"dia-do-vila-nova","status":"publish","type":"page","link":"https:\/\/www.fcfamalicao.pt\/en\/dia-do-vila-nova\/","title":{"rendered":"Dia do Vila Nova"},"content":{"rendered":"[vc_row equal_height=&#8221;yes&#8221; content_placement=&#8221;middle&#8221;][vc_column width=&#8221;1\/3&#8243;][vc_empty_space height=&#8221;60px&#8221;][vc_column_text]<strong><span style=\"color: #173854;\">25.\u00aa jornada Liga Portugal Betclic<\/span><\/strong>[\/vc_column_text][vc_column_text]\n<h4><strong>Sexta-feira, 6 de mar\u00e7o<\/strong>, 20h15<br \/>\nEst\u00e1dio Municipal de Famalic\u00e3o<\/h4>\n[\/vc_column_text][vc_row_inner content_placement=&#8221;middle&#8221;][vc_column_inner width=&#8221;1\/4&#8243;][vc_single_image image=&#8221;32642&#8243;][\/vc_column_inner][vc_column_inner width=&#8221;3\/4&#8243;][vc_column_text]\n<h2>FC Famalic\u00e3o<\/h2>\n[\/vc_column_text][\/vc_column_inner][\/vc_row_inner][vc_row_inner content_placement=&#8221;middle&#8221;][vc_column_inner width=&#8221;1\/4&#8243;][vc_single_image image=&#8221;55713&#8243;][\/vc_column_inner][vc_column_inner width=&#8221;3\/4&#8243;][vc_column_text]\n<h2>FC Arouca<\/h2>\n[\/vc_column_text][\/vc_column_inner][\/vc_row_inner][vc_empty_space height=&#8221;60px&#8221;][\/vc_column][vc_column width=&#8221;2\/3&#8243; css=&#8221;.vc_custom_1772731615520{background-image: url(https:\/\/www.fcfamalicao.pt\/wp-content\/uploads\/2026\/03\/IMG_2325_Easy-Resize.com_.jpg?id=55691) !important;background-position: center !important;background-repeat: no-repeat !important;background-size: cover !important;}&#8221;][vc_empty_space height=&#8221;200px&#8221;][\/vc_column][\/vc_row][vc_row][vc_column][vc_empty_space height=&#8221;80px&#8221;][\/vc_column][\/vc_row][vc_row][vc_column width=&#8221;1\/4&#8243;][\/vc_column][vc_column width=&#8221;1\/4&#8243;][vc_column_text]\n<h2>FC Famalic\u00e3o<\/h2>\n[\/vc_column_text][vc_column_text]\n<h3>Titulares<\/h3>\n[\/vc_column_text][vc_column_text]<span style=\"color: #3366ff;\"><strong>1<\/strong><\/span> Jogador<br \/>\n<span style=\"color: #3366ff;\"><strong>2 <\/strong><\/span>Jogador<br \/>\n<span style=\"color: #3366ff;\"><b>3 <\/b><\/span>Jogador<br \/>\n<span style=\"color: #3366ff;\"><strong>4 <\/strong><\/span>Jogador<br \/>\n<span style=\"color: #3366ff;\"><strong>5 <\/strong><\/span>Jogador<br \/>\n<span style=\"color: #3366ff;\"><strong>6 <\/strong><\/span>Jogador<br \/>\n<span style=\"color: #3366ff;\"><strong>7 <\/strong><\/span>Jogador<br \/>\n<span style=\"color: #3366ff;\"><strong>8 <\/strong><\/span>Jogador<br \/>\n<span style=\"color: #3366ff;\"><strong>9 <\/strong><\/span>Jogador<br \/>\n<span style=\"color: #3366ff;\"><b>10 <\/b><\/span>Jogador<br \/>\n<span style=\"color: #3366ff;\"><strong>11<\/strong><\/span> Jogador[\/vc_column_text][vc_column_text]\n<h3>Suplentes<\/h3>\n[\/vc_column_text][vc_column_text]<span style=\"color: #3366ff;\"><strong>12<\/strong><\/span> Jogador<br \/>\n<span style=\"color: #3366ff;\"><strong>13<\/strong><\/span> Jogador<br \/>\n<span style=\"color: #3366ff;\"><strong>14<\/strong><\/span> Jogador<br \/>\n<span style=\"color: #3366ff;\"><strong>15<\/strong><\/span> Jogador<br \/>\n<span style=\"color: #3366ff;\"><strong>16<\/strong><\/span> Jogador<br \/>\n<span style=\"color: #3366ff;\"><strong>17<\/strong><\/span> Jogador<br \/>\n<span style=\"color: #3366ff;\"><strong>18<\/strong><\/span> Jogador<br \/>\n<span style=\"color: #3366ff;\"><strong>19<\/strong><\/span>\u00a0Jogador<br \/>\n<span style=\"color: #3366ff;\"><strong>20<\/strong><\/span> Jogador[\/vc_column_text][\/vc_column][vc_column width=&#8221;1\/4&#8243;][vc_column_text]\n<h2>FC Arouca<\/h2>\n[\/vc_column_text][vc_column_text]\n<h3>Titulares<\/h3>\n[\/vc_column_text][vc_column_text]<span style=\"color: #808080;\"><b>1 <\/b><\/span>Jogador<br \/>\n<span style=\"color: #808080;\"><strong>2<\/strong> <\/span>Jogador<br \/>\n<span style=\"color: #808080;\"><strong>3 <\/strong><\/span>Jogador<br \/>\n<span style=\"color: #808080;\"><strong>4 <\/strong><\/span>Jogador<br \/>\n<span style=\"color: #808080;\"><strong>5 <\/strong><\/span>Jogador<br \/>\n<span style=\"color: #808080;\"><strong>6 <\/strong><\/span>Jogador<br \/>\n<span style=\"color: #808080;\"><strong>7 <\/strong><\/span>Jogador<br \/>\n<span style=\"color: #808080;\"><strong>8 <\/strong><\/span>Jogador<br \/>\n<span style=\"color: #808080;\"><strong>9 <\/strong><\/span>Jogador<br \/>\n<span style=\"color: #808080;\"><strong>10 <\/strong><\/span>Jogador<br \/>\n<span style=\"color: #808080;\"><strong>11 <\/strong><\/span>Jogador[\/vc_column_text][vc_column_text]\n<h3>Suplentes<\/h3>\n[\/vc_column_text][vc_column_text]<span style=\"color: #808080;\"><b>12 <\/b><\/span>Jogador<br \/>\n<span style=\"color: #808080;\"><strong>13<\/strong><\/span> Jogador<br \/>\n<span style=\"color: #808080;\"><b>14 <\/b><\/span>Jogador<br \/>\n<span style=\"color: #808080;\"><b>15 <\/b><\/span>Jogador<br \/>\n<span style=\"color: #808080;\"><strong>16 <\/strong><\/span>Jogador<br \/>\n<span style=\"color: #808080;\"><b>17 <\/b><\/span>Jogador<br \/>\n<span style=\"color: #808080;\"><strong>18 <\/strong><\/span>Jogador<br \/>\n<span style=\"color: #808080;\"><strong>19 <\/strong><\/span>Jogador<br \/>\n<span style=\"color: #808080;\"><strong>20 <\/strong><\/span>Jogador[\/vc_column_text][\/vc_column][vc_column width=&#8221;1\/4&#8243;][\/vc_column][\/vc_row][vc_row][vc_column width=&#8221;1\/4&#8243;][\/vc_column][vc_column width=&#8221;1\/4&#8243;][vc_column_text]\n<h3>Treinador Principal<\/h3>\n[\/vc_column_text][vc_column_text]<strong>Hugo Oliveira<\/strong><br \/>\nFC Famalic\u00e3o[\/vc_column_text][\/vc_column][vc_column width=&#8221;1\/4&#8243;][vc_column_text]\n<h3>Treinador Principal<\/h3>\n[\/vc_column_text][vc_column_text]<strong>Vasco Seabra<br \/>\n<\/strong>FC Arouca[\/vc_column_text][\/vc_column][vc_column width=&#8221;1\/4&#8243;][\/vc_column][\/vc_row][vc_row][vc_column width=&#8221;1\/4&#8243;][\/vc_column][vc_column width=&#8221;1\/4&#8243;][vc_column_text]\n<h3>Presidente<\/h3>\n[\/vc_column_text][vc_column_text]<strong>Miguel Ribeiro<\/strong><br \/>\nFC Famalic\u00e3o[\/vc_column_text][\/vc_column][vc_column width=&#8221;1\/4&#8243;][vc_column_text]\n<h3>Presidente<\/h3>\n[\/vc_column_text][vc_column_text]<strong>Carlos Pinho<\/strong><br \/>\nFC Arouca[\/vc_column_text][\/vc_column][vc_column width=&#8221;1\/4&#8243;][\/vc_column][\/vc_row][vc_row][vc_column][vc_empty_space height=&#8221;66px&#8221;][vc_column_text]\n<h2>Equipa de Arbitragem<\/h2>\n[\/vc_column_text][\/vc_column][\/vc_row][vc_row][vc_column width=&#8221;1\/3&#8243;][vc_column_text]<strong>\u00c1rbitro Principal<\/strong><\/p>\n<p>Ant\u00f3nio Nobre[\/vc_column_text][\/vc_column][vc_column width=&#8221;1\/3&#8243;][vc_column_text]<strong>\u00c1rbitros Assistentes<\/strong><\/p>\n<p>Nelson Pereira e Francisco Pereira[\/vc_column_text][\/vc_column][vc_column width=&#8221;1\/3&#8243;][vc_column_text]<strong>4\u00ba \u00c1rbitro<\/strong><\/p>\n<p>Jo\u00e3o Pinho[\/vc_column_text][\/vc_column][\/vc_row][vc_row][vc_column][vc_empty_space height=&#8221;80px&#8221;][\/vc_column][\/vc_row][vc_row][vc_column width=&#8221;1\/3&#8243;][\/vc_column][vc_column width=&#8221;1\/3&#8243;][vc_column_text]\n<h3>Boletim Cl\u00ednico &#8211; FC Famalic\u00e3o<\/h3>\n[\/vc_column_text][vc_column_text]<strong>\u00d3scar Aranda:<\/strong> Status p\u00f3s-operat\u00f3rio ao ligamento cruzado anterior do joelho direito[\/vc_column_text][\/vc_column][vc_column width=&#8221;1\/3&#8243;][\/vc_column][\/vc_row][vc_row css=&#8221;.vc_custom_1695986110941{padding-bottom: 80px !important;}&#8221;][vc_column][vc_empty_space height=&#8221;90px&#8221;][vc_column_text]\n<h2 style=\"text-align: center;\">Antevis\u00e3o<\/h2>\n[\/vc_column_text][vc_video link=&#8221;https:\/\/www.youtube.com\/watch?v=PozU8ZyixW8&#8243; title=&#8221;Antevis\u00e3o FC Famalic\u00e3o x FC Arouca&#8221;][\/vc_column][\/vc_row]\n","protected":false},"excerpt":{"rendered":"<p>[vc_row equal_height=&#8221;yes&#8221; content_placement=&#8221;middle&#8221;][vc_column width=&#8221;1\/3&#8243;][vc_empty_space height=&#8221;60px&#8221;][vc_column_text]25.\u00aa jornada Liga Portugal Betclic[\/vc_column_text][vc_column_text] Sexta-feira, 6 de mar\u00e7o, 20h15 Est\u00e1dio Municipal de Famalic\u00e3o [\/vc_column_text][vc_row_inner content_placement=&#8221;middle&#8221;][vc_column_inner width=&#8221;1\/4&#8243;][vc_single_image image=&#8221;32642&#8243;][\/vc_column_inner][vc_column_inner width=&#8221;3\/4&#8243;][vc_column_text] FC Famalic\u00e3o [\/vc_column_text][\/vc_column_inner][\/vc_row_inner][vc_row_inner content_placement=&#8221;middle&#8221;][vc_column_inner width=&#8221;1\/4&#8243;][vc_single_image image=&#8221;55713&#8243;][\/vc_column_inner][vc_column_inner width=&#8221;3\/4&#8243;][vc_column_text] FC Arouca [\/vc_column_text][\/vc_column_inner][\/vc_row_inner][vc_empty_space height=&#8221;60px&#8221;][\/vc_column][vc_column width=&#8221;2\/3&#8243; css=&#8221;.vc_custom_1772731615520{background-image: url(https:\/\/www.fcfamalicao.pt\/wp-content\/uploads\/2026\/03\/IMG_2325_Easy-Resize.com_.jpg?id=55691) !important;background-position: center !important;background-repeat: no-repeat !important;background-size: cover !important;}&#8221;][vc_empty_space height=&#8221;200px&#8221;][\/vc_column][\/vc_row][vc_row][vc_column][vc_empty_space height=&#8221;80px&#8221;][\/vc_column][\/vc_row][vc_row][vc_column width=&#8221;1\/4&#8243;][\/vc_column][vc_column width=&#8221;1\/4&#8243;][vc_column_text] FC Famalic\u00e3o&hellip;<\/p>\n","protected":false},"author":1,"featured_media":0,"parent":0,"menu_order":0,"comment_status":"closed","ping_status":"closed","template":"","meta":{"_acf_changed":false,"footnotes":""},"class_list":["post-55661","page","type-page","status-publish","hentry"],"acf":[],"yoast_head":"<!-- This site is optimized with the Yoast SEO plugin v27.1.1 - https:\/\/yoast.com\/product\/yoast-seo-wordpress\/ -->\n<title>Dia do Vila Nova - FC Famalic\u00e3o<\/title>\n<meta name=\"robots\" content=\"index, follow, max-snippet:-1, max-image-preview:large, max-video-preview:-1\" \/>\n<link rel=\"canonical\" href=\"https:\/\/www.fcfamalicao.pt\/en\/dia-do-vila-nova\/\" \/>\n<meta property=\"og:locale\" content=\"en_US\" \/>\n<meta property=\"og:type\" content=\"article\" \/>\n<meta property=\"og:title\" content=\"Dia do Vila Nova - FC Famalic\u00e3o\" \/>\n<meta property=\"og:description\" content=\"[vc_row equal_height=&#8221;yes&#8221; content_placement=&#8221;middle&#8221;][vc_column width=&#8221;1\/3&#8243;][vc_empty_space height=&#8221;60px&#8221;][vc_column_text]25.\u00aa jornada Liga Portugal Betclic[\/vc_column_text][vc_column_text] Sexta-feira, 6 de mar\u00e7o, 20h15 Est\u00e1dio Municipal de Famalic\u00e3o [\/vc_column_text][vc_row_inner content_placement=&#8221;middle&#8221;][vc_column_inner width=&#8221;1\/4&#8243;][vc_single_image image=&#8221;32642&#8243;][\/vc_column_inner][vc_column_inner width=&#8221;3\/4&#8243;][vc_column_text] FC Famalic\u00e3o [\/vc_column_text][\/vc_column_inner][\/vc_row_inner][vc_row_inner content_placement=&#8221;middle&#8221;][vc_column_inner width=&#8221;1\/4&#8243;][vc_single_image image=&#8221;55713&#8243;][\/vc_column_inner][vc_column_inner width=&#8221;3\/4&#8243;][vc_column_text] FC Arouca [\/vc_column_text][\/vc_column_inner][\/vc_row_inner][vc_empty_space height=&#8221;60px&#8221;][\/vc_column][vc_column width=&#8221;2\/3&#8243; css=&#8221;.vc_custom_1772731615520{background-image: url(https:\/\/www.fcfamalicao.pt\/wp-content\/uploads\/2026\/03\/IMG_2325_Easy-Resize.com_.jpg?id=55691) !important;background-position: center !important;background-repeat: no-repeat !important;background-size: cover !important;}&#8221;][vc_empty_space height=&#8221;200px&#8221;][\/vc_column][\/vc_row][vc_row][vc_column][vc_empty_space height=&#8221;80px&#8221;][\/vc_column][\/vc_row][vc_row][vc_column width=&#8221;1\/4&#8243;][\/vc_column][vc_column width=&#8221;1\/4&#8243;][vc_column_text] FC Famalic\u00e3o&hellip;\" \/>\n<meta property=\"og:url\" content=\"https:\/\/www.fcfamalicao.pt\/en\/dia-do-vila-nova\/\" \/>\n<meta property=\"og:site_name\" content=\"FC Famalic\u00e3o\" \/>\n<meta property=\"article:publisher\" content=\"https:\/\/www.facebook.com\/FCFamalicao\/\" \/>\n<meta property=\"article:modified_time\" content=\"2026-03-06T09:49:51+00:00\" \/>\n<meta name=\"twitter:card\" content=\"summary_large_image\" \/>\n<meta name=\"twitter:site\" content=\"@fcf1931_oficial\" \/>\n<meta name=\"twitter:label1\" content=\"Est. reading time\" \/>\n\t<meta name=\"twitter:data1\" content=\"2 minutes\" \/>\n<script type=\"application\/ld+json\" class=\"yoast-schema-graph\">{\"@context\":\"https:\/\/schema.org\",\"@graph\":[{\"@type\":\"WebPage\",\"@id\":\"https:\/\/www.fcfamalicao.pt\/en\/dia-do-vila-nova\/\",\"url\":\"https:\/\/www.fcfamalicao.pt\/en\/dia-do-vila-nova\/\",\"name\":\"Dia do Vila Nova - FC Famalic\u00e3o\",\"isPartOf\":{\"@id\":\"https:\/\/www.fcfamalicao.pt\/en\/#website\"},\"datePublished\":\"2023-09-29T09:32:56+00:00\",\"dateModified\":\"2026-03-06T09:49:51+00:00\",\"breadcrumb\":{\"@id\":\"https:\/\/www.fcfamalicao.pt\/en\/dia-do-vila-nova\/#breadcrumb\"},\"inLanguage\":\"en-US\",\"potentialAction\":[{\"@type\":\"ReadAction\",\"target\":[\"https:\/\/www.fcfamalicao.pt\/en\/dia-do-vila-nova\/\"]}]},{\"@type\":\"BreadcrumbList\",\"@id\":\"https:\/\/www.fcfamalicao.pt\/en\/dia-do-vila-nova\/#breadcrumb\",\"itemListElement\":[{\"@type\":\"ListItem\",\"position\":1,\"name\":\"Home\",\"item\":\"https:\/\/www.fcfamalicao.pt\/en\/\"},{\"@type\":\"ListItem\",\"position\":2,\"name\":\"Dia do Vila Nova\"}]},{\"@type\":\"WebSite\",\"@id\":\"https:\/\/www.fcfamalicao.pt\/en\/#website\",\"url\":\"https:\/\/www.fcfamalicao.pt\/en\/\",\"name\":\"FC Famalic\u00e3o\",\"description\":\"Site oficial do Futebol Clube Famalic\u00e3o. #AMORDEPERDI\u00c7\u00c3O\",\"publisher\":{\"@id\":\"https:\/\/www.fcfamalicao.pt\/en\/#organization\"},\"potentialAction\":[{\"@type\":\"SearchAction\",\"target\":{\"@type\":\"EntryPoint\",\"urlTemplate\":\"https:\/\/www.fcfamalicao.pt\/en\/?s={search_term_string}\"},\"query-input\":{\"@type\":\"PropertyValueSpecification\",\"valueRequired\":true,\"valueName\":\"search_term_string\"}}],\"inLanguage\":\"en-US\"},{\"@type\":\"Organization\",\"@id\":\"https:\/\/www.fcfamalicao.pt\/en\/#organization\",\"name\":\"FC Famalic\u00e3o\",\"url\":\"https:\/\/www.fcfamalicao.pt\/en\/\",\"logo\":{\"@type\":\"ImageObject\",\"inLanguage\":\"en-US\",\"@id\":\"https:\/\/www.fcfamalicao.pt\/en\/#\/schema\/logo\/image\/\",\"url\":\"https:\/\/www.fcfamalicao.pt\/wp-content\/uploads\/2018\/11\/fcf-logo.png\",\"contentUrl\":\"https:\/\/www.fcfamalicao.pt\/wp-content\/uploads\/2018\/11\/fcf-logo.png\",\"width\":150,\"height\":143,\"caption\":\"FC Famalic\u00e3o\"},\"image\":{\"@id\":\"https:\/\/www.fcfamalicao.pt\/en\/#\/schema\/logo\/image\/\"},\"sameAs\":[\"https:\/\/www.facebook.com\/FCFamalicao\/\",\"https:\/\/x.com\/fcf1931_oficial\",\"https:\/\/www.instagram.com\/futebolclubefamalicao\/\",\"https:\/\/www.youtube.com\/FCFamalicao1931\"]}]}<\/script>\n<!-- \/ Yoast SEO plugin. -->","yoast_head_json":{"title":"Dia do Vila Nova - FC Famalic\u00e3o","robots":{"index":"index","follow":"follow","max-snippet":"max-snippet:-1","max-image-preview":"max-image-preview:large","max-video-preview":"max-video-preview:-1"},"canonical":"https:\/\/www.fcfamalicao.pt\/en\/dia-do-vila-nova\/","og_locale":"en_US","og_type":"article","og_title":"Dia do Vila Nova - FC Famalic\u00e3o","og_description":"[vc_row equal_height=&#8221;yes&#8221; content_placement=&#8221;middle&#8221;][vc_column width=&#8221;1\/3&#8243;][vc_empty_space height=&#8221;60px&#8221;][vc_column_text]25.\u00aa jornada Liga Portugal Betclic[\/vc_column_text][vc_column_text] Sexta-feira, 6 de mar\u00e7o, 20h15 Est\u00e1dio Municipal de Famalic\u00e3o [\/vc_column_text][vc_row_inner content_placement=&#8221;middle&#8221;][vc_column_inner width=&#8221;1\/4&#8243;][vc_single_image image=&#8221;32642&#8243;][\/vc_column_inner][vc_column_inner width=&#8221;3\/4&#8243;][vc_column_text] FC Famalic\u00e3o [\/vc_column_text][\/vc_column_inner][\/vc_row_inner][vc_row_inner content_placement=&#8221;middle&#8221;][vc_column_inner width=&#8221;1\/4&#8243;][vc_single_image image=&#8221;55713&#8243;][\/vc_column_inner][vc_column_inner width=&#8221;3\/4&#8243;][vc_column_text] FC Arouca [\/vc_column_text][\/vc_column_inner][\/vc_row_inner][vc_empty_space height=&#8221;60px&#8221;][\/vc_column][vc_column width=&#8221;2\/3&#8243; css=&#8221;.vc_custom_1772731615520{background-image: url(https:\/\/www.fcfamalicao.pt\/wp-content\/uploads\/2026\/03\/IMG_2325_Easy-Resize.com_.jpg?id=55691) !important;background-position: center !important;background-repeat: no-repeat !important;background-size: cover !important;}&#8221;][vc_empty_space height=&#8221;200px&#8221;][\/vc_column][\/vc_row][vc_row][vc_column][vc_empty_space height=&#8221;80px&#8221;][\/vc_column][\/vc_row][vc_row][vc_column width=&#8221;1\/4&#8243;][\/vc_column][vc_column width=&#8221;1\/4&#8243;][vc_column_text] FC Famalic\u00e3o&hellip;","og_url":"https:\/\/www.fcfamalicao.pt\/en\/dia-do-vila-nova\/","og_site_name":"FC Famalic\u00e3o","article_publisher":"https:\/\/www.facebook.com\/FCFamalicao\/","article_modified_time":"2026-03-06T09:49:51+00:00","twitter_card":"summary_large_image","twitter_site":"@fcf1931_oficial","twitter_misc":{"Est. reading time":"2 minutes"},"schema":{"@context":"https:\/\/schema.org","@graph":[{"@type":"WebPage","@id":"https:\/\/www.fcfamalicao.pt\/en\/dia-do-vila-nova\/","url":"https:\/\/www.fcfamalicao.pt\/en\/dia-do-vila-nova\/","name":"Dia do Vila Nova - FC Famalic\u00e3o","isPartOf":{"@id":"https:\/\/www.fcfamalicao.pt\/en\/#website"},"datePublished":"2023-09-29T09:32:56+00:00","dateModified":"2026-03-06T09:49:51+00:00","breadcrumb":{"@id":"https:\/\/www.fcfamalicao.pt\/en\/dia-do-vila-nova\/#breadcrumb"},"inLanguage":"en-US","potentialAction":[{"@type":"ReadAction","target":["https:\/\/www.fcfamalicao.pt\/en\/dia-do-vila-nova\/"]}]},{"@type":"BreadcrumbList","@id":"https:\/\/www.fcfamalicao.pt\/en\/dia-do-vila-nova\/#breadcrumb","itemListElement":[{"@type":"ListItem","position":1,"name":"Home","item":"https:\/\/www.fcfamalicao.pt\/en\/"},{"@type":"ListItem","position":2,"name":"Dia do Vila Nova"}]},{"@type":"WebSite","@id":"https:\/\/www.fcfamalicao.pt\/en\/#website","url":"https:\/\/www.fcfamalicao.pt\/en\/","name":"FC Famalic\u00e3o","description":"Site oficial do Futebol Clube Famalic\u00e3o. #AMORDEPERDI\u00c7\u00c3O","publisher":{"@id":"https:\/\/www.fcfamalicao.pt\/en\/#organization"},"potentialAction":[{"@type":"SearchAction","target":{"@type":"EntryPoint","urlTemplate":"https:\/\/www.fcfamalicao.pt\/en\/?s={search_term_string}"},"query-input":{"@type":"PropertyValueSpecification","valueRequired":true,"valueName":"search_term_string"}}],"inLanguage":"en-US"},{"@type":"Organization","@id":"https:\/\/www.fcfamalicao.pt\/en\/#organization","name":"FC Famalic\u00e3o","url":"https:\/\/www.fcfamalicao.pt\/en\/","logo":{"@type":"ImageObject","inLanguage":"en-US","@id":"https:\/\/www.fcfamalicao.pt\/en\/#\/schema\/logo\/image\/","url":"https:\/\/www.fcfamalicao.pt\/wp-content\/uploads\/2018\/11\/fcf-logo.png","contentUrl":"https:\/\/www.fcfamalicao.pt\/wp-content\/uploads\/2018\/11\/fcf-logo.png","width":150,"height":143,"caption":"FC Famalic\u00e3o"},"image":{"@id":"https:\/\/www.fcfamalicao.pt\/en\/#\/schema\/logo\/image\/"},"sameAs":["https:\/\/www.facebook.com\/FCFamalicao\/","https:\/\/x.com\/fcf1931_oficial","https:\/\/www.instagram.com\/futebolclubefamalicao\/","https:\/\/www.youtube.com\/FCFamalicao1931"]}]}},"_links":{"self":[{"href":"https:\/\/www.fcfamalicao.pt\/en\/wp-json\/wp\/v2\/pages\/55661","targetHints":{"allow":["GET"]}}],"collection":[{"href":"https:\/\/www.fcfamalicao.pt\/en\/wp-json\/wp\/v2\/pages"}],"about":[{"href":"https:\/\/www.fcfamalicao.pt\/en\/wp-json\/wp\/v2\/types\/page"}],"author":[{"embeddable":true,"href":"https:\/\/www.fcfamalicao.pt\/en\/wp-json\/wp\/v2\/users\/1"}],"replies":[{"embeddable":true,"href":"https:\/\/www.fcfamalicao.pt\/en\/wp-json\/wp\/v2\/comments?post=55661"}],"version-history":[{"count":3,"href":"https:\/\/www.fcfamalicao.pt\/en\/wp-json\/wp\/v2\/pages\/55661\/revisions"}],"predecessor-version":[{"id":55716,"href":"https:\/\/www.fcfamalicao.pt\/en\/wp-json\/wp\/v2\/pages\/55661\/revisions\/55716"}],"wp:attachment":[{"href":"https:\/\/www.fcfamalicao.pt\/en\/wp-json\/wp\/v2\/media?parent=55661"}],"curies":[{"name":"wp","href":"https:\/\/api.w.org\/{rel}","templated":true}]}}