{"id":55678,"date":"2024-09-24T11:11:49","date_gmt":"2024-09-24T10:11:49","guid":{"rendered":"https:\/\/www.fcfamalicao.pt\/estatutos-sad\/"},"modified":"2026-03-05T16:51:11","modified_gmt":"2026-03-05T16:51:11","slug":"estatutos-sad","status":"publish","type":"page","link":"https:\/\/www.fcfamalicao.pt\/en\/instituicao\/sociedade\/estatutos-sad\/","title":{"rendered":"Estatutos"},"content":{"rendered":"<p>Documento anexo \u00e0 delibera\u00e7\u00e3o un\u00e2nime por escrito de 06\/06\/2019<\/p>\n<p style=\"text-align: center;\"><strong>ESTATUTOS DA FUTEBOL CLUBE DE FAMALIC\u00c3O-FUTEBOL SAD<\/strong><\/p>\n<p style=\"text-align: center;\"><strong>CAP\u00cdTULO I <\/strong><br \/>\n<strong>DENOMINA\u00c7\u00c3O, SEDE, OBJECTO E DURA\u00c7\u00c3<\/strong><br \/>\n<strong>ARTIGO PRIMEIRO<\/strong><\/p>\n<p>A Sociedade, que durar\u00e1 por tempo indeterminado, adota a denomina\u00e7\u00e3o &#8220;FUTEBOL CLUBE DE FAMALIC\u00c3O &#8211; FUTEBOL SAD&#8221; e resulta, nos termos do artigo 4.0 do Decreto-Lei 10\/2013, da transforma\u00e7\u00e3o da sociedade unipessoal por quotas &#8220;FUTEBOL CLUBE DE FAMALIC\u00c3O &#8211; FUTEBOL SDUQ, LDA&#8221; em sociedade an\u00f3nima desportiva, sendo que, por sua vez, a FUTEBOL CLUBE DE FAMALIC\u00c3O &#8211; FUTEBOL SDUQ, LDA resultou da personaliza\u00e7\u00e3o jur\u00eddica da equipa de futebol da associa\u00e7\u00e3o desportiva Futebol Clube de Famalic\u00e3o, clube fundador, pessoa coletiva de direito privado e agremia\u00e7\u00e3o desportiva de utilidade p\u00fablica, nos termos do artigo 3.0, al\u00ednea c) do DL 10\/2013, de 25\/01.<\/p>\n<p style=\"text-align: center;\"><strong>ARTIGO SEGUNDO<\/strong><\/p>\n<p>A Sociedade tem a sua sede social na Rua Camilo Castelo Branco, n.\u00ba 91, 3.0 Andar, 4760-127 Uni\u00e3o das Freguesias de Vila Nova de Famalic\u00e3o e Calend\u00e1rio, concelho de Vila Nova de Famalic\u00e3o, podendo as suas instala\u00e7\u00f5es desportivas e de apoio situar-se tamb\u00e9m noutros locais, a n\u00edvel nacional ou internacional.<\/p>\n<p style=\"text-align: center;\"><strong>ARTIGO TERCEIRO<\/strong><\/p>\n<p>Um &#8211; O objeto da Sociedade \u00e9 a participa\u00e7\u00e3o na modalidade de futebol, em competi\u00e7\u00f5es desportivas de car\u00e1ter profissional, a promo\u00e7\u00e3o e organiza\u00e7\u00e3o de espet\u00e1culos desportivos e o fomento ou desenvolvimento de atividades relacionadas com a pr\u00e1tica desportiva profissionalizada da referida modalidade<\/p>\n<p>Dois &#8211; A Sociedade pode adquirir participa\u00e7\u00f5es como s\u00f3cio de responsabilidade limitada em sociedades com objeto social diferente do seu, mesmo que reguladas por leis especiais, ou participar em agrupamentos complementares de empresas, agrupamentos europeus de interesse econ\u00f3mico, cons\u00f3rcios ou quaisquer outros tipos de associa\u00e7\u00e3o, tempor\u00e1ria ou permanente.<\/p>\n<p style=\"text-align: center;\"><strong>CAP\u00cdTULO II<\/strong><\/p>\n<p style=\"text-align: center;\"><strong>CAPITAL, AC\u00c7\u00d5ES E OBRIGA\u00c7\u00d5ES<\/strong><\/p>\n<p style=\"text-align: center;\"><strong>ARTIGO QUARTO<\/strong><\/p>\n<p>Um &#8211; O capital social, integralmente subscrito e realizado, \u00e9 de \u20ac1.000.000,00 (um milh\u00e3o de euros) e est\u00e1 representado por 1.000.000 (um milh\u00e3o) de a\u00e7\u00f5es, com o valor nominal de um euro cada.<\/p>\n<p>Dois &#8211; As a\u00e7\u00f5es da Sociedade dividem-se em duas categorias, &#8220;A&#8221; e &#8220;B&#8221;, sendo as a\u00e7\u00f5es da categoria &#8220;A&#8221; as subscritas ou adquiridas pela associa\u00e7\u00e3o desportiva &#8220;FUTEBOL CLUBE DE FAMALIC\u00c3O&#8221;, gozando dos privil\u00e9gios que se encontram referidos na lei aplic\u00e1vel, e as a\u00e7\u00f5es da categoria &#8220;B&#8221; as restantes.<\/p>\n<p>Tr\u00eas &#8211; As a\u00e7\u00f5es da categoria A s\u00f3 integram tal categoria enquanto na titularidade da associa\u00e7\u00e3o desportiva &#8220;FUTEBOL CLUBE DE FAMALIC\u00c3O&#8221;, convertendo-se automaticamente em a\u00e7\u00f5es da categoria B no caso de aliena\u00e7\u00e3o a terceiros, a qualquer t\u00edtulo.<\/p>\n<p style=\"text-align: center;\"><strong>ARTIGO QUINTO<\/strong><\/p>\n<p>Um &#8211; As a\u00e7\u00f5es ser\u00e3o sempre nominativas, e ser\u00e3o escriturais ou representadas por t\u00edtulos de uma, cinco, dez, cinquenta, cem, quinhentas, mil, cinco mil ou dez mil a\u00e7\u00f5es.<\/p>\n<p>Dois &#8211; Os t\u00edtulos representativos das a\u00e7\u00f5es ser\u00e3o assinados por dois administradores ainda que por chancela.<\/p>\n<p>Tr\u00eas &#8211; A Sociedade poder\u00e1 emitir obriga\u00e7\u00f5es de qualquer natureza, incluindo obriga\u00e7\u00f5es convert\u00edveis em a\u00e7\u00f5es e obriga\u00e7\u00f5es com warrants e, bem assim, efetuar sobre obriga\u00e7\u00f5es pr\u00f3prias ou outros valores mobili\u00e1rios por ela emitidos as opera\u00e7\u00f5es que forem legalmente permitidas.<\/p>\n<p style=\"text-align: center;\"><strong>CAP\u00cdTULO III<\/strong><\/p>\n<p style=\"text-align: center;\"><strong>ASSEMBLEIA GERAL<\/strong><\/p>\n<p style=\"text-align: center;\"><strong>ARTIGO SEXTO<\/strong><\/p>\n<p>Um &#8211; A assembleia Geral \u00e9 constitu\u00edda por todos os acionistas, com direito a voto.<\/p>\n<p>Dois &#8211; A cada dez a\u00e7\u00f5es corresponde um voto.<\/p>\n<p>Tr\u00eas &#8211; Os acionistas apenas podem participar na Assembleia Geral se comprovarem, pela forma ou formas legalmente admitidas, que s\u00e3o titulares de a\u00e7\u00f5es com, pelo menos, oito dias de anteced\u00eancia face \u00e0 data da realiza\u00e7\u00e3o da Assembleia e desde que mantenham essa qualidade at\u00e9 ao fim da mesma.<\/p>\n<p style=\"text-align: center;\"><strong>ARTIGO S\u00c9TIMO<\/strong><\/p>\n<p>Um &#8211; A Mesa da Assembleia Geral \u00e9 constitu\u00edda por um Presidente e um Vice\u00ad Presidente, eleitos pela Assembleia Geral de entre os acionistas ou n\u00e3o, sendo sempre permitida a sua reelei\u00e7\u00e3o.<\/p>\n<p>Dois &#8211; O Vice-Presidente substituir\u00e1 o Presidente na aus\u00eancia ou impedimento deste.<\/p>\n<p style=\"text-align: center;\"><strong>ARTIGO OITAVO<\/strong><\/p>\n<p>As delibera\u00e7\u00f5es da Assembleia Geral ser\u00e3o tomadas por maioria dos votos presentes, salvo quando a lei exigir maioria qualificada.<\/p>\n<p style=\"text-align: center;\"><strong>CAP\u00cdTULO IV<\/strong><\/p>\n<p style=\"text-align: center;\"><strong>CONSELHO DE ADMINISTRA\u00c7\u00c3O<\/strong><\/p>\n<p style=\"text-align: center;\"><strong>ARTIGO NONO<\/strong><\/p>\n<p>Um &#8211; A Sociedade \u00e9 gerida por um conselho de administra\u00e7\u00e3o, composto por tr\u00eas, cinco, sete ou nove membros, que podem ser ou n\u00e3o acionistas, eleitos em Assembleia Geral e reeleg\u00edveis uma ou mais vezes, sendo pelo menos dois obrigatoriamente executivos.<\/p>\n<p>Dois &#8211; As a\u00e7\u00f5es da categoria &#8220;A&#8221; conferem o poder de designar um dos membros do conselho de administra\u00e7\u00e3o, o qual dispor\u00e1 de direito de veto nos termos e condi\u00e7\u00f5es previsto na lei.<\/p>\n<p>Tr\u00eas &#8211; Os Administradores eleitos manter-se-\u00e3o em fun\u00e7\u00f5es at\u00e9 \u00e0 sua substitui\u00e7\u00e3o efetiva.<\/p>\n<p>Quatro &#8211; A Assembleia Geral que os eleger designar\u00e1 de entre os membros do conselho de administra\u00e7\u00e3o o respetivo Presidente.<\/p>\n<p>Cinco &#8211; O Conselho de Administra\u00e7\u00e3o poder\u00e1 ainda nomear mandat\u00e1rio ou mandat\u00e1rios para a pr\u00e1tica de determinados atos ou categoria de atos.<\/p>\n<p>Seis &#8211; As reuni\u00f5es do Conselho de Administra\u00e7\u00e3o poder\u00e3o ser realizadas com recurso a meios telem\u00e1ticos, designadamente videoconfer\u00eancia ou confer\u00eancia telef\u00f3nica, e as delibera\u00e7\u00f5es ser\u00e3o tomadas por escrito, incluindo por email ou fax.<\/p>\n<p>Sete &#8211; Nas reuni\u00f5es do Conselho de Administra\u00e7\u00e3o qualquer administrador poder\u00e1 fazer-se representar por outro administrador, mediante carta dirigida ao Presidente.<\/p>\n<p style=\"text-align: center;\"><strong>ARTIGO D\u00c9CIMO<\/strong><\/p>\n<p>Um &#8211; Ao Conselho de Administra\u00e7\u00e3o compete assegurar a gest\u00e3o da Sociedade, cabendo-lhe deliberar sobre todos os assuntos e praticar todos os atos legalmente considerados como de exerc\u00edcio de poderes de gest\u00e3o.<\/p>\n<p>Dois &#8211; O Conselho de Administra\u00e7\u00e3o poder\u00e1 delegar parte dos seus poderes em um ou v\u00e1rios Administradores Executivos.<\/p>\n<p style=\"text-align: center;\"><strong>ARTIGO D\u00c9CIMO PRIMEIRO<\/strong><\/p>\n<p>Um &#8211; A Sociedade obriga-se:<\/p>\n<ol style=\"list-style: none; counter-reset: list-counter;\" type=\"a\">\n<li style=\"counter-increment: list-counter; content: counter(list-counter, lower-alpha) ') ';\">a) Pela assinatura de dois administradores;<\/li>\n<li style=\"counter-increment: list-counter; content: counter(list-counter, lower-alpha) ') ';\">b) Pela assinatura de um administrador executivo, dentro dos limites fixados na delega\u00e7\u00e3o do Conselho de Administra\u00e7\u00e3o;<\/li>\n<li style=\"counter-increment: list-counter; content: counter(list-counter, lower-alpha) ') ';\">c) Pela assinatura de um ou mais mandat\u00e1rios, nos termos dos respetivos instrumentos de mandato.<\/li>\n<\/ol>\n<p>Dois &#8211; Os documentos de mero expediente poder\u00e3o ser assinados por um \u00fanico administrador.<\/p>\n<p style=\"text-align: center;\"><strong>ARTIGO D\u00c9CIMO SEGUNDO<\/strong><\/p>\n<p>Os membros do Conselho de Administra\u00e7\u00e3o caucionar\u00e3o ou n\u00e3o o exerc\u00edcio do s cargo conforme for deliberado pela Assembleia Geral que os designar, ou, na falta de delibera\u00e7\u00e3o, por qualquer das formas permitidas por lei e na import\u00e2ncia m\u00ednima legalmente fixada.<\/p>\n<p style=\"text-align: center;\"><strong>CAP\u00cdTULO V CONSELHO <\/strong><strong>CONSULTIVO <\/strong><\/p>\n<p style=\"text-align: center;\"><strong>ARTIGO D\u00c9CIMO TERCEIRO<\/strong><\/p>\n<p>Um &#8211; A Assembleia Geral poder\u00e1 eleger um conselho consultivo, composto por um m\u00e1ximo de vinte membros, n\u00e3o remunerados.<\/p>\n<p>Dois &#8211; O conselho consultivo n\u00e3o ter\u00e1 fun\u00e7\u00f5es org\u00e2nicas, cabendo-lhe aconselhar o conselho de administra\u00e7\u00e3o, sem car\u00e1cter vinculativo, sobre os assuntos que este \u00f3rg\u00e3o entenda submeter \u00e0 sua aprecia\u00e7\u00e3o.<\/p>\n<p style=\"text-align: center;\"><strong>CAP\u00cdTULO VI<\/strong><\/p>\n<p style=\"text-align: center;\"><strong>FISCAL \u00daNICO<\/strong><\/p>\n<p style=\"text-align: center;\"><strong>ARTIGO D\u00c9CIMO QUARTO<\/strong><\/p>\n<p>Um &#8211; A fiscaliza\u00e7\u00e3o da Sociedade ser\u00e1 exercida por um fiscal \u00fanico, que ter\u00e1 um suplente, devendo ambos ser revisores oficiais de contas ou sociedades de revisores oficiais de contas.<\/p>\n<p>Dois &#8211; As atribui\u00e7\u00f5es do Fiscal \u00danico s\u00e3o as que lhe s\u00e3o especificadas na lei.<\/p>\n<p style=\"text-align: center;\"><strong>CAP\u00cdTULO VII<\/strong><\/p>\n<p style=\"text-align: center;\"><strong>DISPOSI\u00c7\u00d5ES GERAIS<\/strong><\/p>\n<p style=\"text-align: center;\"><strong>ARTIGO D\u00c9CIMO QUINTO<\/strong><\/p>\n<p>O mandato dos membros dos \u00f3rg\u00e3os sociais durar\u00e1 tr\u00eas anos, sendo permitida a sua<br \/>\nreelei\u00e7\u00e3o por uma ou mais vezes.<\/p>\n<p style=\"text-align: center;\"><strong>ARTIGO D\u00c9CIMO SEXTO<\/strong><\/p>\n<p>O exerc\u00edcio social encerrar\u00e1 em trinta de Junho de cada ano.<\/p>\n","protected":false},"excerpt":{"rendered":"<p>Documento anexo \u00e0 delibera\u00e7\u00e3o un\u00e2nime por escrito de 06\/06\/2019 ESTATUTOS DA FUTEBOL CLUBE DE FAMALIC\u00c3O-FUTEBOL SAD CAP\u00cdTULO I DENOMINA\u00c7\u00c3O, SEDE, OBJECTO E DURA\u00c7\u00c3 ARTIGO PRIMEIRO A Sociedade, que durar\u00e1 por tempo indeterminado, adota a denomina\u00e7\u00e3o &#8220;FUTEBOL CLUBE DE FAMALIC\u00c3O &#8211; FUTEBOL SAD&#8221; e resulta, nos termos do artigo 4.0 do&hellip;<\/p>\n","protected":false},"author":1,"featured_media":923,"parent":55686,"menu_order":0,"comment_status":"closed","ping_status":"closed","template":"","meta":{"_acf_changed":false,"footnotes":""},"class_list":["post-55678","page","type-page","status-publish","has-post-thumbnail","hentry"],"acf":[],"yoast_head":"<!-- This site is optimized with the Yoast SEO plugin v27.1.1 - https:\/\/yoast.com\/product\/yoast-seo-wordpress\/ -->\n<title>Estatutos - FC Famalic\u00e3o<\/title>\n<meta name=\"robots\" content=\"index, follow, max-snippet:-1, max-image-preview:large, max-video-preview:-1\" \/>\n<link rel=\"canonical\" href=\"https:\/\/www.fcfamalicao.pt\/en\/instituicao\/sociedade\/estatutos-sad\/\" \/>\n<meta property=\"og:locale\" content=\"en_US\" \/>\n<meta property=\"og:type\" content=\"article\" \/>\n<meta property=\"og:title\" content=\"Estatutos - FC Famalic\u00e3o\" \/>\n<meta property=\"og:description\" content=\"Documento anexo \u00e0 delibera\u00e7\u00e3o un\u00e2nime por escrito de 06\/06\/2019 ESTATUTOS DA FUTEBOL CLUBE DE FAMALIC\u00c3O-FUTEBOL SAD CAP\u00cdTULO I DENOMINA\u00c7\u00c3O, SEDE, OBJECTO E DURA\u00c7\u00c3 ARTIGO PRIMEIRO A Sociedade, que durar\u00e1 por tempo indeterminado, adota a denomina\u00e7\u00e3o &#8220;FUTEBOL CLUBE DE FAMALIC\u00c3O &#8211; FUTEBOL SAD&#8221; e resulta, nos termos do artigo 4.0 do&hellip;\" \/>\n<meta property=\"og:url\" content=\"https:\/\/www.fcfamalicao.pt\/en\/instituicao\/sociedade\/estatutos-sad\/\" \/>\n<meta property=\"og:site_name\" content=\"FC Famalic\u00e3o\" \/>\n<meta property=\"article:publisher\" content=\"https:\/\/www.facebook.com\/FCFamalicao\/\" \/>\n<meta property=\"article:modified_time\" content=\"2026-03-05T16:51:11+00:00\" \/>\n<meta property=\"og:image\" content=\"https:\/\/www.fcfamalicao.pt\/wp-content\/uploads\/2018\/08\/05-Anos50-1.jpg\" \/>\n\t<meta property=\"og:image:width\" content=\"600\" \/>\n\t<meta property=\"og:image:height\" content=\"385\" \/>\n\t<meta property=\"og:image:type\" content=\"image\/jpeg\" \/>\n<meta name=\"twitter:card\" content=\"summary_large_image\" \/>\n<meta name=\"twitter:site\" content=\"@fcf1931_oficial\" \/>\n<meta name=\"twitter:label1\" content=\"Est. reading time\" \/>\n\t<meta name=\"twitter:data1\" content=\"7 minutes\" \/>\n<script type=\"application\/ld+json\" class=\"yoast-schema-graph\">{\"@context\":\"https:\/\/schema.org\",\"@graph\":[{\"@type\":\"WebPage\",\"@id\":\"https:\/\/www.fcfamalicao.pt\/en\/instituicao\/sociedade\/estatutos-sad\/\",\"url\":\"https:\/\/www.fcfamalicao.pt\/en\/instituicao\/sociedade\/estatutos-sad\/\",\"name\":\"Estatutos - FC Famalic\u00e3o\",\"isPartOf\":{\"@id\":\"https:\/\/www.fcfamalicao.pt\/en\/#website\"},\"primaryImageOfPage\":{\"@id\":\"https:\/\/www.fcfamalicao.pt\/en\/instituicao\/sociedade\/estatutos-sad\/#primaryimage\"},\"image\":{\"@id\":\"https:\/\/www.fcfamalicao.pt\/en\/instituicao\/sociedade\/estatutos-sad\/#primaryimage\"},\"thumbnailUrl\":\"https:\/\/www.fcfamalicao.pt\/wp-content\/uploads\/2018\/08\/05-Anos50-1.jpg\",\"datePublished\":\"2024-09-24T10:11:49+00:00\",\"dateModified\":\"2026-03-05T16:51:11+00:00\",\"breadcrumb\":{\"@id\":\"https:\/\/www.fcfamalicao.pt\/en\/instituicao\/sociedade\/estatutos-sad\/#breadcrumb\"},\"inLanguage\":\"en-US\",\"potentialAction\":[{\"@type\":\"ReadAction\",\"target\":[\"https:\/\/www.fcfamalicao.pt\/en\/instituicao\/sociedade\/estatutos-sad\/\"]}]},{\"@type\":\"ImageObject\",\"inLanguage\":\"en-US\",\"@id\":\"https:\/\/www.fcfamalicao.pt\/en\/instituicao\/sociedade\/estatutos-sad\/#primaryimage\",\"url\":\"https:\/\/www.fcfamalicao.pt\/wp-content\/uploads\/2018\/08\/05-Anos50-1.jpg\",\"contentUrl\":\"https:\/\/www.fcfamalicao.pt\/wp-content\/uploads\/2018\/08\/05-Anos50-1.jpg\",\"width\":600,\"height\":385},{\"@type\":\"BreadcrumbList\",\"@id\":\"https:\/\/www.fcfamalicao.pt\/en\/instituicao\/sociedade\/estatutos-sad\/#breadcrumb\",\"itemListElement\":[{\"@type\":\"ListItem\",\"position\":1,\"name\":\"Home\",\"item\":\"https:\/\/www.fcfamalicao.pt\/en\/\"},{\"@type\":\"ListItem\",\"position\":2,\"name\":\"Estatutos\"}]},{\"@type\":\"WebSite\",\"@id\":\"https:\/\/www.fcfamalicao.pt\/en\/#website\",\"url\":\"https:\/\/www.fcfamalicao.pt\/en\/\",\"name\":\"FC Famalic\u00e3o\",\"description\":\"Site oficial do Futebol Clube Famalic\u00e3o. #AMORDEPERDI\u00c7\u00c3O\",\"publisher\":{\"@id\":\"https:\/\/www.fcfamalicao.pt\/en\/#organization\"},\"potentialAction\":[{\"@type\":\"SearchAction\",\"target\":{\"@type\":\"EntryPoint\",\"urlTemplate\":\"https:\/\/www.fcfamalicao.pt\/en\/?s={search_term_string}\"},\"query-input\":{\"@type\":\"PropertyValueSpecification\",\"valueRequired\":true,\"valueName\":\"search_term_string\"}}],\"inLanguage\":\"en-US\"},{\"@type\":\"Organization\",\"@id\":\"https:\/\/www.fcfamalicao.pt\/en\/#organization\",\"name\":\"FC Famalic\u00e3o\",\"url\":\"https:\/\/www.fcfamalicao.pt\/en\/\",\"logo\":{\"@type\":\"ImageObject\",\"inLanguage\":\"en-US\",\"@id\":\"https:\/\/www.fcfamalicao.pt\/en\/#\/schema\/logo\/image\/\",\"url\":\"https:\/\/www.fcfamalicao.pt\/wp-content\/uploads\/2018\/11\/fcf-logo.png\",\"contentUrl\":\"https:\/\/www.fcfamalicao.pt\/wp-content\/uploads\/2018\/11\/fcf-logo.png\",\"width\":150,\"height\":143,\"caption\":\"FC Famalic\u00e3o\"},\"image\":{\"@id\":\"https:\/\/www.fcfamalicao.pt\/en\/#\/schema\/logo\/image\/\"},\"sameAs\":[\"https:\/\/www.facebook.com\/FCFamalicao\/\",\"https:\/\/x.com\/fcf1931_oficial\",\"https:\/\/www.instagram.com\/futebolclubefamalicao\/\",\"https:\/\/www.youtube.com\/FCFamalicao1931\"]}]}<\/script>\n<!-- \/ Yoast SEO plugin. -->","yoast_head_json":{"title":"Estatutos - FC Famalic\u00e3o","robots":{"index":"index","follow":"follow","max-snippet":"max-snippet:-1","max-image-preview":"max-image-preview:large","max-video-preview":"max-video-preview:-1"},"canonical":"https:\/\/www.fcfamalicao.pt\/en\/instituicao\/sociedade\/estatutos-sad\/","og_locale":"en_US","og_type":"article","og_title":"Estatutos - FC Famalic\u00e3o","og_description":"Documento anexo \u00e0 delibera\u00e7\u00e3o un\u00e2nime por escrito de 06\/06\/2019 ESTATUTOS DA FUTEBOL CLUBE DE FAMALIC\u00c3O-FUTEBOL SAD CAP\u00cdTULO I DENOMINA\u00c7\u00c3O, SEDE, OBJECTO E DURA\u00c7\u00c3 ARTIGO PRIMEIRO A Sociedade, que durar\u00e1 por tempo indeterminado, adota a denomina\u00e7\u00e3o &#8220;FUTEBOL CLUBE DE FAMALIC\u00c3O &#8211; FUTEBOL SAD&#8221; e resulta, nos termos do artigo 4.0 do&hellip;","og_url":"https:\/\/www.fcfamalicao.pt\/en\/instituicao\/sociedade\/estatutos-sad\/","og_site_name":"FC Famalic\u00e3o","article_publisher":"https:\/\/www.facebook.com\/FCFamalicao\/","article_modified_time":"2026-03-05T16:51:11+00:00","og_image":[{"width":600,"height":385,"url":"https:\/\/www.fcfamalicao.pt\/wp-content\/uploads\/2018\/08\/05-Anos50-1.jpg","type":"image\/jpeg"}],"twitter_card":"summary_large_image","twitter_site":"@fcf1931_oficial","twitter_misc":{"Est. reading time":"7 minutes"},"schema":{"@context":"https:\/\/schema.org","@graph":[{"@type":"WebPage","@id":"https:\/\/www.fcfamalicao.pt\/en\/instituicao\/sociedade\/estatutos-sad\/","url":"https:\/\/www.fcfamalicao.pt\/en\/instituicao\/sociedade\/estatutos-sad\/","name":"Estatutos - FC Famalic\u00e3o","isPartOf":{"@id":"https:\/\/www.fcfamalicao.pt\/en\/#website"},"primaryImageOfPage":{"@id":"https:\/\/www.fcfamalicao.pt\/en\/instituicao\/sociedade\/estatutos-sad\/#primaryimage"},"image":{"@id":"https:\/\/www.fcfamalicao.pt\/en\/instituicao\/sociedade\/estatutos-sad\/#primaryimage"},"thumbnailUrl":"https:\/\/www.fcfamalicao.pt\/wp-content\/uploads\/2018\/08\/05-Anos50-1.jpg","datePublished":"2024-09-24T10:11:49+00:00","dateModified":"2026-03-05T16:51:11+00:00","breadcrumb":{"@id":"https:\/\/www.fcfamalicao.pt\/en\/instituicao\/sociedade\/estatutos-sad\/#breadcrumb"},"inLanguage":"en-US","potentialAction":[{"@type":"ReadAction","target":["https:\/\/www.fcfamalicao.pt\/en\/instituicao\/sociedade\/estatutos-sad\/"]}]},{"@type":"ImageObject","inLanguage":"en-US","@id":"https:\/\/www.fcfamalicao.pt\/en\/instituicao\/sociedade\/estatutos-sad\/#primaryimage","url":"https:\/\/www.fcfamalicao.pt\/wp-content\/uploads\/2018\/08\/05-Anos50-1.jpg","contentUrl":"https:\/\/www.fcfamalicao.pt\/wp-content\/uploads\/2018\/08\/05-Anos50-1.jpg","width":600,"height":385},{"@type":"BreadcrumbList","@id":"https:\/\/www.fcfamalicao.pt\/en\/instituicao\/sociedade\/estatutos-sad\/#breadcrumb","itemListElement":[{"@type":"ListItem","position":1,"name":"Home","item":"https:\/\/www.fcfamalicao.pt\/en\/"},{"@type":"ListItem","position":2,"name":"Estatutos"}]},{"@type":"WebSite","@id":"https:\/\/www.fcfamalicao.pt\/en\/#website","url":"https:\/\/www.fcfamalicao.pt\/en\/","name":"FC Famalic\u00e3o","description":"Site oficial do Futebol Clube Famalic\u00e3o. #AMORDEPERDI\u00c7\u00c3O","publisher":{"@id":"https:\/\/www.fcfamalicao.pt\/en\/#organization"},"potentialAction":[{"@type":"SearchAction","target":{"@type":"EntryPoint","urlTemplate":"https:\/\/www.fcfamalicao.pt\/en\/?s={search_term_string}"},"query-input":{"@type":"PropertyValueSpecification","valueRequired":true,"valueName":"search_term_string"}}],"inLanguage":"en-US"},{"@type":"Organization","@id":"https:\/\/www.fcfamalicao.pt\/en\/#organization","name":"FC Famalic\u00e3o","url":"https:\/\/www.fcfamalicao.pt\/en\/","logo":{"@type":"ImageObject","inLanguage":"en-US","@id":"https:\/\/www.fcfamalicao.pt\/en\/#\/schema\/logo\/image\/","url":"https:\/\/www.fcfamalicao.pt\/wp-content\/uploads\/2018\/11\/fcf-logo.png","contentUrl":"https:\/\/www.fcfamalicao.pt\/wp-content\/uploads\/2018\/11\/fcf-logo.png","width":150,"height":143,"caption":"FC Famalic\u00e3o"},"image":{"@id":"https:\/\/www.fcfamalicao.pt\/en\/#\/schema\/logo\/image\/"},"sameAs":["https:\/\/www.facebook.com\/FCFamalicao\/","https:\/\/x.com\/fcf1931_oficial","https:\/\/www.instagram.com\/futebolclubefamalicao\/","https:\/\/www.youtube.com\/FCFamalicao1931"]}]}},"_links":{"self":[{"href":"https:\/\/www.fcfamalicao.pt\/en\/wp-json\/wp\/v2\/pages\/55678","targetHints":{"allow":["GET"]}}],"collection":[{"href":"https:\/\/www.fcfamalicao.pt\/en\/wp-json\/wp\/v2\/pages"}],"about":[{"href":"https:\/\/www.fcfamalicao.pt\/en\/wp-json\/wp\/v2\/types\/page"}],"author":[{"embeddable":true,"href":"https:\/\/www.fcfamalicao.pt\/en\/wp-json\/wp\/v2\/users\/1"}],"replies":[{"embeddable":true,"href":"https:\/\/www.fcfamalicao.pt\/en\/wp-json\/wp\/v2\/comments?post=55678"}],"version-history":[{"count":1,"href":"https:\/\/www.fcfamalicao.pt\/en\/wp-json\/wp\/v2\/pages\/55678\/revisions"}],"predecessor-version":[{"id":55679,"href":"https:\/\/www.fcfamalicao.pt\/en\/wp-json\/wp\/v2\/pages\/55678\/revisions\/55679"}],"up":[{"embeddable":true,"href":"https:\/\/www.fcfamalicao.pt\/en\/wp-json\/wp\/v2\/pages\/55686"}],"wp:featuredmedia":[{"embeddable":true,"href":"https:\/\/www.fcfamalicao.pt\/en\/wp-json\/wp\/v2\/media\/923"}],"wp:attachment":[{"href":"https:\/\/www.fcfamalicao.pt\/en\/wp-json\/wp\/v2\/media?parent=55678"}],"curies":[{"name":"wp","href":"https:\/\/api.w.org\/{rel}","templated":true}]}}