{"id":55680,"date":"2024-09-24T11:49:41","date_gmt":"2024-09-24T10:49:41","guid":{"rendered":"https:\/\/www.fcfamalicao.pt\/conselho-de-administracao-e-fiscalizacao\/"},"modified":"2026-03-05T16:53:06","modified_gmt":"2026-03-05T16:53:06","slug":"conselho-de-administracao-e-fiscalizacao","status":"publish","type":"page","link":"https:\/\/www.fcfamalicao.pt\/en\/instituicao\/sociedade\/governo-da-sociedade\/conselho-de-administracao-e-fiscalizacao\/","title":{"rendered":"Conselho de Administra\u00e7\u00e3o e Fiscaliza\u00e7\u00e3o"},"content":{"rendered":"<p><strong>CONSELHO DE ADMINISTRA\u00c7\u00c3O<\/strong><br \/>\nLu\u00eds Miguel Robalo Espinho Pimenta Ribeiro &#8211; Presidente<br \/>\nAmit Singh \u2013 Administrador Executivo<br \/>\nLiliana Alice da Costa Pereira \u2013 Administradora N\u00e3o Executiva<br \/>\nLu\u00eds Miguel Rebelo Ribeiro \u2013 Administrador N\u00e3o Executivo<br \/>\nAna Elisabete Fernandes da Silva Ferreira \u2013 Administradora N\u00e3o Executiva<\/p>\n<p><strong>FISCAL \u00daNICO<\/strong><br \/>\n\u201cArmando Magalh\u00e3es, Carlos Silva &amp; Associados, SROC, Lda.\u201d, SROC n\u00ba 245, representada pelo s\u00f3cio Cl\u00e1udia Rosa da Costa Oliveira, R.O.C. n\u00ba 1185<\/p>\n","protected":false},"excerpt":{"rendered":"<p>CONSELHO DE ADMINISTRA\u00c7\u00c3O Lu\u00eds Miguel Robalo Espinho Pimenta Ribeiro &#8211; Presidente Amit Singh \u2013 Administrador Executivo Liliana Alice da Costa Pereira \u2013 Administradora N\u00e3o Executiva Lu\u00eds Miguel Rebelo Ribeiro \u2013 Administrador N\u00e3o Executivo Ana Elisabete Fernandes da Silva Ferreira \u2013 Administradora N\u00e3o Executiva FISCAL \u00daNICO \u201cArmando Magalh\u00e3es, Carlos Silva &amp;&hellip;<\/p>\n","protected":false},"author":1,"featured_media":0,"parent":55684,"menu_order":0,"comment_status":"closed","ping_status":"closed","template":"","meta":{"_acf_changed":false,"footnotes":""},"class_list":["post-55680","page","type-page","status-publish","hentry"],"acf":[],"yoast_head":"<!-- This site is optimized with the Yoast SEO plugin v27.1.1 - https:\/\/yoast.com\/product\/yoast-seo-wordpress\/ -->\n<title>Conselho de Administra\u00e7\u00e3o e Fiscaliza\u00e7\u00e3o - FC Famalic\u00e3o<\/title>\n<meta name=\"robots\" content=\"index, follow, max-snippet:-1, max-image-preview:large, max-video-preview:-1\" \/>\n<link rel=\"canonical\" href=\"https:\/\/www.fcfamalicao.pt\/en\/instituicao\/sociedade\/governo-da-sociedade\/conselho-de-administracao-e-fiscalizacao\/\" \/>\n<meta property=\"og:locale\" content=\"en_US\" \/>\n<meta property=\"og:type\" content=\"article\" \/>\n<meta property=\"og:title\" content=\"Conselho de Administra\u00e7\u00e3o e Fiscaliza\u00e7\u00e3o - FC Famalic\u00e3o\" \/>\n<meta property=\"og:description\" content=\"CONSELHO DE ADMINISTRA\u00c7\u00c3O Lu\u00eds Miguel Robalo Espinho Pimenta Ribeiro &#8211; Presidente Amit Singh \u2013 Administrador Executivo Liliana Alice da Costa Pereira \u2013 Administradora N\u00e3o Executiva Lu\u00eds Miguel Rebelo Ribeiro \u2013 Administrador N\u00e3o Executivo Ana Elisabete Fernandes da Silva Ferreira \u2013 Administradora N\u00e3o Executiva FISCAL \u00daNICO \u201cArmando Magalh\u00e3es, Carlos Silva &amp;&hellip;\" \/>\n<meta property=\"og:url\" content=\"https:\/\/www.fcfamalicao.pt\/en\/instituicao\/sociedade\/governo-da-sociedade\/conselho-de-administracao-e-fiscalizacao\/\" \/>\n<meta property=\"og:site_name\" content=\"FC Famalic\u00e3o\" \/>\n<meta property=\"article:publisher\" content=\"https:\/\/www.facebook.com\/FCFamalicao\/\" \/>\n<meta property=\"article:modified_time\" content=\"2026-03-05T16:53:06+00:00\" \/>\n<meta name=\"twitter:card\" content=\"summary_large_image\" \/>\n<meta name=\"twitter:site\" content=\"@fcf1931_oficial\" \/>\n<meta name=\"twitter:label1\" content=\"Est. reading time\" \/>\n\t<meta name=\"twitter:data1\" content=\"1 minute\" \/>\n<script type=\"application\/ld+json\" class=\"yoast-schema-graph\">{\"@context\":\"https:\/\/schema.org\",\"@graph\":[{\"@type\":\"WebPage\",\"@id\":\"https:\/\/www.fcfamalicao.pt\/en\/instituicao\/sociedade\/governo-da-sociedade\/conselho-de-administracao-e-fiscalizacao\/\",\"url\":\"https:\/\/www.fcfamalicao.pt\/en\/instituicao\/sociedade\/governo-da-sociedade\/conselho-de-administracao-e-fiscalizacao\/\",\"name\":\"Conselho de Administra\u00e7\u00e3o e Fiscaliza\u00e7\u00e3o - FC Famalic\u00e3o\",\"isPartOf\":{\"@id\":\"https:\/\/www.fcfamalicao.pt\/en\/#website\"},\"datePublished\":\"2024-09-24T10:49:41+00:00\",\"dateModified\":\"2026-03-05T16:53:06+00:00\",\"breadcrumb\":{\"@id\":\"https:\/\/www.fcfamalicao.pt\/en\/instituicao\/sociedade\/governo-da-sociedade\/conselho-de-administracao-e-fiscalizacao\/#breadcrumb\"},\"inLanguage\":\"en-US\",\"potentialAction\":[{\"@type\":\"ReadAction\",\"target\":[\"https:\/\/www.fcfamalicao.pt\/en\/instituicao\/sociedade\/governo-da-sociedade\/conselho-de-administracao-e-fiscalizacao\/\"]}]},{\"@type\":\"BreadcrumbList\",\"@id\":\"https:\/\/www.fcfamalicao.pt\/en\/instituicao\/sociedade\/governo-da-sociedade\/conselho-de-administracao-e-fiscalizacao\/#breadcrumb\",\"itemListElement\":[{\"@type\":\"ListItem\",\"position\":1,\"name\":\"Home\",\"item\":\"https:\/\/www.fcfamalicao.pt\/en\/\"},{\"@type\":\"ListItem\",\"position\":2,\"name\":\"Conselho de Administra\u00e7\u00e3o e Fiscaliza\u00e7\u00e3o\"}]},{\"@type\":\"WebSite\",\"@id\":\"https:\/\/www.fcfamalicao.pt\/en\/#website\",\"url\":\"https:\/\/www.fcfamalicao.pt\/en\/\",\"name\":\"FC Famalic\u00e3o\",\"description\":\"Site oficial do Futebol Clube Famalic\u00e3o. #AMORDEPERDI\u00c7\u00c3O\",\"publisher\":{\"@id\":\"https:\/\/www.fcfamalicao.pt\/en\/#organization\"},\"potentialAction\":[{\"@type\":\"SearchAction\",\"target\":{\"@type\":\"EntryPoint\",\"urlTemplate\":\"https:\/\/www.fcfamalicao.pt\/en\/?s={search_term_string}\"},\"query-input\":{\"@type\":\"PropertyValueSpecification\",\"valueRequired\":true,\"valueName\":\"search_term_string\"}}],\"inLanguage\":\"en-US\"},{\"@type\":\"Organization\",\"@id\":\"https:\/\/www.fcfamalicao.pt\/en\/#organization\",\"name\":\"FC Famalic\u00e3o\",\"url\":\"https:\/\/www.fcfamalicao.pt\/en\/\",\"logo\":{\"@type\":\"ImageObject\",\"inLanguage\":\"en-US\",\"@id\":\"https:\/\/www.fcfamalicao.pt\/en\/#\/schema\/logo\/image\/\",\"url\":\"https:\/\/www.fcfamalicao.pt\/wp-content\/uploads\/2018\/11\/fcf-logo.png\",\"contentUrl\":\"https:\/\/www.fcfamalicao.pt\/wp-content\/uploads\/2018\/11\/fcf-logo.png\",\"width\":150,\"height\":143,\"caption\":\"FC Famalic\u00e3o\"},\"image\":{\"@id\":\"https:\/\/www.fcfamalicao.pt\/en\/#\/schema\/logo\/image\/\"},\"sameAs\":[\"https:\/\/www.facebook.com\/FCFamalicao\/\",\"https:\/\/x.com\/fcf1931_oficial\",\"https:\/\/www.instagram.com\/futebolclubefamalicao\/\",\"https:\/\/www.youtube.com\/FCFamalicao1931\"]}]}<\/script>\n<!-- \/ Yoast SEO plugin. -->","yoast_head_json":{"title":"Conselho de Administra\u00e7\u00e3o e Fiscaliza\u00e7\u00e3o - FC Famalic\u00e3o","robots":{"index":"index","follow":"follow","max-snippet":"max-snippet:-1","max-image-preview":"max-image-preview:large","max-video-preview":"max-video-preview:-1"},"canonical":"https:\/\/www.fcfamalicao.pt\/en\/instituicao\/sociedade\/governo-da-sociedade\/conselho-de-administracao-e-fiscalizacao\/","og_locale":"en_US","og_type":"article","og_title":"Conselho de Administra\u00e7\u00e3o e Fiscaliza\u00e7\u00e3o - FC Famalic\u00e3o","og_description":"CONSELHO DE ADMINISTRA\u00c7\u00c3O Lu\u00eds Miguel Robalo Espinho Pimenta Ribeiro &#8211; Presidente Amit Singh \u2013 Administrador Executivo Liliana Alice da Costa Pereira \u2013 Administradora N\u00e3o Executiva Lu\u00eds Miguel Rebelo Ribeiro \u2013 Administrador N\u00e3o Executivo Ana Elisabete Fernandes da Silva Ferreira \u2013 Administradora N\u00e3o Executiva FISCAL \u00daNICO \u201cArmando Magalh\u00e3es, Carlos Silva &amp;&hellip;","og_url":"https:\/\/www.fcfamalicao.pt\/en\/instituicao\/sociedade\/governo-da-sociedade\/conselho-de-administracao-e-fiscalizacao\/","og_site_name":"FC Famalic\u00e3o","article_publisher":"https:\/\/www.facebook.com\/FCFamalicao\/","article_modified_time":"2026-03-05T16:53:06+00:00","twitter_card":"summary_large_image","twitter_site":"@fcf1931_oficial","twitter_misc":{"Est. reading time":"1 minute"},"schema":{"@context":"https:\/\/schema.org","@graph":[{"@type":"WebPage","@id":"https:\/\/www.fcfamalicao.pt\/en\/instituicao\/sociedade\/governo-da-sociedade\/conselho-de-administracao-e-fiscalizacao\/","url":"https:\/\/www.fcfamalicao.pt\/en\/instituicao\/sociedade\/governo-da-sociedade\/conselho-de-administracao-e-fiscalizacao\/","name":"Conselho de Administra\u00e7\u00e3o e Fiscaliza\u00e7\u00e3o - FC Famalic\u00e3o","isPartOf":{"@id":"https:\/\/www.fcfamalicao.pt\/en\/#website"},"datePublished":"2024-09-24T10:49:41+00:00","dateModified":"2026-03-05T16:53:06+00:00","breadcrumb":{"@id":"https:\/\/www.fcfamalicao.pt\/en\/instituicao\/sociedade\/governo-da-sociedade\/conselho-de-administracao-e-fiscalizacao\/#breadcrumb"},"inLanguage":"en-US","potentialAction":[{"@type":"ReadAction","target":["https:\/\/www.fcfamalicao.pt\/en\/instituicao\/sociedade\/governo-da-sociedade\/conselho-de-administracao-e-fiscalizacao\/"]}]},{"@type":"BreadcrumbList","@id":"https:\/\/www.fcfamalicao.pt\/en\/instituicao\/sociedade\/governo-da-sociedade\/conselho-de-administracao-e-fiscalizacao\/#breadcrumb","itemListElement":[{"@type":"ListItem","position":1,"name":"Home","item":"https:\/\/www.fcfamalicao.pt\/en\/"},{"@type":"ListItem","position":2,"name":"Conselho de Administra\u00e7\u00e3o e Fiscaliza\u00e7\u00e3o"}]},{"@type":"WebSite","@id":"https:\/\/www.fcfamalicao.pt\/en\/#website","url":"https:\/\/www.fcfamalicao.pt\/en\/","name":"FC Famalic\u00e3o","description":"Site oficial do Futebol Clube Famalic\u00e3o. #AMORDEPERDI\u00c7\u00c3O","publisher":{"@id":"https:\/\/www.fcfamalicao.pt\/en\/#organization"},"potentialAction":[{"@type":"SearchAction","target":{"@type":"EntryPoint","urlTemplate":"https:\/\/www.fcfamalicao.pt\/en\/?s={search_term_string}"},"query-input":{"@type":"PropertyValueSpecification","valueRequired":true,"valueName":"search_term_string"}}],"inLanguage":"en-US"},{"@type":"Organization","@id":"https:\/\/www.fcfamalicao.pt\/en\/#organization","name":"FC Famalic\u00e3o","url":"https:\/\/www.fcfamalicao.pt\/en\/","logo":{"@type":"ImageObject","inLanguage":"en-US","@id":"https:\/\/www.fcfamalicao.pt\/en\/#\/schema\/logo\/image\/","url":"https:\/\/www.fcfamalicao.pt\/wp-content\/uploads\/2018\/11\/fcf-logo.png","contentUrl":"https:\/\/www.fcfamalicao.pt\/wp-content\/uploads\/2018\/11\/fcf-logo.png","width":150,"height":143,"caption":"FC Famalic\u00e3o"},"image":{"@id":"https:\/\/www.fcfamalicao.pt\/en\/#\/schema\/logo\/image\/"},"sameAs":["https:\/\/www.facebook.com\/FCFamalicao\/","https:\/\/x.com\/fcf1931_oficial","https:\/\/www.instagram.com\/futebolclubefamalicao\/","https:\/\/www.youtube.com\/FCFamalicao1931"]}]}},"_links":{"self":[{"href":"https:\/\/www.fcfamalicao.pt\/en\/wp-json\/wp\/v2\/pages\/55680","targetHints":{"allow":["GET"]}}],"collection":[{"href":"https:\/\/www.fcfamalicao.pt\/en\/wp-json\/wp\/v2\/pages"}],"about":[{"href":"https:\/\/www.fcfamalicao.pt\/en\/wp-json\/wp\/v2\/types\/page"}],"author":[{"embeddable":true,"href":"https:\/\/www.fcfamalicao.pt\/en\/wp-json\/wp\/v2\/users\/1"}],"replies":[{"embeddable":true,"href":"https:\/\/www.fcfamalicao.pt\/en\/wp-json\/wp\/v2\/comments?post=55680"}],"version-history":[{"count":1,"href":"https:\/\/www.fcfamalicao.pt\/en\/wp-json\/wp\/v2\/pages\/55680\/revisions"}],"predecessor-version":[{"id":55681,"href":"https:\/\/www.fcfamalicao.pt\/en\/wp-json\/wp\/v2\/pages\/55680\/revisions\/55681"}],"up":[{"embeddable":true,"href":"https:\/\/www.fcfamalicao.pt\/en\/wp-json\/wp\/v2\/pages\/55684"}],"wp:attachment":[{"href":"https:\/\/www.fcfamalicao.pt\/en\/wp-json\/wp\/v2\/media?parent=55680"}],"curies":[{"name":"wp","href":"https:\/\/api.w.org\/{rel}","templated":true}]}}